{"id":43232,"date":"2023-09-20T13:05:26","date_gmt":"2023-09-20T11:05:26","guid":{"rendered":"https:\/\/proramillenote.it\/prodotto\/quaderno-a5-con-spirale-copertina-ppl-fustellata\/"},"modified":"2025-11-20T12:56:14","modified_gmt":"2025-11-20T11:56:14","slug":"cahier-a-spirale-a5-et-couverture-ppl-decoupee-sku-018","status":"publish","type":"product","link":"https:\/\/proramillenote.it\/fr\/cahier-a-spirale-a5-et-couverture-ppl-decoupee-sku-018\/","title":{"rendered":"Cahier \u00e0 spirale A5 et couverture PPL d\u00e9coup\u00e9e"},"content":{"rendered":"<p><strong>Cahier \u00e0 spirale A5 et couverture PPL d\u00e9coup\u00e9e<\/strong><br \/>\nSi vous recherchez un gadget \u00e9conomique, efficace et durable pour les m\u00e9decins, notre cahier spiral A5 avec une couverture en PPL d\u00e9coup\u00e9e pourrait \u00eatre une excellente option, en particulier si vous souhaitez communiquer une nouvelle formulation, un dosage diff\u00e9rent ou un principe actif de vos m\u00e9dicaments. La couverture r\u00e9sistante en polypropyl\u00e8ne peut \u00eatre d\u00e9coup\u00e9e avec un trou traversant pour mettre en valeur une personnalisation qui souligne le message imprim\u00e9 sur la page de garde sous-jacente. De plus, les pages peuvent \u00eatre imprim\u00e9es sur leur pourtour avec diff\u00e9rentes couleurs pour distinguer et faciliter la m\u00e9morisation des diff\u00e9rentes formulations de m\u00e9dicaments disponibles ou des diff\u00e9rentes capacit\u00e9s des contenants. La reliure spirale pratique est une raison suppl\u00e9mentaire de choisir ce cahier comme gadget pour les m\u00e9decins ou les v\u00e9t\u00e9rinaires.<\/p>\n<p><strong>Caract\u00e9ristiques:<\/strong><br \/>\nLa couverture et le sous-bloc sont fabriqu\u00e9s en PPL blanc ou transparent d&rsquo;une \u00e9paisseur de 0,75 mm, ce mat\u00e9riau est recyclable.<br \/>\nLa garde et la derni\u00e8re feuille sont en carton brillant blanc de 250g, et des options recycl\u00e9es sont \u00e9galement disponibles.<br \/>\nCe cahier est compos\u00e9 de 99 feuilles de papier blanc ou recycl\u00e9 de 80 g.<br \/>\nIl est reli\u00e9 par une spirale.<\/p>\n<p><strong>Format:<\/strong><br \/>\nLa couverture est au format A5, mesurant 150 x 210 mm avec des angles droits.<br \/>\n\u00c0 l&rsquo;int\u00e9rieur, vous trouverez des feuilles au format A4, mesurant \u00e9galement 150 x 210 mm, totalisant 99 feuilles avec une \u00e9paisseur de 10 mm.<br \/>\nDe plus, nous proposons ce cahier aux formats A6 ou A4.<\/p>\n<ul>\n<li id=\"wp-admin-bar-w3tc_flush_all\"><a class=\"ab-item\" href=\"https:\/\/proramillenote.it\/wp-admin\/admin.php?page=w3tc_dashboard&amp;w3tc_flush_all&amp;_wpnonce=ae7de8369f\">Purge All Caches<\/a><\/li>\n<\/ul>\n<p><strong>Personnalisation<\/strong>:<br \/>\nVous pouvez personnaliser la couverture et le sous-bloc en PPL avec une impression num\u00e9rique quadrichromie ou s\u00e9rigraphie de 1 \u00e0 4 couleurs de ligne.<br \/>\nLa garde et la derni\u00e8re feuille peuvent \u00eatre personnalis\u00e9es gr\u00e2ce \u00e0 une impression num\u00e9rique quadrichromie ou offset.<br \/>\nLes feuilles peuvent \u00eatre imprim\u00e9es en offset, disponibles en blanc ou avec un ou plusieurs sujets\/couleurs. 33 feuilles par sujet\/couleur.<br \/>\nLa spirale est nickel\u00e9e, blanche, ou disponible dans l&rsquo;une des couleurs standards de l&rsquo;usine.<\/p>\n<h6>Quantit\u00e9 minimum 500 pi\u00e8ces<\/h6>\n<p>Vous recherchez un carnet \u00e9cologique? Regarde \u00e7a <a href=\"https:\/\/proramillenote.it\/fr\/quaderno-spirale-carta-ecologica-stampa-logo-sku033\/\">Cahier ecologique avec spirale SKU 033<\/a><\/p>\n","protected":false},"excerpt":{"rendered":"<p>Carnet \u00e0 spirale A5, Cahier \u00e0 spirale A5 et couverture PPL d\u00e9coup\u00e9e, gadget pour m\u00e9decins. Couverture r\u00e9sistante en PPL, personnalis\u00e9e avec impression logo, 99 feuilles, formats disponibles A4-A5-A6, minimum 500 pi\u00e8ces<\/p>\n","protected":false},"featured_media":43207,"template":"","meta":[],"product_brand":[5138],"product_cat":[671,692,668,5270,5235,673],"product_tag":[],"class_list":{"0":"post-43232","1":"product","2":"type-product","3":"status-publish","4":"has-post-thumbnail","6":"product_brand-fabricant-proramillenote","7":"product_cat-bloc-notes-personnalise-avec-spirale","8":"product_cat-bureau-du-medecin-gadget-personnalise","9":"product_cat-blocs-notes-personnalises","10":"product_cat-cela-coute-plus-de-2-euros","11":"product_cat-livraison-en-4-semaines","12":"product_cat-gadget-publicitaire-personnalise-pharma-veterinaire-medecin-producteur-revendeur-subcat-fr","13":"pa_stampa-copertina-numero-col-couverture-impression-numerique-fr","14":"pa_stampa-copertina-numero-col-couverture-impression-4-couleurs","15":"pa_stampa-copertina-numero-col-couverture-impression-1-couleur-fr","16":"pa_stampa-copertina-numero-col-couverture-impression-2-couleurs-fr","17":"pa_stampa-copertina-numero-col-couverture-impression-3-couleurs-fr","19":"first","20":"instock","21":"shipping-taxable","22":"purchasable","23":"product-type-variable","24":"has-default-attributes"},"yoast_head":"<!-- This site is optimized with the Yoast SEO Premium plugin v27.3 (Yoast SEO v27.3) - https:\/\/yoast.com\/product\/yoast-seo-premium-wordpress\/ -->\n<title>Cahier \u00e0 spirale A5 et couverture PPL d\u00e9coup\u00e9e |<\/title>\n<meta name=\"description\" content=\"Carnet \u00e0 spirale A5 et couverture PPL d\u00e9coup\u00e9e, gadget pour m\u00e9decins. Couverture PPL, personnalis\u00e9e avec impression logo, 99 feuilles, formats A4-A5-A6, min 500\" \/>\n<meta name=\"robots\" content=\"index, follow, max-snippet:-1, max-image-preview:large, max-video-preview:-1\" \/>\n<link rel=\"canonical\" href=\"https:\/\/proramillenote.it\/fr\/cahier-a-spirale-a5-et-couverture-ppl-decoupee-sku-018\/\" \/>\n<meta property=\"og:locale\" content=\"fr_FR\" \/>\n<meta property=\"og:type\" content=\"article\" \/>\n<meta property=\"og:title\" content=\"Cahier \u00e0 spirale A5 et couverture PPL d\u00e9coup\u00e9e |\" \/>\n<meta property=\"og:description\" content=\"Carnet \u00e0 spirale A5 et couverture PPL d\u00e9coup\u00e9e, gadget pour m\u00e9decins. Couverture PPL, personnalis\u00e9e avec impression logo, 99 feuilles, formats A4-A5-A6, min 500\" \/>\n<meta property=\"og:url\" content=\"https:\/\/proramillenote.it\/fr\/cahier-a-spirale-a5-et-couverture-ppl-decoupee-sku-018\/\" \/>\n<meta property=\"og:site_name\" content=\"Gadgets d\u2019entreprise et post-it personnalis\u00e9s\" \/>\n<meta property=\"article:modified_time\" content=\"2025-11-20T11:56:14+00:00\" \/>\n<meta property=\"og:image\" content=\"https:\/\/proramillenote.it\/wp-content\/uploads\/Blocco_Chepen1.webp?wsr\" \/>\n\t<meta property=\"og:image:width\" content=\"600\" \/>\n\t<meta property=\"og:image:height\" content=\"600\" \/>\n\t<meta property=\"og:image:type\" content=\"image\/webp\" \/>\n<meta name=\"twitter:card\" content=\"summary_large_image\" \/>\n<meta name=\"twitter:image\" content=\"https:\/\/proramillenote.it\/wp-content\/uploads\/pittogramma-proramillenote-favicon.png?wsr\" \/>\n<script type=\"application\/ld+json\" class=\"yoast-schema-graph\">{\"@context\":\"https:\\\/\\\/schema.org\",\"@graph\":[{\"@type\":\"WebPage\",\"@id\":\"https:\\\/\\\/proramillenote.it\\\/fr\\\/cahier-a-spirale-a5-et-couverture-ppl-decoupee-sku-018\\\/\",\"url\":\"https:\\\/\\\/proramillenote.it\\\/fr\\\/cahier-a-spirale-a5-et-couverture-ppl-decoupee-sku-018\\\/\",\"name\":\"Cahier \u00e0 spirale A5 et couverture PPL d\u00e9coup\u00e9e |\",\"isPartOf\":{\"@id\":\"https:\\\/\\\/proramillenote.it\\\/fr\\\/#website\"},\"primaryImageOfPage\":{\"@id\":\"https:\\\/\\\/proramillenote.it\\\/fr\\\/cahier-a-spirale-a5-et-couverture-ppl-decoupee-sku-018\\\/#primaryimage\"},\"image\":{\"@id\":\"https:\\\/\\\/proramillenote.it\\\/fr\\\/cahier-a-spirale-a5-et-couverture-ppl-decoupee-sku-018\\\/#primaryimage\"},\"thumbnailUrl\":\"https:\\\/\\\/proramillenote.it\\\/wp-content\\\/uploads\\\/Blocco_Chepen1.webp?wsr\",\"datePublished\":\"2023-09-20T11:05:26+00:00\",\"dateModified\":\"2025-11-20T11:56:14+00:00\",\"description\":\"Carnet \u00e0 spirale A5 et couverture PPL d\u00e9coup\u00e9e, gadget pour m\u00e9decins. Couverture PPL, personnalis\u00e9e avec impression logo, 99 feuilles, formats A4-A5-A6, min 500\",\"breadcrumb\":{\"@id\":\"https:\\\/\\\/proramillenote.it\\\/fr\\\/cahier-a-spirale-a5-et-couverture-ppl-decoupee-sku-018\\\/#breadcrumb\"},\"inLanguage\":\"fr-FR\",\"potentialAction\":[{\"@type\":\"ReadAction\",\"target\":[\"https:\\\/\\\/proramillenote.it\\\/fr\\\/cahier-a-spirale-a5-et-couverture-ppl-decoupee-sku-018\\\/\"]}]},{\"@type\":\"ImageObject\",\"inLanguage\":\"fr-FR\",\"@id\":\"https:\\\/\\\/proramillenote.it\\\/fr\\\/cahier-a-spirale-a5-et-couverture-ppl-decoupee-sku-018\\\/#primaryimage\",\"url\":\"https:\\\/\\\/proramillenote.it\\\/wp-content\\\/uploads\\\/Blocco_Chepen1.webp?wsr\",\"contentUrl\":\"https:\\\/\\\/proramillenote.it\\\/wp-content\\\/uploads\\\/Blocco_Chepen1.webp?wsr\",\"width\":600,\"height\":600,\"caption\":\"Cahier \u00e0 spirale A5 et couverture PPL d\u00e9coup\u00e9e\"},{\"@type\":\"BreadcrumbList\",\"@id\":\"https:\\\/\\\/proramillenote.it\\\/fr\\\/cahier-a-spirale-a5-et-couverture-ppl-decoupee-sku-018\\\/#breadcrumb\",\"itemListElement\":[{\"@type\":\"ListItem\",\"position\":1,\"name\":\"Proramillenote\",\"item\":\"https:\\\/\\\/proramillenote.it\\\/fr\\\/\"},{\"@type\":\"ListItem\",\"position\":2,\"name\":\"Cahier \u00e0 spirale A5 et couverture PPL d\u00e9coup\u00e9e\"}]},{\"@type\":\"WebSite\",\"@id\":\"https:\\\/\\\/proramillenote.it\\\/fr\\\/#website\",\"url\":\"https:\\\/\\\/proramillenote.it\\\/fr\\\/\",\"name\":\"Proramillenote gadget aziendali e post-it personalizzati\",\"description\":\"Post-it personalizzati, block notes con logo e gadget aziendali per il marketing B2B. Specialisti in gadget promozionali per medici e aziende farmaceutiche.\",\"publisher\":{\"@id\":\"https:\\\/\\\/proramillenote.it\\\/fr\\\/#organization\"},\"alternateName\":\"Proramillenote\",\"potentialAction\":[{\"@type\":\"SearchAction\",\"target\":{\"@type\":\"EntryPoint\",\"urlTemplate\":\"https:\\\/\\\/proramillenote.it\\\/fr\\\/?s={search_term_string}\"},\"query-input\":{\"@type\":\"PropertyValueSpecification\",\"valueRequired\":true,\"valueName\":\"search_term_string\"}}],\"inLanguage\":\"fr-FR\"},{\"@type\":\"Organization\",\"@id\":\"https:\\\/\\\/proramillenote.it\\\/fr\\\/#organization\",\"name\":\"Proramillenote gadgets d\u2019entreprise et post-it personnalis\u00e9s\",\"alternateName\":\"Proramillenote\",\"url\":\"https:\\\/\\\/proramillenote.it\\\/fr\\\/\",\"logo\":{\"@type\":\"ImageObject\",\"inLanguage\":\"fr-FR\",\"@id\":\"https:\\\/\\\/proramillenote.it\\\/fr\\\/#\\\/schema\\\/logo\\\/image\\\/\",\"url\":\"https:\\\/\\\/proramillenote.it\\\/wp-content\\\/uploads\\\/papercube800.png?wsr\",\"contentUrl\":\"https:\\\/\\\/proramillenote.it\\\/wp-content\\\/uploads\\\/papercube800.png?wsr\",\"width\":800,\"height\":800,\"caption\":\"Proramillenote gadgets d\u2019entreprise et post-it personnalis\u00e9s\"},\"image\":{\"@id\":\"https:\\\/\\\/proramillenote.it\\\/fr\\\/#\\\/schema\\\/logo\\\/image\\\/\"},\"description\":\"\u2022 Specialista in produzione e commercio di gadget per medici e gadget per veterinari personalizzati. \u2022 Produzione di gadget aziendali per qualsiasi settore merceologico dal 1975. \u2022 Produttore di post-it personalizzati, post-it sagomati e cubi di carta personalizzati in stampa digitale oppure offset. Produttore di block-notes con logo. \u2022 Con cartotecnica creativa progettiamo KIT di post-it su misura, Made in Italy e di design italiano, insigniti del prestigioso premio europeo PGA Promotional Gift Award. \u2022 Concorso #Ossoduro \\\"Design di brand reminder da scrivania innovativi\\\" concepito per incoraggiare la creativit\u00e0 degli studenti di scuole secondarie di design e grafica. Annuale - Ed.7\u00b0 2024-2025. \u2022 Proramillenote \u00e8 produttore accreditato EUDAMED per la fornitura di DMClasse I \u2022 Proramillenote \u00e8 certificata FSC\u00ae Chain of custody.\",\"email\":\"customercare@proramillenote.it\",\"telephone\":\"+39 039616593\",\"legalName\":\"Proramillenote Srl\",\"foundingDate\":\"1972-01-01\",\"vatID\":\"10323920966\",\"taxID\":\"10323920966\",\"numberOfEmployees\":{\"@type\":\"QuantitativeValue\",\"minValue\":\"11\",\"maxValue\":\"50\"},\"publishingPrinciples\":\"https:\\\/\\\/proramillenote.it\\\/politica-su-etica\\\/\",\"ownershipFundingInfo\":\"https:\\\/\\\/proramillenote.it\\\/politica-su-etica\\\/\",\"actionableFeedbackPolicy\":\"https:\\\/\\\/proramillenote.it\\\/politica-su-etica\\\/\",\"correctionsPolicy\":\"https:\\\/\\\/proramillenote.it\\\/politica-su-etica\\\/\",\"ethicsPolicy\":\"https:\\\/\\\/proramillenote.it\\\/politica-su-etica\\\/\",\"diversityPolicy\":\"https:\\\/\\\/proramillenote.it\\\/politica-su-etica\\\/\",\"diversityStaffingReport\":\"https:\\\/\\\/proramillenote.it\\\/politica-su-etica\\\/\"}]}<\/script>\n<meta property=\"product:brand\" content=\"Fabricant Proramillenote\" \/>\n<meta property=\"og:availability\" content=\"instock\" \/>\n<meta property=\"product:availability\" content=\"instock\" \/>\n<meta property=\"product:retailer_item_id\" content=\"018\" \/>\n<meta property=\"product:condition\" content=\"new\" \/>\n<!-- \/ Yoast SEO Premium plugin. -->","yoast_head_json":{"title":"Cahier \u00e0 spirale A5 et couverture PPL d\u00e9coup\u00e9e |","description":"Carnet \u00e0 spirale A5 et couverture PPL d\u00e9coup\u00e9e, gadget pour m\u00e9decins. Couverture PPL, personnalis\u00e9e avec impression logo, 99 feuilles, formats A4-A5-A6, min 500","robots":{"index":"index","follow":"follow","max-snippet":"max-snippet:-1","max-image-preview":"max-image-preview:large","max-video-preview":"max-video-preview:-1"},"canonical":"https:\/\/proramillenote.it\/fr\/cahier-a-spirale-a5-et-couverture-ppl-decoupee-sku-018\/","og_locale":"fr_FR","og_type":"article","og_title":"Cahier \u00e0 spirale A5 et couverture PPL d\u00e9coup\u00e9e |","og_description":"Carnet \u00e0 spirale A5 et couverture PPL d\u00e9coup\u00e9e, gadget pour m\u00e9decins. Couverture PPL, personnalis\u00e9e avec impression logo, 99 feuilles, formats A4-A5-A6, min 500","og_url":"https:\/\/proramillenote.it\/fr\/cahier-a-spirale-a5-et-couverture-ppl-decoupee-sku-018\/","og_site_name":"Gadgets d\u2019entreprise et post-it personnalis\u00e9s","article_modified_time":"2025-11-20T11:56:14+00:00","og_image":[{"width":600,"height":600,"url":"https:\/\/proramillenote.it\/wp-content\/uploads\/Blocco_Chepen1.webp?wsr","type":"image\/webp"}],"twitter_card":"summary_large_image","twitter_image":"https:\/\/proramillenote.it\/wp-content\/uploads\/pittogramma-proramillenote-favicon.png?wsr","schema":{"@context":"https:\/\/schema.org","@graph":[{"@type":"WebPage","@id":"https:\/\/proramillenote.it\/fr\/cahier-a-spirale-a5-et-couverture-ppl-decoupee-sku-018\/","url":"https:\/\/proramillenote.it\/fr\/cahier-a-spirale-a5-et-couverture-ppl-decoupee-sku-018\/","name":"Cahier \u00e0 spirale A5 et couverture PPL d\u00e9coup\u00e9e |","isPartOf":{"@id":"https:\/\/proramillenote.it\/fr\/#website"},"primaryImageOfPage":{"@id":"https:\/\/proramillenote.it\/fr\/cahier-a-spirale-a5-et-couverture-ppl-decoupee-sku-018\/#primaryimage"},"image":{"@id":"https:\/\/proramillenote.it\/fr\/cahier-a-spirale-a5-et-couverture-ppl-decoupee-sku-018\/#primaryimage"},"thumbnailUrl":"https:\/\/proramillenote.it\/wp-content\/uploads\/Blocco_Chepen1.webp?wsr","datePublished":"2023-09-20T11:05:26+00:00","dateModified":"2025-11-20T11:56:14+00:00","description":"Carnet \u00e0 spirale A5 et couverture PPL d\u00e9coup\u00e9e, gadget pour m\u00e9decins. Couverture PPL, personnalis\u00e9e avec impression logo, 99 feuilles, formats A4-A5-A6, min 500","breadcrumb":{"@id":"https:\/\/proramillenote.it\/fr\/cahier-a-spirale-a5-et-couverture-ppl-decoupee-sku-018\/#breadcrumb"},"inLanguage":"fr-FR","potentialAction":[{"@type":"ReadAction","target":["https:\/\/proramillenote.it\/fr\/cahier-a-spirale-a5-et-couverture-ppl-decoupee-sku-018\/"]}]},{"@type":"ImageObject","inLanguage":"fr-FR","@id":"https:\/\/proramillenote.it\/fr\/cahier-a-spirale-a5-et-couverture-ppl-decoupee-sku-018\/#primaryimage","url":"https:\/\/proramillenote.it\/wp-content\/uploads\/Blocco_Chepen1.webp?wsr","contentUrl":"https:\/\/proramillenote.it\/wp-content\/uploads\/Blocco_Chepen1.webp?wsr","width":600,"height":600,"caption":"Cahier \u00e0 spirale A5 et couverture PPL d\u00e9coup\u00e9e"},{"@type":"BreadcrumbList","@id":"https:\/\/proramillenote.it\/fr\/cahier-a-spirale-a5-et-couverture-ppl-decoupee-sku-018\/#breadcrumb","itemListElement":[{"@type":"ListItem","position":1,"name":"Proramillenote","item":"https:\/\/proramillenote.it\/fr\/"},{"@type":"ListItem","position":2,"name":"Cahier \u00e0 spirale A5 et couverture PPL d\u00e9coup\u00e9e"}]},{"@type":"WebSite","@id":"https:\/\/proramillenote.it\/fr\/#website","url":"https:\/\/proramillenote.it\/fr\/","name":"Proramillenote gadget aziendali e post-it personalizzati","description":"Post-it personalizzati, block notes con logo e gadget aziendali per il marketing B2B. Specialisti in gadget promozionali per medici e aziende farmaceutiche.","publisher":{"@id":"https:\/\/proramillenote.it\/fr\/#organization"},"alternateName":"Proramillenote","potentialAction":[{"@type":"SearchAction","target":{"@type":"EntryPoint","urlTemplate":"https:\/\/proramillenote.it\/fr\/?s={search_term_string}"},"query-input":{"@type":"PropertyValueSpecification","valueRequired":true,"valueName":"search_term_string"}}],"inLanguage":"fr-FR"},{"@type":"Organization","@id":"https:\/\/proramillenote.it\/fr\/#organization","name":"Proramillenote gadgets d\u2019entreprise et post-it personnalis\u00e9s","alternateName":"Proramillenote","url":"https:\/\/proramillenote.it\/fr\/","logo":{"@type":"ImageObject","inLanguage":"fr-FR","@id":"https:\/\/proramillenote.it\/fr\/#\/schema\/logo\/image\/","url":"https:\/\/proramillenote.it\/wp-content\/uploads\/papercube800.png?wsr","contentUrl":"https:\/\/proramillenote.it\/wp-content\/uploads\/papercube800.png?wsr","width":800,"height":800,"caption":"Proramillenote gadgets d\u2019entreprise et post-it personnalis\u00e9s"},"image":{"@id":"https:\/\/proramillenote.it\/fr\/#\/schema\/logo\/image\/"},"description":"\u2022 Specialista in produzione e commercio di gadget per medici e gadget per veterinari personalizzati. \u2022 Produzione di gadget aziendali per qualsiasi settore merceologico dal 1975. \u2022 Produttore di post-it personalizzati, post-it sagomati e cubi di carta personalizzati in stampa digitale oppure offset. Produttore di block-notes con logo. \u2022 Con cartotecnica creativa progettiamo KIT di post-it su misura, Made in Italy e di design italiano, insigniti del prestigioso premio europeo PGA Promotional Gift Award. \u2022 Concorso #Ossoduro \"Design di brand reminder da scrivania innovativi\" concepito per incoraggiare la creativit\u00e0 degli studenti di scuole secondarie di design e grafica. Annuale - Ed.7\u00b0 2024-2025. \u2022 Proramillenote \u00e8 produttore accreditato EUDAMED per la fornitura di DMClasse I \u2022 Proramillenote \u00e8 certificata FSC\u00ae Chain of custody.","email":"customercare@proramillenote.it","telephone":"+39 039616593","legalName":"Proramillenote Srl","foundingDate":"1972-01-01","vatID":"10323920966","taxID":"10323920966","numberOfEmployees":{"@type":"QuantitativeValue","minValue":"11","maxValue":"50"},"publishingPrinciples":"https:\/\/proramillenote.it\/politica-su-etica\/","ownershipFundingInfo":"https:\/\/proramillenote.it\/politica-su-etica\/","actionableFeedbackPolicy":"https:\/\/proramillenote.it\/politica-su-etica\/","correctionsPolicy":"https:\/\/proramillenote.it\/politica-su-etica\/","ethicsPolicy":"https:\/\/proramillenote.it\/politica-su-etica\/","diversityPolicy":"https:\/\/proramillenote.it\/politica-su-etica\/","diversityStaffingReport":"https:\/\/proramillenote.it\/politica-su-etica\/"}]},"product_brand":"Fabricant Proramillenote","og_availability":"instock","product_availability":"instock","product_retailer_item_id":"018","product_condition":"new"},"_links":{"self":[{"href":"https:\/\/proramillenote.it\/fr\/wp-json\/wp\/v2\/product\/43232","targetHints":{"allow":["GET"]}}],"collection":[{"href":"https:\/\/proramillenote.it\/fr\/wp-json\/wp\/v2\/product"}],"about":[{"href":"https:\/\/proramillenote.it\/fr\/wp-json\/wp\/v2\/types\/product"}],"version-history":[{"count":0,"href":"https:\/\/proramillenote.it\/fr\/wp-json\/wp\/v2\/product\/43232\/revisions"}],"wp:featuredmedia":[{"embeddable":true,"href":"https:\/\/proramillenote.it\/fr\/wp-json\/wp\/v2\/media\/43207"}],"wp:attachment":[{"href":"https:\/\/proramillenote.it\/fr\/wp-json\/wp\/v2\/media?parent=43232"}],"wp:term":[{"taxonomy":"product_brand","embeddable":true,"href":"https:\/\/proramillenote.it\/fr\/wp-json\/wp\/v2\/product_brand?post=43232"},{"taxonomy":"product_cat","embeddable":true,"href":"https:\/\/proramillenote.it\/fr\/wp-json\/wp\/v2\/product_cat?post=43232"},{"taxonomy":"product_tag","embeddable":true,"href":"https:\/\/proramillenote.it\/fr\/wp-json\/wp\/v2\/product_tag?post=43232"}],"curies":[{"name":"wp","href":"https:\/\/api.w.org\/{rel}","templated":true}]}}