{"id":43433,"date":"2025-11-21T15:00:49","date_gmt":"2025-11-21T14:00:49","guid":{"rendered":"https:\/\/proramillenote.it\/?post_type=product&#038;p=43433"},"modified":"2025-11-20T12:56:14","modified_gmt":"2025-11-20T11:56:14","slug":"post-it-avec-des-autocollants-pediatriques-sku-036","status":"publish","type":"product","link":"https:\/\/proramillenote.it\/fr\/post-it-avec-des-autocollants-pediatriques-sku-036\/","title":{"rendered":"Post-it avec des autocollants p\u00e9diatriques"},"content":{"rendered":"<h2>Post-it avec des autocollants p\u00e9diatriques<\/h2>\n<p>Les Post-it avec autocollants p\u00e9diatriques sont un gadget pharmaceutique compos\u00e9 d&rsquo;autocollants p\u00e9diatriques amovibles en forme de m\u00e9daille, color\u00e9s et amusants. Ils repr\u00e9sentent le cadeau d&rsquo;entreprise id\u00e9al \u00e0 offrir aux jeunes patients dans un cabinet m\u00e9dical. Personnalis\u00e9s en quadrichromie avec des motifs originaux, con\u00e7us sur mesure, ils peuvent \u00eatre assortis d&rsquo;un message de r\u00e9compense ou de courtoisie.<\/p>\n<p>Ils sont fabriqu\u00e9s en papier adh\u00e9sif amovible qui ne laisse aucune trace une fois retir\u00e9. D\u00e8s aujourd&rsquo;hui, les autocollants m\u00e9dailles p\u00e9diatriques personnalis\u00e9s sont \u00e9galement accompagn\u00e9s d&rsquo;un Post-it utile au p\u00e9diatre pour prendre des notes. Il s&rsquo;agit d&rsquo;un gadget destin\u00e9 aux p\u00e9diatres avec une couverture en carton offrant une grande surface de personnalisation pour la publicit\u00e9<\/p>\n<p><img fetchpriority=\"high\" decoding=\"async\" class=\"alignnone wp-image-43444 size-medium\" title=\" post-it avec autocollants p\u00e9diatrique omega pharma miopex\" src=\"https:\/\/proramillenote.it\/wp-content\/uploads\/\/Adesivi-pediatrici-post-it-omega-pharma-miopex-300x300.webp\" alt=\"autocollants p\u00e9diatrique avec post-it omega pharma miopex\" width=\"300\" height=\"300\" \/><\/p>\n<p><strong>Etui carton avec 2 blocs d&rsquo;autocollants medaille<\/strong><\/p>\n<ul>\n<li><strong>Possibilit\u00e9 d&rsquo;alterner les sujets des autocollants selon le sch\u00e9ma A, B, C, A, B, C, A&#8230;<\/strong><\/li>\n<li>Ensemble de feuilles de 30 autocollants d\u00e9coup\u00e9s en forme de m\u00e9daille d&rsquo;un diam\u00e8tre de 65 mm.<\/li>\n<li>Bloc de 50 feuilles de papier jaune, blanc ou recycl\u00e9 au format 69&#215;69 mm pour les Post-it.<\/li>\n<li>Couverture en carton blanc double face de 305 g\/m\u00b2, au format 143x73x7 mm.<\/li>\n<\/ul>\n<p><strong>Personnalisation<\/strong>:<\/p>\n<ul>\n<li>Impression en offset ou num\u00e9rique en quadrichromie sur la couverture.<\/li>\n<li>Possibilit\u00e9 de plastification de la couverture en finition brillante ou mate.<\/li>\n<li>Impression num\u00e9rique sur les autocollants avec de nombreux designs adapt\u00e9s aux enfants disponibles.<\/li>\n<li>Ensemble de planches d&rsquo;autocollants avec un seul motif ou avec des motifs altern\u00e9s A-B-C-A-B-C\u2026<\/li>\n<li>Impression en offset sur les Post-it.<\/li>\n<\/ul>\n<h6><strong style=\"font-size: 16px; font-style: normal;\">Quantit\u00e9 minimum 500 pi\u00e8ces<\/strong><\/h6>\n<p>D\u00e9couvrez les <a href=\"\/?product_tag=gadgets-pour-le-pediatre\">gadgets pour le pediatre<\/a><br \/>\nVoir aussi le produit <a href=\"https:\/\/proramillenote.it\/fr\/adhesifs-pediatriques-avec-en-tete-sku-053-fr\/\">Adh\u00e9sifs p\u00e9diatriques avec en-t\u00eate SKU 053<\/a><\/p>\n","protected":false},"excerpt":{"rendered":"<p>Post-it avec autocollants p\u00e9diatriques, autocollants p\u00e9diatriques en m\u00e9daille \u230065 mm. Ensemble de 30 autocollants et couverture personnalis\u00e9e imprim\u00e9e en quatre couleurs. Gadget pour les m\u00e9decins.<\/p>\n","protected":false},"featured_media":52699,"template":"","meta":[],"product_brand":[5138],"product_cat":[2833,2836,692,5195,659,663,5564,5235,673,646,658],"product_tag":[],"class_list":{"0":"post-43433","1":"product","2":"type-product","3":"status-publish","4":"has-post-thumbnail","6":"product_brand-fabricant-proramillenote","7":"product_cat-autocollants-pediatriques","8":"product_cat-autocollants-pediatriques-a-couverture-souple","9":"product_cat-bureau-du-medecin-gadget-personnalise","10":"product_cat-cout-entre-1-et-2-euros","11":"product_cat-bloc-notes-combines-dans-un-etui-en-carton-sur-mesure","12":"product_cat-post-it-mixte-sur-mesure","13":"product_cat-gadget-pediatria-gadget-per-il-medico-pediatra","14":"product_cat-livraison-en-4-semaines","15":"product_cat-gadget-publicitaire-personnalise-pharma-veterinaire-medecin-producteur-revendeur-subcat-fr","16":"product_cat-post-it-personnalises","17":"product_cat-post-it-combines-dans-le-meme-etui","18":"pa_num-col-stampa-fogli-post-it-feuilles-impression-2-couleurs-fr","19":"pa_num-col-stampa-fogli-post-it-feuilles-impression-0-couleurs-fr","20":"pa_num-col-stampa-fogli-post-it-feuilles-impression-1-couleur-fr","21":"pa_num-col-stampa-fogli-post-it-feuilles-impression-3-couleurs-fr","22":"pa_num-col-stampa-fogli-post-it-feuilles-impression-4-couleurs-fr","23":"pa_num-col-stampa-fogli-post-it-feuilles-impression-en-quadri-fr","24":"pa_plastificazione-pas-de-plastification-obligatoire-si-carton-recycle","25":"pa_plastificazione-plastification-brillante","26":"pa_plastificazione-plastification-mate","27":"pa_stampa-copertina-numero-col-couverture-impression-numerique-fr","28":"pa_stampa-copertina-numero-col-couverture-impression-4-couleurs","29":"pa_stampa-copertina-numero-col-couverture-impression-1-couleur-fr","30":"pa_stampa-copertina-numero-col-couverture-impression-2-couleurs-fr","31":"pa_stampa-copertina-numero-col-couverture-impression-3-couleurs-fr","32":"pa_stampa-su-adesivi-impression-a-sujet-unique","33":"pa_stampa-su-adesivi-impression-de-sujets-alternes","35":"first","36":"instock","37":"shipping-taxable","38":"purchasable","39":"product-type-variable","40":"has-default-attributes"},"yoast_head":"<!-- This site is optimized with the Yoast SEO Premium plugin v27.3 (Yoast SEO v27.3) - https:\/\/yoast.com\/product\/yoast-seo-premium-wordpress\/ -->\n<title>Post-it avec des autocollants p\u00e9diatriques<\/title>\n<meta name=\"description\" content=\"Autocollants p\u00e9diatriques, 1 bloc de 30 autocollants m\u00e9dailles \u230065 mm, 1 post-it 69x69 mm et couverture en carton personnalis\u00e9e. Gadget pour les m\u00e9decins\ud83d\ude0d\" \/>\n<meta name=\"robots\" content=\"index, follow, max-snippet:-1, max-image-preview:large, max-video-preview:-1\" \/>\n<link rel=\"canonical\" href=\"https:\/\/proramillenote.it\/fr\/post-it-avec-des-autocollants-pediatriques-sku-036\/\" \/>\n<meta property=\"og:locale\" content=\"fr_FR\" \/>\n<meta property=\"og:type\" content=\"article\" \/>\n<meta property=\"og:title\" content=\"Post-it avec des autocollants p\u00e9diatriques\" \/>\n<meta property=\"og:description\" content=\"Autocollants p\u00e9diatriques, 1 bloc de 30 autocollants m\u00e9dailles \u230065 mm, 1 post-it 69x69 mm et couverture en carton personnalis\u00e9e. Gadget pour les m\u00e9decins\ud83d\ude0d\" \/>\n<meta property=\"og:url\" content=\"https:\/\/proramillenote.it\/fr\/post-it-avec-des-autocollants-pediatriques-sku-036\/\" \/>\n<meta property=\"og:site_name\" content=\"Gadgets d\u2019entreprise et post-it personnalis\u00e9s\" \/>\n<meta property=\"og:image\" content=\"https:\/\/proramillenote.it\/wp-content\/uploads\/Combinato_postit_adesivi_pediatrici_Omega-300x300.webp\" \/>\n<meta name=\"twitter:card\" content=\"summary_large_image\" \/>\n<meta name=\"twitter:image\" content=\"https:\/\/proramillenote.it\/wp-content\/uploads\/pittogramma-proramillenote-favicon.png?wsr\" \/>\n<script type=\"application\/ld+json\" class=\"yoast-schema-graph\">{\"@context\":\"https:\\\/\\\/schema.org\",\"@graph\":[{\"@type\":\"WebPage\",\"@id\":\"https:\\\/\\\/proramillenote.it\\\/fr\\\/post-it-avec-des-autocollants-pediatriques-sku-036\\\/\",\"url\":\"https:\\\/\\\/proramillenote.it\\\/fr\\\/post-it-avec-des-autocollants-pediatriques-sku-036\\\/\",\"name\":\"Post-it avec des autocollants p\u00e9diatriques\",\"isPartOf\":{\"@id\":\"https:\\\/\\\/proramillenote.it\\\/fr\\\/#website\"},\"primaryImageOfPage\":{\"@id\":\"https:\\\/\\\/proramillenote.it\\\/fr\\\/post-it-avec-des-autocollants-pediatriques-sku-036\\\/#primaryimage\"},\"image\":{\"@id\":\"https:\\\/\\\/proramillenote.it\\\/fr\\\/post-it-avec-des-autocollants-pediatriques-sku-036\\\/#primaryimage\"},\"thumbnailUrl\":\"https:\\\/\\\/proramillenote.it\\\/wp-content\\\/uploads\\\/Adesivi_pediatrici_Reckitt.webp?wsr\",\"datePublished\":\"2025-11-21T14:00:49+00:00\",\"description\":\"Autocollants p\u00e9diatriques, 1 bloc de 30 autocollants m\u00e9dailles \u230065 mm, 1 post-it 69x69 mm et couverture en carton personnalis\u00e9e. Gadget pour les m\u00e9decins\ud83d\ude0d\",\"breadcrumb\":{\"@id\":\"https:\\\/\\\/proramillenote.it\\\/fr\\\/post-it-avec-des-autocollants-pediatriques-sku-036\\\/#breadcrumb\"},\"inLanguage\":\"fr-FR\",\"potentialAction\":[{\"@type\":\"ReadAction\",\"target\":[\"https:\\\/\\\/proramillenote.it\\\/fr\\\/post-it-avec-des-autocollants-pediatriques-sku-036\\\/\"]}]},{\"@type\":\"ImageObject\",\"inLanguage\":\"fr-FR\",\"@id\":\"https:\\\/\\\/proramillenote.it\\\/fr\\\/post-it-avec-des-autocollants-pediatriques-sku-036\\\/#primaryimage\",\"url\":\"https:\\\/\\\/proramillenote.it\\\/wp-content\\\/uploads\\\/Adesivi_pediatrici_Reckitt.webp?wsr\",\"contentUrl\":\"https:\\\/\\\/proramillenote.it\\\/wp-content\\\/uploads\\\/Adesivi_pediatrici_Reckitt.webp?wsr\",\"width\":600,\"height\":600,\"caption\":\"Adesivi pediatrici doppi con copertina in cartoncino Reckitt\"},{\"@type\":\"BreadcrumbList\",\"@id\":\"https:\\\/\\\/proramillenote.it\\\/fr\\\/post-it-avec-des-autocollants-pediatriques-sku-036\\\/#breadcrumb\",\"itemListElement\":[{\"@type\":\"ListItem\",\"position\":1,\"name\":\"Proramillenote\",\"item\":\"https:\\\/\\\/proramillenote.it\\\/fr\\\/\"},{\"@type\":\"ListItem\",\"position\":2,\"name\":\"Post-it avec des autocollants p\u00e9diatriques\"}]},{\"@type\":\"WebSite\",\"@id\":\"https:\\\/\\\/proramillenote.it\\\/fr\\\/#website\",\"url\":\"https:\\\/\\\/proramillenote.it\\\/fr\\\/\",\"name\":\"Proramillenote gadget aziendali e post-it personalizzati\",\"description\":\"Post-it personalizzati, block notes con logo e gadget aziendali per il marketing B2B. Specialisti in gadget promozionali per medici e aziende farmaceutiche.\",\"publisher\":{\"@id\":\"https:\\\/\\\/proramillenote.it\\\/fr\\\/#organization\"},\"alternateName\":\"Proramillenote\",\"potentialAction\":[{\"@type\":\"SearchAction\",\"target\":{\"@type\":\"EntryPoint\",\"urlTemplate\":\"https:\\\/\\\/proramillenote.it\\\/fr\\\/?s={search_term_string}\"},\"query-input\":{\"@type\":\"PropertyValueSpecification\",\"valueRequired\":true,\"valueName\":\"search_term_string\"}}],\"inLanguage\":\"fr-FR\"},{\"@type\":\"Organization\",\"@id\":\"https:\\\/\\\/proramillenote.it\\\/fr\\\/#organization\",\"name\":\"Proramillenote gadgets d\u2019entreprise et post-it personnalis\u00e9s\",\"alternateName\":\"Proramillenote\",\"url\":\"https:\\\/\\\/proramillenote.it\\\/fr\\\/\",\"logo\":{\"@type\":\"ImageObject\",\"inLanguage\":\"fr-FR\",\"@id\":\"https:\\\/\\\/proramillenote.it\\\/fr\\\/#\\\/schema\\\/logo\\\/image\\\/\",\"url\":\"https:\\\/\\\/proramillenote.it\\\/wp-content\\\/uploads\\\/papercube800.png?wsr\",\"contentUrl\":\"https:\\\/\\\/proramillenote.it\\\/wp-content\\\/uploads\\\/papercube800.png?wsr\",\"width\":800,\"height\":800,\"caption\":\"Proramillenote gadgets d\u2019entreprise et post-it personnalis\u00e9s\"},\"image\":{\"@id\":\"https:\\\/\\\/proramillenote.it\\\/fr\\\/#\\\/schema\\\/logo\\\/image\\\/\"},\"description\":\"\u2022 Specialista in produzione e commercio di gadget per medici e gadget per veterinari personalizzati. \u2022 Produzione di gadget aziendali per qualsiasi settore merceologico dal 1975. \u2022 Produttore di post-it personalizzati, post-it sagomati e cubi di carta personalizzati in stampa digitale oppure offset. Produttore di block-notes con logo. \u2022 Con cartotecnica creativa progettiamo KIT di post-it su misura, Made in Italy e di design italiano, insigniti del prestigioso premio europeo PGA Promotional Gift Award. \u2022 Concorso #Ossoduro \\\"Design di brand reminder da scrivania innovativi\\\" concepito per incoraggiare la creativit\u00e0 degli studenti di scuole secondarie di design e grafica. Annuale - Ed.7\u00b0 2024-2025. \u2022 Proramillenote \u00e8 produttore accreditato EUDAMED per la fornitura di DMClasse I \u2022 Proramillenote \u00e8 certificata FSC\u00ae Chain of custody.\",\"email\":\"customercare@proramillenote.it\",\"telephone\":\"+39 039616593\",\"legalName\":\"Proramillenote Srl\",\"foundingDate\":\"1972-01-01\",\"vatID\":\"10323920966\",\"taxID\":\"10323920966\",\"numberOfEmployees\":{\"@type\":\"QuantitativeValue\",\"minValue\":\"11\",\"maxValue\":\"50\"},\"publishingPrinciples\":\"https:\\\/\\\/proramillenote.it\\\/politica-su-etica\\\/\",\"ownershipFundingInfo\":\"https:\\\/\\\/proramillenote.it\\\/politica-su-etica\\\/\",\"actionableFeedbackPolicy\":\"https:\\\/\\\/proramillenote.it\\\/politica-su-etica\\\/\",\"correctionsPolicy\":\"https:\\\/\\\/proramillenote.it\\\/politica-su-etica\\\/\",\"ethicsPolicy\":\"https:\\\/\\\/proramillenote.it\\\/politica-su-etica\\\/\",\"diversityPolicy\":\"https:\\\/\\\/proramillenote.it\\\/politica-su-etica\\\/\",\"diversityStaffingReport\":\"https:\\\/\\\/proramillenote.it\\\/politica-su-etica\\\/\"}]}<\/script>\n<meta property=\"product:brand\" content=\"Fabricant Proramillenote\" \/>\n<meta property=\"og:availability\" content=\"instock\" \/>\n<meta property=\"product:availability\" content=\"instock\" \/>\n<meta property=\"product:retailer_item_id\" content=\"036\" \/>\n<meta property=\"product:condition\" content=\"new\" \/>\n<!-- \/ Yoast SEO Premium plugin. -->","yoast_head_json":{"title":"Post-it avec des autocollants p\u00e9diatriques","description":"Autocollants p\u00e9diatriques, 1 bloc de 30 autocollants m\u00e9dailles \u230065 mm, 1 post-it 69x69 mm et couverture en carton personnalis\u00e9e. Gadget pour les m\u00e9decins\ud83d\ude0d","robots":{"index":"index","follow":"follow","max-snippet":"max-snippet:-1","max-image-preview":"max-image-preview:large","max-video-preview":"max-video-preview:-1"},"canonical":"https:\/\/proramillenote.it\/fr\/post-it-avec-des-autocollants-pediatriques-sku-036\/","og_locale":"fr_FR","og_type":"article","og_title":"Post-it avec des autocollants p\u00e9diatriques","og_description":"Autocollants p\u00e9diatriques, 1 bloc de 30 autocollants m\u00e9dailles \u230065 mm, 1 post-it 69x69 mm et couverture en carton personnalis\u00e9e. Gadget pour les m\u00e9decins\ud83d\ude0d","og_url":"https:\/\/proramillenote.it\/fr\/post-it-avec-des-autocollants-pediatriques-sku-036\/","og_site_name":"Gadgets d\u2019entreprise et post-it personnalis\u00e9s","og_image":[{"url":"https:\/\/proramillenote.it\/wp-content\/uploads\/Combinato_postit_adesivi_pediatrici_Omega-300x300.webp","type":"","width":"","height":""}],"twitter_card":"summary_large_image","twitter_image":"https:\/\/proramillenote.it\/wp-content\/uploads\/pittogramma-proramillenote-favicon.png?wsr","schema":{"@context":"https:\/\/schema.org","@graph":[{"@type":"WebPage","@id":"https:\/\/proramillenote.it\/fr\/post-it-avec-des-autocollants-pediatriques-sku-036\/","url":"https:\/\/proramillenote.it\/fr\/post-it-avec-des-autocollants-pediatriques-sku-036\/","name":"Post-it avec des autocollants p\u00e9diatriques","isPartOf":{"@id":"https:\/\/proramillenote.it\/fr\/#website"},"primaryImageOfPage":{"@id":"https:\/\/proramillenote.it\/fr\/post-it-avec-des-autocollants-pediatriques-sku-036\/#primaryimage"},"image":{"@id":"https:\/\/proramillenote.it\/fr\/post-it-avec-des-autocollants-pediatriques-sku-036\/#primaryimage"},"thumbnailUrl":"https:\/\/proramillenote.it\/wp-content\/uploads\/Adesivi_pediatrici_Reckitt.webp?wsr","datePublished":"2025-11-21T14:00:49+00:00","description":"Autocollants p\u00e9diatriques, 1 bloc de 30 autocollants m\u00e9dailles \u230065 mm, 1 post-it 69x69 mm et couverture en carton personnalis\u00e9e. Gadget pour les m\u00e9decins\ud83d\ude0d","breadcrumb":{"@id":"https:\/\/proramillenote.it\/fr\/post-it-avec-des-autocollants-pediatriques-sku-036\/#breadcrumb"},"inLanguage":"fr-FR","potentialAction":[{"@type":"ReadAction","target":["https:\/\/proramillenote.it\/fr\/post-it-avec-des-autocollants-pediatriques-sku-036\/"]}]},{"@type":"ImageObject","inLanguage":"fr-FR","@id":"https:\/\/proramillenote.it\/fr\/post-it-avec-des-autocollants-pediatriques-sku-036\/#primaryimage","url":"https:\/\/proramillenote.it\/wp-content\/uploads\/Adesivi_pediatrici_Reckitt.webp?wsr","contentUrl":"https:\/\/proramillenote.it\/wp-content\/uploads\/Adesivi_pediatrici_Reckitt.webp?wsr","width":600,"height":600,"caption":"Adesivi pediatrici doppi con copertina in cartoncino Reckitt"},{"@type":"BreadcrumbList","@id":"https:\/\/proramillenote.it\/fr\/post-it-avec-des-autocollants-pediatriques-sku-036\/#breadcrumb","itemListElement":[{"@type":"ListItem","position":1,"name":"Proramillenote","item":"https:\/\/proramillenote.it\/fr\/"},{"@type":"ListItem","position":2,"name":"Post-it avec des autocollants p\u00e9diatriques"}]},{"@type":"WebSite","@id":"https:\/\/proramillenote.it\/fr\/#website","url":"https:\/\/proramillenote.it\/fr\/","name":"Proramillenote gadget aziendali e post-it personalizzati","description":"Post-it personalizzati, block notes con logo e gadget aziendali per il marketing B2B. Specialisti in gadget promozionali per medici e aziende farmaceutiche.","publisher":{"@id":"https:\/\/proramillenote.it\/fr\/#organization"},"alternateName":"Proramillenote","potentialAction":[{"@type":"SearchAction","target":{"@type":"EntryPoint","urlTemplate":"https:\/\/proramillenote.it\/fr\/?s={search_term_string}"},"query-input":{"@type":"PropertyValueSpecification","valueRequired":true,"valueName":"search_term_string"}}],"inLanguage":"fr-FR"},{"@type":"Organization","@id":"https:\/\/proramillenote.it\/fr\/#organization","name":"Proramillenote gadgets d\u2019entreprise et post-it personnalis\u00e9s","alternateName":"Proramillenote","url":"https:\/\/proramillenote.it\/fr\/","logo":{"@type":"ImageObject","inLanguage":"fr-FR","@id":"https:\/\/proramillenote.it\/fr\/#\/schema\/logo\/image\/","url":"https:\/\/proramillenote.it\/wp-content\/uploads\/papercube800.png?wsr","contentUrl":"https:\/\/proramillenote.it\/wp-content\/uploads\/papercube800.png?wsr","width":800,"height":800,"caption":"Proramillenote gadgets d\u2019entreprise et post-it personnalis\u00e9s"},"image":{"@id":"https:\/\/proramillenote.it\/fr\/#\/schema\/logo\/image\/"},"description":"\u2022 Specialista in produzione e commercio di gadget per medici e gadget per veterinari personalizzati. \u2022 Produzione di gadget aziendali per qualsiasi settore merceologico dal 1975. \u2022 Produttore di post-it personalizzati, post-it sagomati e cubi di carta personalizzati in stampa digitale oppure offset. Produttore di block-notes con logo. \u2022 Con cartotecnica creativa progettiamo KIT di post-it su misura, Made in Italy e di design italiano, insigniti del prestigioso premio europeo PGA Promotional Gift Award. \u2022 Concorso #Ossoduro \"Design di brand reminder da scrivania innovativi\" concepito per incoraggiare la creativit\u00e0 degli studenti di scuole secondarie di design e grafica. Annuale - Ed.7\u00b0 2024-2025. \u2022 Proramillenote \u00e8 produttore accreditato EUDAMED per la fornitura di DMClasse I \u2022 Proramillenote \u00e8 certificata FSC\u00ae Chain of custody.","email":"customercare@proramillenote.it","telephone":"+39 039616593","legalName":"Proramillenote Srl","foundingDate":"1972-01-01","vatID":"10323920966","taxID":"10323920966","numberOfEmployees":{"@type":"QuantitativeValue","minValue":"11","maxValue":"50"},"publishingPrinciples":"https:\/\/proramillenote.it\/politica-su-etica\/","ownershipFundingInfo":"https:\/\/proramillenote.it\/politica-su-etica\/","actionableFeedbackPolicy":"https:\/\/proramillenote.it\/politica-su-etica\/","correctionsPolicy":"https:\/\/proramillenote.it\/politica-su-etica\/","ethicsPolicy":"https:\/\/proramillenote.it\/politica-su-etica\/","diversityPolicy":"https:\/\/proramillenote.it\/politica-su-etica\/","diversityStaffingReport":"https:\/\/proramillenote.it\/politica-su-etica\/"}]},"product_brand":"Fabricant Proramillenote","og_availability":"instock","product_availability":"instock","product_retailer_item_id":"036","product_condition":"new"},"_links":{"self":[{"href":"https:\/\/proramillenote.it\/fr\/wp-json\/wp\/v2\/product\/43433","targetHints":{"allow":["GET"]}}],"collection":[{"href":"https:\/\/proramillenote.it\/fr\/wp-json\/wp\/v2\/product"}],"about":[{"href":"https:\/\/proramillenote.it\/fr\/wp-json\/wp\/v2\/types\/product"}],"version-history":[{"count":0,"href":"https:\/\/proramillenote.it\/fr\/wp-json\/wp\/v2\/product\/43433\/revisions"}],"wp:featuredmedia":[{"embeddable":true,"href":"https:\/\/proramillenote.it\/fr\/wp-json\/wp\/v2\/media\/52699"}],"wp:attachment":[{"href":"https:\/\/proramillenote.it\/fr\/wp-json\/wp\/v2\/media?parent=43433"}],"wp:term":[{"taxonomy":"product_brand","embeddable":true,"href":"https:\/\/proramillenote.it\/fr\/wp-json\/wp\/v2\/product_brand?post=43433"},{"taxonomy":"product_cat","embeddable":true,"href":"https:\/\/proramillenote.it\/fr\/wp-json\/wp\/v2\/product_cat?post=43433"},{"taxonomy":"product_tag","embeddable":true,"href":"https:\/\/proramillenote.it\/fr\/wp-json\/wp\/v2\/product_tag?post=43433"}],"curies":[{"name":"wp","href":"https:\/\/api.w.org\/{rel}","templated":true}]}}