{"id":49058,"date":"2025-11-21T15:00:24","date_gmt":"2025-11-21T14:00:24","guid":{"rendered":"https:\/\/proramillenote.it\/prodotto\/test-di-amsler-gadget-personalizzato-sku-057\/"},"modified":"2025-11-20T12:56:13","modified_gmt":"2025-11-20T11:56:13","slug":"test-amsler-personnalise-gadgets-pour-opticiens-sku-057","status":"publish","type":"product","link":"https:\/\/proramillenote.it\/fr\/test-amsler-personnalise-gadgets-pour-opticiens-sku-057\/","title":{"rendered":"Test Amsler personnalis\u00e9"},"content":{"rendered":"<h2>Test oculaire: grille d&rsquo;Amsler et d\u00e9pistage<\/h2>\n<p>Si votre public cible est compos\u00e9 d&rsquo;ophtalmologistes, le gadget Test d&rsquo;Amsler personnalis\u00e9 est id\u00e9al : il se compose d&rsquo;un plateau en carton contenant 60 tests Amsler et des instructions.<\/p>\n<p>Ce gadget, \u00e0 la fois \u00e9conomique et pratique, occupera une place de choix sur le bureau de l&rsquo;ophtalmologiste, offrant une opportunit\u00e9 unique de promouvoir efficacement votre marque.<\/p>\n<p>Sa utilit\u00e9 quotidienne dans le domaine de l&rsquo;ophtalmologie en fera un outil pr\u00e9cieux pour les professionnels, contribuant ainsi \u00e0 renforcer votre pr\u00e9sence sur le march\u00e9 ophtalmologique.<\/p>\n<p><strong>Fiche technique:<\/strong><\/p>\n<ul>\n<li>Bac carton 350 g\/m\u00b2 format 85 x 85 mm hauteur 40 mm<\/li>\n<\/ul>\n<p><strong><br \/>\nPorte carte<\/strong>:<\/p>\n<ul>\n<li>60 cartes imprim\u00e9es avec le test oculaire d&rsquo;Amsler au recto<\/li>\n<li>60 feuilles avec des graphiques personnalis\u00e9s au recto et des instructions pour le test d&rsquo;utilisation verso<\/li>\n<li>Les cartes et les feuilles sont altern\u00e9es (A, B, A, B&#8230;) comme indiqu\u00e9 sur l&rsquo;image<\/li>\n<\/ul>\n<p><strong><br \/>\nPersonnalisation:<\/strong><\/p>\n<ul>\n<li>Plateau imprim\u00e9 en num\u00e9rique ou offset selon la quantit\u00e9 command\u00e9e<\/li>\n<li>Test oculaire d&rsquo;Amsler 1 couleur noire.<\/li>\n<li>Feuilles imprim\u00e9es en num\u00e9rique ou offset selon la quantit\u00e9 command\u00e9e au recto et verso.<\/li>\n<\/ul>\n<p><strong><br \/>\nEmballage:<\/strong><\/p>\n<ul>\n<li>Livr\u00e9 mont\u00e9 avec couvercle ferm\u00e9.<\/li>\n<li>Pas d&rsquo;autres emballage individuels.<\/li>\n<li>Conditionnement en cartons sur palettes jetables.<\/li>\n<\/ul>\n<p>&nbsp;<\/p>\n<h6>Quantit\u00e9 minimum 500 pcs<\/h6>\n<p>Regarde aussi l&rsquo;<a href=\"https:\/\/proramillenote.it\/fr\/occlusoire-ophtalmique-personnalise-sku430\/\">Occluseur ophtalmique SKU 430<\/a> gadget personnalis\u00e9 pour l&rsquo;ophtalmologiste<\/p>\n","protected":false},"excerpt":{"rendered":"<p>Test Amsler personnalis\u00e9: la solution id\u00e9ale pour les ophtalmologistes. Un plateau personnalisable avec 50 tests et instructions. Un ajout \u00e9conomique et pratique au bureau du m\u00e9decin.<\/p>\n","protected":false},"featured_media":48959,"template":"","meta":[],"product_brand":[5132],"product_cat":[128,639,637,118,310],"product_tag":[],"class_list":{"0":"post-49058","1":"product","2":"type-product","3":"status-publish","4":"has-post-thumbnail","6":"product_brand-produzione-proramillenote","7":"product_cat-scrivania-del-medico-gadget-medici-pharma","8":"product_cat-costa-tra-1-e-2-euro","9":"product_cat-consegna-4-settimane","10":"product_cat-pharma-adv-gadget-medici-pharma-veterinaria","11":"product_cat-gadget-professionali-medici-personalizzati-pharma","12":"pa_stampa-astuccio-col-ast-1c","13":"pa_stampa-astuccio-col-ast-2c","14":"pa_stampa-astuccio-col-ast-3c","15":"pa_stampa-astuccio-col-ast-4c","16":"pa_stampa-astuccio-col-stmp-digitale-astuccio","17":"pa_stampa-fogli-carta-usomano-0-col-carta-um","18":"pa_stampa-fogli-carta-usomano-1-col-carta-um","19":"pa_stampa-fogli-carta-usomano-2-col-carta-um","20":"pa_stampa-fogli-carta-usomano-3-col-carta-um","21":"pa_stampa-fogli-carta-usomano-4-col-carta-um","22":"pa_stampa-fogli-carta-usomano-quadri-carta-um","23":"pa_tipo-di-carta-materiali-carta-fsc-e-cartoncino-fsc-certificati","25":"first","26":"instock","27":"shipping-taxable","28":"purchasable","29":"product-type-variable","30":"has-default-attributes"},"yoast_head":"<!-- This site is optimized with the Yoast SEO Premium plugin v27.3 (Yoast SEO v27.3) - https:\/\/yoast.com\/product\/yoast-seo-premium-wordpress\/ -->\n<title>Test Amsler personnalis\u00e9<\/title>\n<meta name=\"description\" content=\"Test Amsler personnalis\u00e9: gadget pour les ophtalmologistes. Un plateau de 50 tests et des instructions personnalisables, id\u00e9al pour le bureau du m\u00e9decin\" \/>\n<meta name=\"robots\" content=\"index, follow, max-snippet:-1, max-image-preview:large, max-video-preview:-1\" \/>\n<link rel=\"canonical\" href=\"https:\/\/proramillenote.it\/fr\/test-amsler-personnalise-gadgets-pour-opticiens-sku-057\/\" \/>\n<meta property=\"og:locale\" content=\"fr_FR\" \/>\n<meta property=\"og:type\" content=\"article\" \/>\n<meta property=\"og:title\" content=\"Test Amsler personnalis\u00e9\" \/>\n<meta property=\"og:description\" content=\"Se il vostro pubblico sono gli oculisti, il Gadget personalizzato Test di Amsler \u00e8 perfetto: una vaschetta in cartoncino con 50 Test di Amsler e istruzioni. Questo gadget, oltre a essere economico e pratico, trover\u00e0 un posto d&#039;onore sulla scrivania del medico oculista, offrendo un&#039;opportunit\u00e0 unica per promuovere il vostro marchio. La sua utilit\u00e0 quotidiana nel campo oftalmologico lo far\u00e0 diventare un punto di riferimento per i professionisti, contribuendo a consolidare la vostra presenza nel mercato oftalmico.\" \/>\n<meta property=\"og:url\" content=\"https:\/\/proramillenote.it\/fr\/test-amsler-personnalise-gadgets-pour-opticiens-sku-057\/\" \/>\n<meta property=\"og:site_name\" content=\"Gadgets d\u2019entreprise et post-it personnalis\u00e9s\" \/>\n<meta property=\"og:image\" content=\"https:\/\/proramillenote.it\/wp-content\/uploads\/Test_amsler_Alfa_Intest_Diabec_Astar3D.webp?wsr\" \/>\n\t<meta property=\"og:image:width\" content=\"600\" \/>\n\t<meta property=\"og:image:height\" content=\"600\" \/>\n\t<meta property=\"og:image:type\" content=\"image\/webp\" \/>\n<meta name=\"twitter:card\" content=\"summary_large_image\" \/>\n<script type=\"application\/ld+json\" class=\"yoast-schema-graph\">{\"@context\":\"https:\\\/\\\/schema.org\",\"@graph\":[{\"@type\":\"WebPage\",\"@id\":\"https:\\\/\\\/proramillenote.it\\\/fr\\\/test-amsler-personnalise-gadgets-pour-opticiens-sku-057\\\/\",\"url\":\"https:\\\/\\\/proramillenote.it\\\/fr\\\/test-amsler-personnalise-gadgets-pour-opticiens-sku-057\\\/\",\"name\":\"Test Amsler personnalis\u00e9\",\"isPartOf\":{\"@id\":\"https:\\\/\\\/proramillenote.it\\\/fr\\\/#website\"},\"primaryImageOfPage\":{\"@id\":\"https:\\\/\\\/proramillenote.it\\\/fr\\\/test-amsler-personnalise-gadgets-pour-opticiens-sku-057\\\/#primaryimage\"},\"image\":{\"@id\":\"https:\\\/\\\/proramillenote.it\\\/fr\\\/test-amsler-personnalise-gadgets-pour-opticiens-sku-057\\\/#primaryimage\"},\"thumbnailUrl\":\"https:\\\/\\\/proramillenote.it\\\/wp-content\\\/uploads\\\/Test_amsler_Alfa_Intest_Diabec_Astar3D.webp?wsr\",\"datePublished\":\"2025-11-21T14:00:24+00:00\",\"description\":\"Test Amsler personnalis\u00e9: gadget pour les ophtalmologistes. Un plateau de 50 tests et des instructions personnalisables, id\u00e9al pour le bureau du m\u00e9decin\",\"breadcrumb\":{\"@id\":\"https:\\\/\\\/proramillenote.it\\\/fr\\\/test-amsler-personnalise-gadgets-pour-opticiens-sku-057\\\/#breadcrumb\"},\"inLanguage\":\"fr-FR\",\"potentialAction\":[{\"@type\":\"ReadAction\",\"target\":[\"https:\\\/\\\/proramillenote.it\\\/fr\\\/test-amsler-personnalise-gadgets-pour-opticiens-sku-057\\\/\"]}]},{\"@type\":\"ImageObject\",\"inLanguage\":\"fr-FR\",\"@id\":\"https:\\\/\\\/proramillenote.it\\\/fr\\\/test-amsler-personnalise-gadgets-pour-opticiens-sku-057\\\/#primaryimage\",\"url\":\"https:\\\/\\\/proramillenote.it\\\/wp-content\\\/uploads\\\/Test_amsler_Alfa_Intest_Diabec_Astar3D.webp?wsr\",\"contentUrl\":\"https:\\\/\\\/proramillenote.it\\\/wp-content\\\/uploads\\\/Test_amsler_Alfa_Intest_Diabec_Astar3D.webp?wsr\",\"width\":600,\"height\":600,\"caption\":\"Bespoke Amslet test, ophtalmologiest grid eye test\"},{\"@type\":\"BreadcrumbList\",\"@id\":\"https:\\\/\\\/proramillenote.it\\\/fr\\\/test-amsler-personnalise-gadgets-pour-opticiens-sku-057\\\/#breadcrumb\",\"itemListElement\":[{\"@type\":\"ListItem\",\"position\":1,\"name\":\"Proramillenote\",\"item\":\"https:\\\/\\\/proramillenote.it\\\/fr\\\/\"},{\"@type\":\"ListItem\",\"position\":2,\"name\":\"Test Amsler personnalis\u00e9\"}]},{\"@type\":\"WebSite\",\"@id\":\"https:\\\/\\\/proramillenote.it\\\/fr\\\/#website\",\"url\":\"https:\\\/\\\/proramillenote.it\\\/fr\\\/\",\"name\":\"Proramillenote gadget aziendali e post-it personalizzati\",\"description\":\"Post-it personalizzati, block notes con logo e gadget aziendali per il marketing B2B. Specialisti in gadget promozionali per medici e aziende farmaceutiche.\",\"publisher\":{\"@id\":\"https:\\\/\\\/proramillenote.it\\\/fr\\\/#organization\"},\"alternateName\":\"Proramillenote\",\"potentialAction\":[{\"@type\":\"SearchAction\",\"target\":{\"@type\":\"EntryPoint\",\"urlTemplate\":\"https:\\\/\\\/proramillenote.it\\\/fr\\\/?s={search_term_string}\"},\"query-input\":{\"@type\":\"PropertyValueSpecification\",\"valueRequired\":true,\"valueName\":\"search_term_string\"}}],\"inLanguage\":\"fr-FR\"},{\"@type\":\"Organization\",\"@id\":\"https:\\\/\\\/proramillenote.it\\\/fr\\\/#organization\",\"name\":\"Proramillenote gadgets d\u2019entreprise et post-it personnalis\u00e9s\",\"alternateName\":\"Proramillenote\",\"url\":\"https:\\\/\\\/proramillenote.it\\\/fr\\\/\",\"logo\":{\"@type\":\"ImageObject\",\"inLanguage\":\"fr-FR\",\"@id\":\"https:\\\/\\\/proramillenote.it\\\/fr\\\/#\\\/schema\\\/logo\\\/image\\\/\",\"url\":\"https:\\\/\\\/proramillenote.it\\\/wp-content\\\/uploads\\\/papercube800.png?wsr\",\"contentUrl\":\"https:\\\/\\\/proramillenote.it\\\/wp-content\\\/uploads\\\/papercube800.png?wsr\",\"width\":800,\"height\":800,\"caption\":\"Proramillenote gadgets d\u2019entreprise et post-it personnalis\u00e9s\"},\"image\":{\"@id\":\"https:\\\/\\\/proramillenote.it\\\/fr\\\/#\\\/schema\\\/logo\\\/image\\\/\"},\"description\":\"\u2022 Specialista in produzione e commercio di gadget per medici e gadget per veterinari personalizzati. \u2022 Produzione di gadget aziendali per qualsiasi settore merceologico dal 1975. \u2022 Produttore di post-it personalizzati, post-it sagomati e cubi di carta personalizzati in stampa digitale oppure offset. Produttore di block-notes con logo. \u2022 Con cartotecnica creativa progettiamo KIT di post-it su misura, Made in Italy e di design italiano, insigniti del prestigioso premio europeo PGA Promotional Gift Award. \u2022 Concorso #Ossoduro \\\"Design di brand reminder da scrivania innovativi\\\" concepito per incoraggiare la creativit\u00e0 degli studenti di scuole secondarie di design e grafica. Annuale - Ed.7\u00b0 2024-2025. \u2022 Proramillenote \u00e8 produttore accreditato EUDAMED per la fornitura di DMClasse I \u2022 Proramillenote \u00e8 certificata FSC\u00ae Chain of custody.\",\"email\":\"customercare@proramillenote.it\",\"telephone\":\"+39 039616593\",\"legalName\":\"Proramillenote Srl\",\"foundingDate\":\"1972-01-01\",\"vatID\":\"10323920966\",\"taxID\":\"10323920966\",\"numberOfEmployees\":{\"@type\":\"QuantitativeValue\",\"minValue\":\"11\",\"maxValue\":\"50\"},\"publishingPrinciples\":\"https:\\\/\\\/proramillenote.it\\\/politica-su-etica\\\/\",\"ownershipFundingInfo\":\"https:\\\/\\\/proramillenote.it\\\/politica-su-etica\\\/\",\"actionableFeedbackPolicy\":\"https:\\\/\\\/proramillenote.it\\\/politica-su-etica\\\/\",\"correctionsPolicy\":\"https:\\\/\\\/proramillenote.it\\\/politica-su-etica\\\/\",\"ethicsPolicy\":\"https:\\\/\\\/proramillenote.it\\\/politica-su-etica\\\/\",\"diversityPolicy\":\"https:\\\/\\\/proramillenote.it\\\/politica-su-etica\\\/\",\"diversityStaffingReport\":\"https:\\\/\\\/proramillenote.it\\\/politica-su-etica\\\/\"}]}<\/script>\n<meta property=\"product:brand\" content=\"Proramillenote\" \/>\n<meta property=\"og:availability\" content=\"instock\" \/>\n<meta property=\"product:availability\" content=\"instock\" \/>\n<meta property=\"product:retailer_item_id\" content=\"057\" \/>\n<meta property=\"product:condition\" content=\"new\" \/>\n<!-- \/ Yoast SEO Premium plugin. -->","yoast_head_json":{"title":"Test Amsler personnalis\u00e9","description":"Test Amsler personnalis\u00e9: gadget pour les ophtalmologistes. Un plateau de 50 tests et des instructions personnalisables, id\u00e9al pour le bureau du m\u00e9decin","robots":{"index":"index","follow":"follow","max-snippet":"max-snippet:-1","max-image-preview":"max-image-preview:large","max-video-preview":"max-video-preview:-1"},"canonical":"https:\/\/proramillenote.it\/fr\/test-amsler-personnalise-gadgets-pour-opticiens-sku-057\/","og_locale":"fr_FR","og_type":"article","og_title":"Test Amsler personnalis\u00e9","og_description":"Se il vostro pubblico sono gli oculisti, il Gadget personalizzato Test di Amsler \u00e8 perfetto: una vaschetta in cartoncino con 50 Test di Amsler e istruzioni. Questo gadget, oltre a essere economico e pratico, trover\u00e0 un posto d'onore sulla scrivania del medico oculista, offrendo un'opportunit\u00e0 unica per promuovere il vostro marchio. La sua utilit\u00e0 quotidiana nel campo oftalmologico lo far\u00e0 diventare un punto di riferimento per i professionisti, contribuendo a consolidare la vostra presenza nel mercato oftalmico.","og_url":"https:\/\/proramillenote.it\/fr\/test-amsler-personnalise-gadgets-pour-opticiens-sku-057\/","og_site_name":"Gadgets d\u2019entreprise et post-it personnalis\u00e9s","og_image":[{"width":600,"height":600,"url":"https:\/\/proramillenote.it\/wp-content\/uploads\/Test_amsler_Alfa_Intest_Diabec_Astar3D.webp?wsr","type":"image\/webp"}],"twitter_card":"summary_large_image","schema":{"@context":"https:\/\/schema.org","@graph":[{"@type":"WebPage","@id":"https:\/\/proramillenote.it\/fr\/test-amsler-personnalise-gadgets-pour-opticiens-sku-057\/","url":"https:\/\/proramillenote.it\/fr\/test-amsler-personnalise-gadgets-pour-opticiens-sku-057\/","name":"Test Amsler personnalis\u00e9","isPartOf":{"@id":"https:\/\/proramillenote.it\/fr\/#website"},"primaryImageOfPage":{"@id":"https:\/\/proramillenote.it\/fr\/test-amsler-personnalise-gadgets-pour-opticiens-sku-057\/#primaryimage"},"image":{"@id":"https:\/\/proramillenote.it\/fr\/test-amsler-personnalise-gadgets-pour-opticiens-sku-057\/#primaryimage"},"thumbnailUrl":"https:\/\/proramillenote.it\/wp-content\/uploads\/Test_amsler_Alfa_Intest_Diabec_Astar3D.webp?wsr","datePublished":"2025-11-21T14:00:24+00:00","description":"Test Amsler personnalis\u00e9: gadget pour les ophtalmologistes. Un plateau de 50 tests et des instructions personnalisables, id\u00e9al pour le bureau du m\u00e9decin","breadcrumb":{"@id":"https:\/\/proramillenote.it\/fr\/test-amsler-personnalise-gadgets-pour-opticiens-sku-057\/#breadcrumb"},"inLanguage":"fr-FR","potentialAction":[{"@type":"ReadAction","target":["https:\/\/proramillenote.it\/fr\/test-amsler-personnalise-gadgets-pour-opticiens-sku-057\/"]}]},{"@type":"ImageObject","inLanguage":"fr-FR","@id":"https:\/\/proramillenote.it\/fr\/test-amsler-personnalise-gadgets-pour-opticiens-sku-057\/#primaryimage","url":"https:\/\/proramillenote.it\/wp-content\/uploads\/Test_amsler_Alfa_Intest_Diabec_Astar3D.webp?wsr","contentUrl":"https:\/\/proramillenote.it\/wp-content\/uploads\/Test_amsler_Alfa_Intest_Diabec_Astar3D.webp?wsr","width":600,"height":600,"caption":"Bespoke Amslet test, ophtalmologiest grid eye test"},{"@type":"BreadcrumbList","@id":"https:\/\/proramillenote.it\/fr\/test-amsler-personnalise-gadgets-pour-opticiens-sku-057\/#breadcrumb","itemListElement":[{"@type":"ListItem","position":1,"name":"Proramillenote","item":"https:\/\/proramillenote.it\/fr\/"},{"@type":"ListItem","position":2,"name":"Test Amsler personnalis\u00e9"}]},{"@type":"WebSite","@id":"https:\/\/proramillenote.it\/fr\/#website","url":"https:\/\/proramillenote.it\/fr\/","name":"Proramillenote gadget aziendali e post-it personalizzati","description":"Post-it personalizzati, block notes con logo e gadget aziendali per il marketing B2B. Specialisti in gadget promozionali per medici e aziende farmaceutiche.","publisher":{"@id":"https:\/\/proramillenote.it\/fr\/#organization"},"alternateName":"Proramillenote","potentialAction":[{"@type":"SearchAction","target":{"@type":"EntryPoint","urlTemplate":"https:\/\/proramillenote.it\/fr\/?s={search_term_string}"},"query-input":{"@type":"PropertyValueSpecification","valueRequired":true,"valueName":"search_term_string"}}],"inLanguage":"fr-FR"},{"@type":"Organization","@id":"https:\/\/proramillenote.it\/fr\/#organization","name":"Proramillenote gadgets d\u2019entreprise et post-it personnalis\u00e9s","alternateName":"Proramillenote","url":"https:\/\/proramillenote.it\/fr\/","logo":{"@type":"ImageObject","inLanguage":"fr-FR","@id":"https:\/\/proramillenote.it\/fr\/#\/schema\/logo\/image\/","url":"https:\/\/proramillenote.it\/wp-content\/uploads\/papercube800.png?wsr","contentUrl":"https:\/\/proramillenote.it\/wp-content\/uploads\/papercube800.png?wsr","width":800,"height":800,"caption":"Proramillenote gadgets d\u2019entreprise et post-it personnalis\u00e9s"},"image":{"@id":"https:\/\/proramillenote.it\/fr\/#\/schema\/logo\/image\/"},"description":"\u2022 Specialista in produzione e commercio di gadget per medici e gadget per veterinari personalizzati. \u2022 Produzione di gadget aziendali per qualsiasi settore merceologico dal 1975. \u2022 Produttore di post-it personalizzati, post-it sagomati e cubi di carta personalizzati in stampa digitale oppure offset. Produttore di block-notes con logo. \u2022 Con cartotecnica creativa progettiamo KIT di post-it su misura, Made in Italy e di design italiano, insigniti del prestigioso premio europeo PGA Promotional Gift Award. \u2022 Concorso #Ossoduro \"Design di brand reminder da scrivania innovativi\" concepito per incoraggiare la creativit\u00e0 degli studenti di scuole secondarie di design e grafica. Annuale - Ed.7\u00b0 2024-2025. \u2022 Proramillenote \u00e8 produttore accreditato EUDAMED per la fornitura di DMClasse I \u2022 Proramillenote \u00e8 certificata FSC\u00ae Chain of custody.","email":"customercare@proramillenote.it","telephone":"+39 039616593","legalName":"Proramillenote Srl","foundingDate":"1972-01-01","vatID":"10323920966","taxID":"10323920966","numberOfEmployees":{"@type":"QuantitativeValue","minValue":"11","maxValue":"50"},"publishingPrinciples":"https:\/\/proramillenote.it\/politica-su-etica\/","ownershipFundingInfo":"https:\/\/proramillenote.it\/politica-su-etica\/","actionableFeedbackPolicy":"https:\/\/proramillenote.it\/politica-su-etica\/","correctionsPolicy":"https:\/\/proramillenote.it\/politica-su-etica\/","ethicsPolicy":"https:\/\/proramillenote.it\/politica-su-etica\/","diversityPolicy":"https:\/\/proramillenote.it\/politica-su-etica\/","diversityStaffingReport":"https:\/\/proramillenote.it\/politica-su-etica\/"}]},"product_brand":"Proramillenote","og_availability":"instock","product_availability":"instock","product_retailer_item_id":"057","product_condition":"new"},"_links":{"self":[{"href":"https:\/\/proramillenote.it\/fr\/wp-json\/wp\/v2\/product\/49058","targetHints":{"allow":["GET"]}}],"collection":[{"href":"https:\/\/proramillenote.it\/fr\/wp-json\/wp\/v2\/product"}],"about":[{"href":"https:\/\/proramillenote.it\/fr\/wp-json\/wp\/v2\/types\/product"}],"version-history":[{"count":0,"href":"https:\/\/proramillenote.it\/fr\/wp-json\/wp\/v2\/product\/49058\/revisions"}],"wp:featuredmedia":[{"embeddable":true,"href":"https:\/\/proramillenote.it\/fr\/wp-json\/wp\/v2\/media\/48959"}],"wp:attachment":[{"href":"https:\/\/proramillenote.it\/fr\/wp-json\/wp\/v2\/media?parent=49058"}],"wp:term":[{"taxonomy":"product_brand","embeddable":true,"href":"https:\/\/proramillenote.it\/fr\/wp-json\/wp\/v2\/product_brand?post=49058"},{"taxonomy":"product_cat","embeddable":true,"href":"https:\/\/proramillenote.it\/fr\/wp-json\/wp\/v2\/product_cat?post=49058"},{"taxonomy":"product_tag","embeddable":true,"href":"https:\/\/proramillenote.it\/fr\/wp-json\/wp\/v2\/product_tag?post=49058"}],"curies":[{"name":"wp","href":"https:\/\/api.w.org\/{rel}","templated":true}]}}