{"id":49981,"date":"2025-11-21T14:31:21","date_gmt":"2025-11-21T13:31:21","guid":{"rendered":"https:\/\/proramillenote.it\/gadget\/porta-ricettario-a5-copertina-minerva-sku-063\/"},"modified":"2025-11-20T12:56:13","modified_gmt":"2025-11-20T11:56:13","slug":"carnets-de-prescriptions-medicales-uni-a5-minerva-sku-063","status":"publish","type":"product","link":"https:\/\/proramillenote.it\/fr\/carnets-de-prescriptions-medicales-uni-a5-minerva-sku-063\/","title":{"rendered":"Carnet d&rsquo;ordonnances UNI A5 Minerva"},"content":{"rendered":"<p>Carnet d&rsquo;ordonnances UNI A5 Minerva se caract\u00e9rise par une couverture en carton avec une ouverture Minerva, pliable \u00e0 l&rsquo;arri\u00e8re du bloc.<br \/>\nLa couverture en carton peut \u00eatre repli\u00e9e pour faciliter l&rsquo;utilisation des feuilles du carnet de recettes.<br \/>\nPersonnalisez la couverture en carton avec une impression jusqu&rsquo;\u00e0 4 couleurs en reproduisant, par exemple, la fiche technique ou la RCP de votre produit.<br \/>\nL&rsquo;en-t\u00eate imprim\u00e9, en plus de couvrir les points m\u00e9talliques qui fixent le carnet de recettes, met en avant le logo de l&rsquo;entreprise ou le nom du m\u00e9dicament.<\/p>\n<p>Jetez \u00e9galement un \u0153il aux autres <a href=\"https:\/\/proramillenote.it\/fr\/?s=ordonnances&amp;post_type=product&amp;type_aws=true&amp;lang=fr\">porte-ordonnances gadgets pour les m\u00e9decins<\/a>.<\/p>\n<h2>Carnet d&rsquo;ordonnances UNI A5 Minerva<\/h2>\n<p>Le cahier de prescriptions m\u00e9dicales est compos\u00e9 comme suit:<\/p>\n<ul>\n<li>Couverture en carton Minerva<\/li>\n<li>Bloc de 50 feuilles de prescriptions.<\/li>\n<li>Format utile A5<\/li>\n<li>Perforation<\/li>\n<\/ul>\n<p><strong>Personnalisation:<\/strong><\/p>\n<ul>\n<li>Impression offset de 1 \u00e0 4 couleurs en noir et blanc<\/li>\n<li>Impression num\u00e9rique en quadrichromie en fonction de la quantit\u00e9<\/li>\n<li>Cahier d&rsquo;ordonnances (sans impression)<\/li>\n<\/ul>\n<h6>Quantit\u00e9 minimale : 1000 pi\u00e8ces<\/h6>\n","protected":false},"excerpt":{"rendered":"<p>Carnet d&rsquo;ordonnances UNI A5 Minerva. Couverture en carton pliable et personnalis\u00e9e en 4 couleurs. Le bloc A5 perfor\u00e9 contient 50 feuilles de prescriptions pour le m\u00e9decin et pr\u00e9sente une en-t\u00eate imprim\u00e9e qui cache les points m\u00e9talliques, mettant en avant le logo de l&rsquo;entreprise ou le nom du m\u00e9dicament. Gadget pour le m\u00e9decin.<\/p>\n","protected":false},"featured_media":49965,"template":"","meta":[],"product_brand":[5138],"product_cat":[668,670,673,692,5195],"product_tag":[],"class_list":{"0":"post-49981","1":"product","2":"type-product","3":"status-publish","4":"has-post-thumbnail","6":"product_brand-fabricant-proramillenote","7":"product_cat-blocs-notes-personnalises","8":"product_cat-bloc-notes-avec-couverture-impression-de-logo","9":"product_cat-gadget-publicitaire-personnalise-pharma-veterinaire-medecin-producteur-revendeur-subcat-fr","10":"product_cat-bureau-du-medecin-gadget-personnalise","11":"product_cat-cout-entre-1-et-2-euros","12":"pa_stampa-copertina-numero-col-couverture-impression-1-couleur-fr","13":"pa_stampa-copertina-numero-col-couverture-impression-2-couleurs-fr","14":"pa_stampa-copertina-numero-col-couverture-impression-3-couleurs-fr","15":"pa_stampa-copertina-numero-col-couverture-impression-numerique-fr","16":"pa_stampa-copertina-numero-col-couverture-impression-4-couleurs","18":"first","19":"instock","20":"shipping-taxable","21":"purchasable","22":"product-type-variable","23":"has-default-attributes"},"yoast_head":"<!-- This site is optimized with the Yoast SEO Premium plugin v27.3 (Yoast SEO v27.3) - https:\/\/yoast.com\/product\/yoast-seo-premium-wordpress\/ -->\n<title>Carnet d&#039;ordonnances UNI A5 Minerva couverture en carton<\/title>\n<meta name=\"description\" content=\"Carnet d&#039;ordonnances UNI A5 Minerva couverture en carton pliable, impression quadri. 50 feuilles de prescriptions sans impression, en-t\u00eate imprim\u00e9.\" \/>\n<meta name=\"robots\" content=\"index, follow, max-snippet:-1, max-image-preview:large, max-video-preview:-1\" \/>\n<link rel=\"canonical\" href=\"https:\/\/proramillenote.it\/fr\/carnets-de-prescriptions-medicales-uni-a5-minerva-sku-063\/\" \/>\n<meta property=\"og:locale\" content=\"fr_FR\" \/>\n<meta property=\"og:type\" content=\"article\" \/>\n<meta property=\"og:title\" content=\"Carnet d&#039;ordonnances UNI A5 Minerva couverture en carton\" \/>\n<meta property=\"og:description\" content=\"Carnet d&#039;ordonnances UNI A5 Minerva couverture en carton pliable, impression quadri. 50 feuilles de prescriptions sans impression, en-t\u00eate imprim\u00e9.\" \/>\n<meta property=\"og:url\" content=\"https:\/\/proramillenote.it\/fr\/carnets-de-prescriptions-medicales-uni-a5-minerva-sku-063\/\" \/>\n<meta property=\"og:site_name\" content=\"Gadgets d\u2019entreprise et post-it personnalis\u00e9s\" \/>\n<meta property=\"og:image\" content=\"https:\/\/proramillenote.it\/wp-content\/uploads\/Kaloba_Ricettario_minerva.webp\" \/>\n\t<meta property=\"og:image:width\" content=\"600\" \/>\n\t<meta property=\"og:image:height\" content=\"600\" \/>\n\t<meta property=\"og:image:type\" content=\"image\/webp\" \/>\n<meta name=\"twitter:card\" content=\"summary_large_image\" \/>\n<script type=\"application\/ld+json\" class=\"yoast-schema-graph\">{\"@context\":\"https:\\\/\\\/schema.org\",\"@graph\":[{\"@type\":\"WebPage\",\"@id\":\"https:\\\/\\\/proramillenote.it\\\/fr\\\/carnets-de-prescriptions-medicales-uni-a5-minerva-sku-063\\\/\",\"url\":\"https:\\\/\\\/proramillenote.it\\\/fr\\\/carnets-de-prescriptions-medicales-uni-a5-minerva-sku-063\\\/\",\"name\":\"Carnet d'ordonnances UNI A5 Minerva couverture en carton\",\"isPartOf\":{\"@id\":\"https:\\\/\\\/proramillenote.it\\\/fr\\\/#website\"},\"primaryImageOfPage\":{\"@id\":\"https:\\\/\\\/proramillenote.it\\\/fr\\\/carnets-de-prescriptions-medicales-uni-a5-minerva-sku-063\\\/#primaryimage\"},\"image\":{\"@id\":\"https:\\\/\\\/proramillenote.it\\\/fr\\\/carnets-de-prescriptions-medicales-uni-a5-minerva-sku-063\\\/#primaryimage\"},\"thumbnailUrl\":\"https:\\\/\\\/proramillenote.it\\\/wp-content\\\/uploads\\\/Kaloba_Ricettario_minerva.webp?wsr\",\"datePublished\":\"2025-11-21T13:31:21+00:00\",\"description\":\"Carnet d'ordonnances UNI A5 Minerva couverture en carton pliable, impression quadri. 50 feuilles de prescriptions sans impression, en-t\u00eate imprim\u00e9.\",\"breadcrumb\":{\"@id\":\"https:\\\/\\\/proramillenote.it\\\/fr\\\/carnets-de-prescriptions-medicales-uni-a5-minerva-sku-063\\\/#breadcrumb\"},\"inLanguage\":\"fr-FR\",\"potentialAction\":[{\"@type\":\"ReadAction\",\"target\":[\"https:\\\/\\\/proramillenote.it\\\/fr\\\/carnets-de-prescriptions-medicales-uni-a5-minerva-sku-063\\\/\"]}]},{\"@type\":\"ImageObject\",\"inLanguage\":\"fr-FR\",\"@id\":\"https:\\\/\\\/proramillenote.it\\\/fr\\\/carnets-de-prescriptions-medicales-uni-a5-minerva-sku-063\\\/#primaryimage\",\"url\":\"https:\\\/\\\/proramillenote.it\\\/wp-content\\\/uploads\\\/Kaloba_Ricettario_minerva.webp?wsr\",\"contentUrl\":\"https:\\\/\\\/proramillenote.it\\\/wp-content\\\/uploads\\\/Kaloba_Ricettario_minerva.webp?wsr\",\"width\":600,\"height\":600,\"caption\":\"Kaloba portaricettario A5 copertina Minerva a soffietto\"},{\"@type\":\"BreadcrumbList\",\"@id\":\"https:\\\/\\\/proramillenote.it\\\/fr\\\/carnets-de-prescriptions-medicales-uni-a5-minerva-sku-063\\\/#breadcrumb\",\"itemListElement\":[{\"@type\":\"ListItem\",\"position\":1,\"name\":\"Proramillenote\",\"item\":\"https:\\\/\\\/proramillenote.it\\\/fr\\\/\"},{\"@type\":\"ListItem\",\"position\":2,\"name\":\"Carnet d&#8217;ordonnances UNI A5 Minerva\"}]},{\"@type\":\"WebSite\",\"@id\":\"https:\\\/\\\/proramillenote.it\\\/fr\\\/#website\",\"url\":\"https:\\\/\\\/proramillenote.it\\\/fr\\\/\",\"name\":\"Proramillenote gadget aziendali e post-it personalizzati\",\"description\":\"Post-it personalizzati, block notes con logo e gadget aziendali per il marketing B2B. Specialisti in gadget promozionali per medici e aziende farmaceutiche.\",\"publisher\":{\"@id\":\"https:\\\/\\\/proramillenote.it\\\/fr\\\/#organization\"},\"alternateName\":\"Proramillenote\",\"potentialAction\":[{\"@type\":\"SearchAction\",\"target\":{\"@type\":\"EntryPoint\",\"urlTemplate\":\"https:\\\/\\\/proramillenote.it\\\/fr\\\/?s={search_term_string}\"},\"query-input\":{\"@type\":\"PropertyValueSpecification\",\"valueRequired\":true,\"valueName\":\"search_term_string\"}}],\"inLanguage\":\"fr-FR\"},{\"@type\":\"Organization\",\"@id\":\"https:\\\/\\\/proramillenote.it\\\/fr\\\/#organization\",\"name\":\"Proramillenote gadgets d\u2019entreprise et post-it personnalis\u00e9s\",\"alternateName\":\"Proramillenote\",\"url\":\"https:\\\/\\\/proramillenote.it\\\/fr\\\/\",\"logo\":{\"@type\":\"ImageObject\",\"inLanguage\":\"fr-FR\",\"@id\":\"https:\\\/\\\/proramillenote.it\\\/fr\\\/#\\\/schema\\\/logo\\\/image\\\/\",\"url\":\"https:\\\/\\\/proramillenote.it\\\/wp-content\\\/uploads\\\/papercube800.png?wsr\",\"contentUrl\":\"https:\\\/\\\/proramillenote.it\\\/wp-content\\\/uploads\\\/papercube800.png?wsr\",\"width\":800,\"height\":800,\"caption\":\"Proramillenote gadgets d\u2019entreprise et post-it personnalis\u00e9s\"},\"image\":{\"@id\":\"https:\\\/\\\/proramillenote.it\\\/fr\\\/#\\\/schema\\\/logo\\\/image\\\/\"},\"description\":\"\u2022 Specialista in produzione e commercio di gadget per medici e gadget per veterinari personalizzati. \u2022 Produzione di gadget aziendali per qualsiasi settore merceologico dal 1975. \u2022 Produttore di post-it personalizzati, post-it sagomati e cubi di carta personalizzati in stampa digitale oppure offset. Produttore di block-notes con logo. \u2022 Con cartotecnica creativa progettiamo KIT di post-it su misura, Made in Italy e di design italiano, insigniti del prestigioso premio europeo PGA Promotional Gift Award. \u2022 Concorso #Ossoduro \\\"Design di brand reminder da scrivania innovativi\\\" concepito per incoraggiare la creativit\u00e0 degli studenti di scuole secondarie di design e grafica. Annuale - Ed.7\u00b0 2024-2025. \u2022 Proramillenote \u00e8 produttore accreditato EUDAMED per la fornitura di DMClasse I \u2022 Proramillenote \u00e8 certificata FSC\u00ae Chain of custody.\",\"email\":\"customercare@proramillenote.it\",\"telephone\":\"+39 039616593\",\"legalName\":\"Proramillenote Srl\",\"foundingDate\":\"1972-01-01\",\"vatID\":\"10323920966\",\"taxID\":\"10323920966\",\"numberOfEmployees\":{\"@type\":\"QuantitativeValue\",\"minValue\":\"11\",\"maxValue\":\"50\"},\"publishingPrinciples\":\"https:\\\/\\\/proramillenote.it\\\/politica-su-etica\\\/\",\"ownershipFundingInfo\":\"https:\\\/\\\/proramillenote.it\\\/politica-su-etica\\\/\",\"actionableFeedbackPolicy\":\"https:\\\/\\\/proramillenote.it\\\/politica-su-etica\\\/\",\"correctionsPolicy\":\"https:\\\/\\\/proramillenote.it\\\/politica-su-etica\\\/\",\"ethicsPolicy\":\"https:\\\/\\\/proramillenote.it\\\/politica-su-etica\\\/\",\"diversityPolicy\":\"https:\\\/\\\/proramillenote.it\\\/politica-su-etica\\\/\",\"diversityStaffingReport\":\"https:\\\/\\\/proramillenote.it\\\/politica-su-etica\\\/\"}]}<\/script>\n<meta property=\"product:brand\" content=\"Fabricant Proramillenote\" \/>\n<meta property=\"og:availability\" content=\"instock\" \/>\n<meta property=\"product:availability\" content=\"instock\" \/>\n<meta property=\"product:retailer_item_id\" content=\"063\" \/>\n<meta property=\"product:condition\" content=\"new\" \/>\n<!-- \/ Yoast SEO Premium plugin. -->","yoast_head_json":{"title":"Carnet d'ordonnances UNI A5 Minerva couverture en carton","description":"Carnet d'ordonnances UNI A5 Minerva couverture en carton pliable, impression quadri. 50 feuilles de prescriptions sans impression, en-t\u00eate imprim\u00e9.","robots":{"index":"index","follow":"follow","max-snippet":"max-snippet:-1","max-image-preview":"max-image-preview:large","max-video-preview":"max-video-preview:-1"},"canonical":"https:\/\/proramillenote.it\/fr\/carnets-de-prescriptions-medicales-uni-a5-minerva-sku-063\/","og_locale":"fr_FR","og_type":"article","og_title":"Carnet d'ordonnances UNI A5 Minerva couverture en carton","og_description":"Carnet d'ordonnances UNI A5 Minerva couverture en carton pliable, impression quadri. 50 feuilles de prescriptions sans impression, en-t\u00eate imprim\u00e9.","og_url":"https:\/\/proramillenote.it\/fr\/carnets-de-prescriptions-medicales-uni-a5-minerva-sku-063\/","og_site_name":"Gadgets d\u2019entreprise et post-it personnalis\u00e9s","og_image":[{"width":600,"height":600,"url":"https:\/\/proramillenote.it\/wp-content\/uploads\/Kaloba_Ricettario_minerva.webp","type":"image\/webp"}],"twitter_card":"summary_large_image","schema":{"@context":"https:\/\/schema.org","@graph":[{"@type":"WebPage","@id":"https:\/\/proramillenote.it\/fr\/carnets-de-prescriptions-medicales-uni-a5-minerva-sku-063\/","url":"https:\/\/proramillenote.it\/fr\/carnets-de-prescriptions-medicales-uni-a5-minerva-sku-063\/","name":"Carnet d'ordonnances UNI A5 Minerva couverture en carton","isPartOf":{"@id":"https:\/\/proramillenote.it\/fr\/#website"},"primaryImageOfPage":{"@id":"https:\/\/proramillenote.it\/fr\/carnets-de-prescriptions-medicales-uni-a5-minerva-sku-063\/#primaryimage"},"image":{"@id":"https:\/\/proramillenote.it\/fr\/carnets-de-prescriptions-medicales-uni-a5-minerva-sku-063\/#primaryimage"},"thumbnailUrl":"https:\/\/proramillenote.it\/wp-content\/uploads\/Kaloba_Ricettario_minerva.webp?wsr","datePublished":"2025-11-21T13:31:21+00:00","description":"Carnet d'ordonnances UNI A5 Minerva couverture en carton pliable, impression quadri. 50 feuilles de prescriptions sans impression, en-t\u00eate imprim\u00e9.","breadcrumb":{"@id":"https:\/\/proramillenote.it\/fr\/carnets-de-prescriptions-medicales-uni-a5-minerva-sku-063\/#breadcrumb"},"inLanguage":"fr-FR","potentialAction":[{"@type":"ReadAction","target":["https:\/\/proramillenote.it\/fr\/carnets-de-prescriptions-medicales-uni-a5-minerva-sku-063\/"]}]},{"@type":"ImageObject","inLanguage":"fr-FR","@id":"https:\/\/proramillenote.it\/fr\/carnets-de-prescriptions-medicales-uni-a5-minerva-sku-063\/#primaryimage","url":"https:\/\/proramillenote.it\/wp-content\/uploads\/Kaloba_Ricettario_minerva.webp?wsr","contentUrl":"https:\/\/proramillenote.it\/wp-content\/uploads\/Kaloba_Ricettario_minerva.webp?wsr","width":600,"height":600,"caption":"Kaloba portaricettario A5 copertina Minerva a soffietto"},{"@type":"BreadcrumbList","@id":"https:\/\/proramillenote.it\/fr\/carnets-de-prescriptions-medicales-uni-a5-minerva-sku-063\/#breadcrumb","itemListElement":[{"@type":"ListItem","position":1,"name":"Proramillenote","item":"https:\/\/proramillenote.it\/fr\/"},{"@type":"ListItem","position":2,"name":"Carnet d&#8217;ordonnances UNI A5 Minerva"}]},{"@type":"WebSite","@id":"https:\/\/proramillenote.it\/fr\/#website","url":"https:\/\/proramillenote.it\/fr\/","name":"Proramillenote gadget aziendali e post-it personalizzati","description":"Post-it personalizzati, block notes con logo e gadget aziendali per il marketing B2B. Specialisti in gadget promozionali per medici e aziende farmaceutiche.","publisher":{"@id":"https:\/\/proramillenote.it\/fr\/#organization"},"alternateName":"Proramillenote","potentialAction":[{"@type":"SearchAction","target":{"@type":"EntryPoint","urlTemplate":"https:\/\/proramillenote.it\/fr\/?s={search_term_string}"},"query-input":{"@type":"PropertyValueSpecification","valueRequired":true,"valueName":"search_term_string"}}],"inLanguage":"fr-FR"},{"@type":"Organization","@id":"https:\/\/proramillenote.it\/fr\/#organization","name":"Proramillenote gadgets d\u2019entreprise et post-it personnalis\u00e9s","alternateName":"Proramillenote","url":"https:\/\/proramillenote.it\/fr\/","logo":{"@type":"ImageObject","inLanguage":"fr-FR","@id":"https:\/\/proramillenote.it\/fr\/#\/schema\/logo\/image\/","url":"https:\/\/proramillenote.it\/wp-content\/uploads\/papercube800.png?wsr","contentUrl":"https:\/\/proramillenote.it\/wp-content\/uploads\/papercube800.png?wsr","width":800,"height":800,"caption":"Proramillenote gadgets d\u2019entreprise et post-it personnalis\u00e9s"},"image":{"@id":"https:\/\/proramillenote.it\/fr\/#\/schema\/logo\/image\/"},"description":"\u2022 Specialista in produzione e commercio di gadget per medici e gadget per veterinari personalizzati. \u2022 Produzione di gadget aziendali per qualsiasi settore merceologico dal 1975. \u2022 Produttore di post-it personalizzati, post-it sagomati e cubi di carta personalizzati in stampa digitale oppure offset. Produttore di block-notes con logo. \u2022 Con cartotecnica creativa progettiamo KIT di post-it su misura, Made in Italy e di design italiano, insigniti del prestigioso premio europeo PGA Promotional Gift Award. \u2022 Concorso #Ossoduro \"Design di brand reminder da scrivania innovativi\" concepito per incoraggiare la creativit\u00e0 degli studenti di scuole secondarie di design e grafica. Annuale - Ed.7\u00b0 2024-2025. \u2022 Proramillenote \u00e8 produttore accreditato EUDAMED per la fornitura di DMClasse I \u2022 Proramillenote \u00e8 certificata FSC\u00ae Chain of custody.","email":"customercare@proramillenote.it","telephone":"+39 039616593","legalName":"Proramillenote Srl","foundingDate":"1972-01-01","vatID":"10323920966","taxID":"10323920966","numberOfEmployees":{"@type":"QuantitativeValue","minValue":"11","maxValue":"50"},"publishingPrinciples":"https:\/\/proramillenote.it\/politica-su-etica\/","ownershipFundingInfo":"https:\/\/proramillenote.it\/politica-su-etica\/","actionableFeedbackPolicy":"https:\/\/proramillenote.it\/politica-su-etica\/","correctionsPolicy":"https:\/\/proramillenote.it\/politica-su-etica\/","ethicsPolicy":"https:\/\/proramillenote.it\/politica-su-etica\/","diversityPolicy":"https:\/\/proramillenote.it\/politica-su-etica\/","diversityStaffingReport":"https:\/\/proramillenote.it\/politica-su-etica\/"}]},"product_brand":"Fabricant Proramillenote","og_availability":"instock","product_availability":"instock","product_retailer_item_id":"063","product_condition":"new"},"_links":{"self":[{"href":"https:\/\/proramillenote.it\/fr\/wp-json\/wp\/v2\/product\/49981","targetHints":{"allow":["GET"]}}],"collection":[{"href":"https:\/\/proramillenote.it\/fr\/wp-json\/wp\/v2\/product"}],"about":[{"href":"https:\/\/proramillenote.it\/fr\/wp-json\/wp\/v2\/types\/product"}],"version-history":[{"count":0,"href":"https:\/\/proramillenote.it\/fr\/wp-json\/wp\/v2\/product\/49981\/revisions"}],"wp:featuredmedia":[{"embeddable":true,"href":"https:\/\/proramillenote.it\/fr\/wp-json\/wp\/v2\/media\/49965"}],"wp:attachment":[{"href":"https:\/\/proramillenote.it\/fr\/wp-json\/wp\/v2\/media?parent=49981"}],"wp:term":[{"taxonomy":"product_brand","embeddable":true,"href":"https:\/\/proramillenote.it\/fr\/wp-json\/wp\/v2\/product_brand?post=49981"},{"taxonomy":"product_cat","embeddable":true,"href":"https:\/\/proramillenote.it\/fr\/wp-json\/wp\/v2\/product_cat?post=49981"},{"taxonomy":"product_tag","embeddable":true,"href":"https:\/\/proramillenote.it\/fr\/wp-json\/wp\/v2\/product_tag?post=49981"}],"curies":[{"name":"wp","href":"https:\/\/api.w.org\/{rel}","templated":true}]}}