{"id":61165,"date":"2025-11-20T10:45:50","date_gmt":"2025-11-20T09:45:50","guid":{"rendered":"https:\/\/proramillenote.it\/?post_type=product&#038;p=61165"},"modified":"2025-11-20T12:56:13","modified_gmt":"2025-11-20T11:56:13","slug":"slide-a-tiroir-post-it-avec-marque-pages-papier-adhesifs-103","status":"publish","type":"product","link":"https:\/\/proramillenote.it\/fr\/slide-a-tiroir-post-it-avec-marque-pages-papier-adhesifs-103\/","title":{"rendered":"Slide \u00e0 tiroir post-it avec marque-pages papier adh\u00e9sifs"},"content":{"rendered":"<h2>Slide \u00e0 tiroir post-it avec marque-pages papier adh\u00e9sifs<\/h2>\n<p>Avec <strong>Slide \u00e0 tiroir post-it avec marque-pages papier adh\u00e9sifs<\/strong>, nous introduisons un nouveau mod\u00e8le de post-it contenus dans un \u00e9tui \u00e0 tiroir promotionnel.<br \/>\nL&rsquo;\u00e9tui est enti\u00e8rement personnalis\u00e9 avec une impression num\u00e9rique ou offset, et il suffit de tirer sur la languette d\u00e9sign\u00e9e pour ouvrir le tiroir et acc\u00e9der aux post-it carr\u00e9s, \u00e9galement personnalis\u00e9s avec un logo en impression offset de 1 \u00e0 4 couleurs.<br \/>\nLorsque le tiroir s&rsquo;ouvre, un ing\u00e9nieux m\u00e9canisme en papier soul\u00e8ve un crowner \u00e0 deux faces.<br \/>\nUn c\u00f4t\u00e9 du crowner contient un ensemble de <strong>marqueur de pages<\/strong><strong> post-it<\/strong><strong>. <\/strong><br \/>\nL&rsquo;autre c\u00f4t\u00e9 du crowner met en valeur un message promotionnel ou un logo.<\/p>\n<p><strong>Slide tiroir post-it et index en papier<\/strong> est un <strong>cadeau d&rsquo;entreprise \u00e9cologique<\/strong> lorsqu&rsquo;il est fabriqu\u00e9 avec des mat\u00e9riaux recycl\u00e9s.<br \/>\n<strong>Convient comme gadget pour les m\u00e9decins et les v\u00e9t\u00e9rinaires.<\/strong><\/p>\n<p><img decoding=\"async\" class=\"wp-image-61639\" title=\"SlideLogo\" src=\"https:\/\/proramillenote.it\/wp-content\/uploads\/Slide-300x159.webp\" alt=\"Slide Logo\" width=\"200\" height=\"106\" srcset=\"https:\/\/proramillenote.it\/wp-content\/uploads\/Slide-300x159.webp 300w, https:\/\/proramillenote.it\/wp-content\/uploads\/Slide.webp 350w\" sizes=\"(max-width: 200px) 100vw, 200px\" \/><\/p>\n<h3><strong>Infos techniques \u00e9tui<\/strong><\/h3>\n<ul>\n<li><strong>Matier\u00e8s <\/strong>: carton recycl\u00e9 350 g\/m<sup>2<\/sup><\/li>\n<li><strong>Format :<\/strong> 105x80x15 mm<\/li>\n<li><strong>Personnalisation :<\/strong> impression num\u00e9rique ou offset (en fonction des quantit\u00e9s)<\/li>\n<li><strong>Dimensions de l&rsquo;en-t\u00eate crowner soulev\u00e9 :<\/strong> 75&#215;55 mm, bifacial (un c\u00f4t\u00e9 publicitaire quadri-couleurs, l&rsquo;autre avec des drapeaux de pages en papier)<\/li>\n<\/ul>\n<h3><strong>Infos techniques<\/strong><strong> des post-it<\/strong><\/h3>\n<ul>\n<li><strong>Mat\u00e9riau :<\/strong> papier adh\u00e9sif<\/li>\n<li><strong>Format :<\/strong> 75&#215;75 mm, 100 feuilles<\/li>\n<li><strong>Marquage<\/strong><strong>:<\/strong>\u00a0impression offset de 1 \u00e0 4 couleurs sur les feuilles<\/li>\n<\/ul>\n<h3>Marque-page post-it<\/h3>\n<ul>\n<li><strong>Matier\u00e8s :<\/strong> papier adh\u00e9sif<\/li>\n<li><strong>Format :<\/strong> 70&#215;50 mm<\/li>\n<li><strong>Ensembles des onglettes :<\/strong> 4 paquets de 20 drapeaux chacun<\/li>\n<li><strong>Format de chaque onglette :<\/strong> 17 (c\u00f4t\u00e9 adh\u00e9sif) x 50 mm<\/li>\n<li><strong>Personnalisation :<\/strong> impression offset de 1 \u00e0 4 couleurs<\/li>\n<\/ul>\n<p><img decoding=\"async\" class=\"alignnone wp-image-30557\" title=\"Eco\" src=\"https:\/\/proramillenote.it\/wp-content\/uploads\/\/Eco-300x146.webp\" alt=\"\u00c9cologique\" width=\"150\" height=\"73\" srcset=\"https:\/\/proramillenote.it\/wp-content\/uploads\/Eco-300x146.webp 300w, https:\/\/proramillenote.it\/wp-content\/uploads\/Eco-600x291.webp 600w, https:\/\/proramillenote.it\/wp-content\/uploads\/Eco-1024x497.webp 1024w, https:\/\/proramillenote.it\/wp-content\/uploads\/Eco-768x373.webp 768w, https:\/\/proramillenote.it\/wp-content\/uploads\/Eco.webp 1380w\" sizes=\"(max-width: 150px) 100vw, 150px\" \/><\/p>\n<p><strong>Demandez Slide en papier recycl\u00e9<\/strong><\/p>\n<p><span style=\"font-size: 10.72px; font-weight: bold;\">Quantit\u00e9 minimum : 500 pi\u00e8ces<\/span><\/p>\n<p>D\u00e9couvrez <a href=\"https:\/\/proramillenote.it\/fr\/slide-notes-adhesives-a-tiroir-et-pet-marque-page-crowner-sku-101\/\">Slide \u00e9cologique avec des marque pages en PET<\/a><\/p>\n<p><iframe title=\"YouTube video player SLIDE FR MARQUE-PAGE EN PET'\" src=\"https:\/\/www.youtube-nocookie.com\/embed\/nkmzj6UWfE0?rel=0&amp;modestbranding=1\" width=\"640\" height=\"360\" frameborder=\"0\" allowfullscreen=\"allowfullscreen\"><\/iframe><\/p>\n","protected":false},"excerpt":{"rendered":"<p>Slide \u00e0 tiroir post-it et marque-pages en papier adh\u00e9sif, nouveau mod\u00e8le de post-it dans un \u00e9tui promotionnel personnalis\u00e9. Crowner pop-up avec marque-pages post-it. Gadget \u00e9co pour m\u00e9decins\/v\u00e9t\u00e9rinaires.<\/p>\n","protected":false},"featured_media":61602,"template":"","meta":[],"product_brand":[5132],"product_cat":[541],"product_tag":[5185,5453],"class_list":{"0":"post-61165","1":"product","2":"type-product","3":"status-publish","4":"has-post-thumbnail","6":"product_brand-produzione-proramillenote","7":"product_cat-archivio-prodotti","8":"product_tag-post-it-crowner","9":"product_tag-slide-post-it-e-bandierine-carta-pet","10":"pa_num-col-stampa-fogli-post-it-fogli-stampa-2-colori","11":"pa_num-col-stampa-fogli-post-it-fogli-stampa-1-colore","12":"pa_num-col-stampa-fogli-post-it-fogli-stampa-3-colori","13":"pa_num-col-stampa-fogli-post-it-fogli-stampa-4-colori","14":"pa_num-colori-stmp-bandierine-stp-bandierine-1c","15":"pa_num-colori-stmp-bandierine-stp-bandierine-2c","16":"pa_num-colori-stmp-bandierine-stp-bandierine-3c","17":"pa_num-colori-stmp-bandierine-stp-bandierine-4c","18":"pa_num-colori-stmp-bandierine-stp-bandierine-quadricromia","19":"pa_stampa-astuccio-col-ast-1c","20":"pa_stampa-astuccio-col-ast-2c","21":"pa_stampa-astuccio-col-ast-3c","22":"pa_stampa-astuccio-col-ast-4c","23":"pa_stampa-astuccio-col-stmp-digitale-astuccio","24":"pa_tipo-di-carta-materiali-carta-adesiva-fsc","25":"pa_tipo-di-carta-materiali-carta-adesiva-riciclata","27":"first","28":"instock","29":"shipping-taxable","30":"purchasable","31":"product-type-variable","32":"has-default-attributes"},"yoast_head":"<!-- This site is optimized with the Yoast SEO Premium plugin v27.3 (Yoast SEO v27.3) - https:\/\/yoast.com\/product\/yoast-seo-premium-wordpress\/ -->\n<title>Slide \u00e0 tiroir post-it avec marque-pages papier adh\u00e9sifs<\/title>\n<meta name=\"description\" content=\"Slide post-it et PET marque-pages crowner. \u00c9tui personnalis\u00e9 avec des post-it d\u00e9tachables et un marque-pages relevable. Gadget \u00e9cologique, 100% recyclable.\" \/>\n<meta name=\"robots\" content=\"index, follow, max-snippet:-1, max-image-preview:large, max-video-preview:-1\" \/>\n<link rel=\"canonical\" href=\"https:\/\/proramillenote.it\/fr\/slide-a-tiroir-post-it-avec-marque-pages-papier-adhesifs-103\/\" \/>\n<meta property=\"og:locale\" content=\"fr_FR\" \/>\n<meta property=\"og:type\" content=\"article\" \/>\n<meta property=\"og:title\" content=\"Slide \u00e0 tiroir post-it avec marque-pages papier adh\u00e9sifs\" \/>\n<meta property=\"og:description\" content=\"Slide post-it et PET marque-pages crowner. \u00c9tui personnalis\u00e9 avec des post-it d\u00e9tachables et un marque-pages relevable. Gadget \u00e9cologique, 100% recyclable.\" \/>\n<meta property=\"og:url\" content=\"https:\/\/proramillenote.it\/fr\/slide-a-tiroir-post-it-avec-marque-pages-papier-adhesifs-103\/\" \/>\n<meta property=\"og:site_name\" content=\"Gadgets d\u2019entreprise et post-it personnalis\u00e9s\" \/>\n<meta property=\"article:modified_time\" content=\"2025-11-20T11:56:13+00:00\" \/>\n<meta property=\"og:image\" content=\"https:\/\/proramillenote.it\/wp-content\/uploads\/Slide-post-it-cassetto-bandierine-carta.gif\" \/>\n\t<meta property=\"og:image:width\" content=\"600\" \/>\n\t<meta property=\"og:image:height\" content=\"600\" \/>\n\t<meta property=\"og:image:type\" content=\"image\/gif\" \/>\n<meta name=\"twitter:card\" content=\"summary_large_image\" \/>\n<script type=\"application\/ld+json\" class=\"yoast-schema-graph\">{\"@context\":\"https:\\\/\\\/schema.org\",\"@graph\":[{\"@type\":\"WebPage\",\"@id\":\"https:\\\/\\\/proramillenote.it\\\/fr\\\/slide-a-tiroir-post-it-avec-marque-pages-papier-adhesifs-103\\\/\",\"url\":\"https:\\\/\\\/proramillenote.it\\\/fr\\\/slide-a-tiroir-post-it-avec-marque-pages-papier-adhesifs-103\\\/\",\"name\":\"Slide \u00e0 tiroir post-it avec marque-pages papier adh\u00e9sifs\",\"isPartOf\":{\"@id\":\"https:\\\/\\\/proramillenote.it\\\/fr\\\/#website\"},\"primaryImageOfPage\":{\"@id\":\"https:\\\/\\\/proramillenote.it\\\/fr\\\/slide-a-tiroir-post-it-avec-marque-pages-papier-adhesifs-103\\\/#primaryimage\"},\"image\":{\"@id\":\"https:\\\/\\\/proramillenote.it\\\/fr\\\/slide-a-tiroir-post-it-avec-marque-pages-papier-adhesifs-103\\\/#primaryimage\"},\"thumbnailUrl\":\"https:\\\/\\\/proramillenote.it\\\/wp-content\\\/uploads\\\/Slide-post-it-cassetto-bandierine-carta.gif?wsr\",\"datePublished\":\"2025-11-20T09:45:50+00:00\",\"dateModified\":\"2025-11-20T11:56:13+00:00\",\"description\":\"Slide post-it et PET marque-pages crowner. \u00c9tui personnalis\u00e9 avec des post-it d\u00e9tachables et un marque-pages relevable. Gadget \u00e9cologique, 100% recyclable.\",\"breadcrumb\":{\"@id\":\"https:\\\/\\\/proramillenote.it\\\/fr\\\/slide-a-tiroir-post-it-avec-marque-pages-papier-adhesifs-103\\\/#breadcrumb\"},\"inLanguage\":\"fr-FR\",\"potentialAction\":[{\"@type\":\"ReadAction\",\"target\":[\"https:\\\/\\\/proramillenote.it\\\/fr\\\/slide-a-tiroir-post-it-avec-marque-pages-papier-adhesifs-103\\\/\"]}]},{\"@type\":\"ImageObject\",\"inLanguage\":\"fr-FR\",\"@id\":\"https:\\\/\\\/proramillenote.it\\\/fr\\\/slide-a-tiroir-post-it-avec-marque-pages-papier-adhesifs-103\\\/#primaryimage\",\"url\":\"https:\\\/\\\/proramillenote.it\\\/wp-content\\\/uploads\\\/Slide-post-it-cassetto-bandierine-carta.gif?wsr\",\"contentUrl\":\"https:\\\/\\\/proramillenote.it\\\/wp-content\\\/uploads\\\/Slide-post-it-cassetto-bandierine-carta.gif?wsr\",\"width\":600,\"height\":600,\"caption\":\"Post-it avec marque-pages post-it papier-adhesifs\"},{\"@type\":\"BreadcrumbList\",\"@id\":\"https:\\\/\\\/proramillenote.it\\\/fr\\\/slide-a-tiroir-post-it-avec-marque-pages-papier-adhesifs-103\\\/#breadcrumb\",\"itemListElement\":[{\"@type\":\"ListItem\",\"position\":1,\"name\":\"Proramillenote\",\"item\":\"https:\\\/\\\/proramillenote.it\\\/fr\\\/\"},{\"@type\":\"ListItem\",\"position\":2,\"name\":\"Slide \u00e0 tiroir post-it avec marque-pages papier adh\u00e9sifs\"}]},{\"@type\":\"WebSite\",\"@id\":\"https:\\\/\\\/proramillenote.it\\\/fr\\\/#website\",\"url\":\"https:\\\/\\\/proramillenote.it\\\/fr\\\/\",\"name\":\"Proramillenote gadget aziendali e post-it personalizzati\",\"description\":\"Post-it personalizzati, block notes con logo e gadget aziendali per il marketing B2B. Specialisti in gadget promozionali per medici e aziende farmaceutiche.\",\"publisher\":{\"@id\":\"https:\\\/\\\/proramillenote.it\\\/fr\\\/#organization\"},\"alternateName\":\"Proramillenote\",\"potentialAction\":[{\"@type\":\"SearchAction\",\"target\":{\"@type\":\"EntryPoint\",\"urlTemplate\":\"https:\\\/\\\/proramillenote.it\\\/fr\\\/?s={search_term_string}\"},\"query-input\":{\"@type\":\"PropertyValueSpecification\",\"valueRequired\":true,\"valueName\":\"search_term_string\"}}],\"inLanguage\":\"fr-FR\"},{\"@type\":\"Organization\",\"@id\":\"https:\\\/\\\/proramillenote.it\\\/fr\\\/#organization\",\"name\":\"Proramillenote gadgets d\u2019entreprise et post-it personnalis\u00e9s\",\"alternateName\":\"Proramillenote\",\"url\":\"https:\\\/\\\/proramillenote.it\\\/fr\\\/\",\"logo\":{\"@type\":\"ImageObject\",\"inLanguage\":\"fr-FR\",\"@id\":\"https:\\\/\\\/proramillenote.it\\\/fr\\\/#\\\/schema\\\/logo\\\/image\\\/\",\"url\":\"https:\\\/\\\/proramillenote.it\\\/wp-content\\\/uploads\\\/papercube800.png?wsr\",\"contentUrl\":\"https:\\\/\\\/proramillenote.it\\\/wp-content\\\/uploads\\\/papercube800.png?wsr\",\"width\":800,\"height\":800,\"caption\":\"Proramillenote gadgets d\u2019entreprise et post-it personnalis\u00e9s\"},\"image\":{\"@id\":\"https:\\\/\\\/proramillenote.it\\\/fr\\\/#\\\/schema\\\/logo\\\/image\\\/\"},\"description\":\"\u2022 Specialista in produzione e commercio di gadget per medici e gadget per veterinari personalizzati. \u2022 Produzione di gadget aziendali per qualsiasi settore merceologico dal 1975. \u2022 Produttore di post-it personalizzati, post-it sagomati e cubi di carta personalizzati in stampa digitale oppure offset. Produttore di block-notes con logo. \u2022 Con cartotecnica creativa progettiamo KIT di post-it su misura, Made in Italy e di design italiano, insigniti del prestigioso premio europeo PGA Promotional Gift Award. \u2022 Concorso #Ossoduro \\\"Design di brand reminder da scrivania innovativi\\\" concepito per incoraggiare la creativit\u00e0 degli studenti di scuole secondarie di design e grafica. Annuale - Ed.7\u00b0 2024-2025. \u2022 Proramillenote \u00e8 produttore accreditato EUDAMED per la fornitura di DMClasse I \u2022 Proramillenote \u00e8 certificata FSC\u00ae Chain of custody.\",\"email\":\"customercare@proramillenote.it\",\"telephone\":\"+39 039616593\",\"legalName\":\"Proramillenote Srl\",\"foundingDate\":\"1972-01-01\",\"vatID\":\"10323920966\",\"taxID\":\"10323920966\",\"numberOfEmployees\":{\"@type\":\"QuantitativeValue\",\"minValue\":\"11\",\"maxValue\":\"50\"},\"publishingPrinciples\":\"https:\\\/\\\/proramillenote.it\\\/politica-su-etica\\\/\",\"ownershipFundingInfo\":\"https:\\\/\\\/proramillenote.it\\\/politica-su-etica\\\/\",\"actionableFeedbackPolicy\":\"https:\\\/\\\/proramillenote.it\\\/politica-su-etica\\\/\",\"correctionsPolicy\":\"https:\\\/\\\/proramillenote.it\\\/politica-su-etica\\\/\",\"ethicsPolicy\":\"https:\\\/\\\/proramillenote.it\\\/politica-su-etica\\\/\",\"diversityPolicy\":\"https:\\\/\\\/proramillenote.it\\\/politica-su-etica\\\/\",\"diversityStaffingReport\":\"https:\\\/\\\/proramillenote.it\\\/politica-su-etica\\\/\"}]}<\/script>\n<meta property=\"product:brand\" content=\"Proramillenote\" \/>\n<meta property=\"og:availability\" content=\"instock\" \/>\n<meta property=\"product:availability\" content=\"instock\" \/>\n<meta property=\"product:retailer_item_id\" content=\"103\" \/>\n<meta property=\"product:condition\" content=\"new\" \/>\n<!-- \/ Yoast SEO Premium plugin. -->","yoast_head_json":{"title":"Slide \u00e0 tiroir post-it avec marque-pages papier adh\u00e9sifs","description":"Slide post-it et PET marque-pages crowner. \u00c9tui personnalis\u00e9 avec des post-it d\u00e9tachables et un marque-pages relevable. Gadget \u00e9cologique, 100% recyclable.","robots":{"index":"index","follow":"follow","max-snippet":"max-snippet:-1","max-image-preview":"max-image-preview:large","max-video-preview":"max-video-preview:-1"},"canonical":"https:\/\/proramillenote.it\/fr\/slide-a-tiroir-post-it-avec-marque-pages-papier-adhesifs-103\/","og_locale":"fr_FR","og_type":"article","og_title":"Slide \u00e0 tiroir post-it avec marque-pages papier adh\u00e9sifs","og_description":"Slide post-it et PET marque-pages crowner. \u00c9tui personnalis\u00e9 avec des post-it d\u00e9tachables et un marque-pages relevable. Gadget \u00e9cologique, 100% recyclable.","og_url":"https:\/\/proramillenote.it\/fr\/slide-a-tiroir-post-it-avec-marque-pages-papier-adhesifs-103\/","og_site_name":"Gadgets d\u2019entreprise et post-it personnalis\u00e9s","article_modified_time":"2025-11-20T11:56:13+00:00","og_image":[{"width":600,"height":600,"url":"https:\/\/proramillenote.it\/wp-content\/uploads\/Slide-post-it-cassetto-bandierine-carta.gif","type":"image\/gif"}],"twitter_card":"summary_large_image","schema":{"@context":"https:\/\/schema.org","@graph":[{"@type":"WebPage","@id":"https:\/\/proramillenote.it\/fr\/slide-a-tiroir-post-it-avec-marque-pages-papier-adhesifs-103\/","url":"https:\/\/proramillenote.it\/fr\/slide-a-tiroir-post-it-avec-marque-pages-papier-adhesifs-103\/","name":"Slide \u00e0 tiroir post-it avec marque-pages papier adh\u00e9sifs","isPartOf":{"@id":"https:\/\/proramillenote.it\/fr\/#website"},"primaryImageOfPage":{"@id":"https:\/\/proramillenote.it\/fr\/slide-a-tiroir-post-it-avec-marque-pages-papier-adhesifs-103\/#primaryimage"},"image":{"@id":"https:\/\/proramillenote.it\/fr\/slide-a-tiroir-post-it-avec-marque-pages-papier-adhesifs-103\/#primaryimage"},"thumbnailUrl":"https:\/\/proramillenote.it\/wp-content\/uploads\/Slide-post-it-cassetto-bandierine-carta.gif?wsr","datePublished":"2025-11-20T09:45:50+00:00","dateModified":"2025-11-20T11:56:13+00:00","description":"Slide post-it et PET marque-pages crowner. \u00c9tui personnalis\u00e9 avec des post-it d\u00e9tachables et un marque-pages relevable. Gadget \u00e9cologique, 100% recyclable.","breadcrumb":{"@id":"https:\/\/proramillenote.it\/fr\/slide-a-tiroir-post-it-avec-marque-pages-papier-adhesifs-103\/#breadcrumb"},"inLanguage":"fr-FR","potentialAction":[{"@type":"ReadAction","target":["https:\/\/proramillenote.it\/fr\/slide-a-tiroir-post-it-avec-marque-pages-papier-adhesifs-103\/"]}]},{"@type":"ImageObject","inLanguage":"fr-FR","@id":"https:\/\/proramillenote.it\/fr\/slide-a-tiroir-post-it-avec-marque-pages-papier-adhesifs-103\/#primaryimage","url":"https:\/\/proramillenote.it\/wp-content\/uploads\/Slide-post-it-cassetto-bandierine-carta.gif?wsr","contentUrl":"https:\/\/proramillenote.it\/wp-content\/uploads\/Slide-post-it-cassetto-bandierine-carta.gif?wsr","width":600,"height":600,"caption":"Post-it avec marque-pages post-it papier-adhesifs"},{"@type":"BreadcrumbList","@id":"https:\/\/proramillenote.it\/fr\/slide-a-tiroir-post-it-avec-marque-pages-papier-adhesifs-103\/#breadcrumb","itemListElement":[{"@type":"ListItem","position":1,"name":"Proramillenote","item":"https:\/\/proramillenote.it\/fr\/"},{"@type":"ListItem","position":2,"name":"Slide \u00e0 tiroir post-it avec marque-pages papier adh\u00e9sifs"}]},{"@type":"WebSite","@id":"https:\/\/proramillenote.it\/fr\/#website","url":"https:\/\/proramillenote.it\/fr\/","name":"Proramillenote gadget aziendali e post-it personalizzati","description":"Post-it personalizzati, block notes con logo e gadget aziendali per il marketing B2B. Specialisti in gadget promozionali per medici e aziende farmaceutiche.","publisher":{"@id":"https:\/\/proramillenote.it\/fr\/#organization"},"alternateName":"Proramillenote","potentialAction":[{"@type":"SearchAction","target":{"@type":"EntryPoint","urlTemplate":"https:\/\/proramillenote.it\/fr\/?s={search_term_string}"},"query-input":{"@type":"PropertyValueSpecification","valueRequired":true,"valueName":"search_term_string"}}],"inLanguage":"fr-FR"},{"@type":"Organization","@id":"https:\/\/proramillenote.it\/fr\/#organization","name":"Proramillenote gadgets d\u2019entreprise et post-it personnalis\u00e9s","alternateName":"Proramillenote","url":"https:\/\/proramillenote.it\/fr\/","logo":{"@type":"ImageObject","inLanguage":"fr-FR","@id":"https:\/\/proramillenote.it\/fr\/#\/schema\/logo\/image\/","url":"https:\/\/proramillenote.it\/wp-content\/uploads\/papercube800.png?wsr","contentUrl":"https:\/\/proramillenote.it\/wp-content\/uploads\/papercube800.png?wsr","width":800,"height":800,"caption":"Proramillenote gadgets d\u2019entreprise et post-it personnalis\u00e9s"},"image":{"@id":"https:\/\/proramillenote.it\/fr\/#\/schema\/logo\/image\/"},"description":"\u2022 Specialista in produzione e commercio di gadget per medici e gadget per veterinari personalizzati. \u2022 Produzione di gadget aziendali per qualsiasi settore merceologico dal 1975. \u2022 Produttore di post-it personalizzati, post-it sagomati e cubi di carta personalizzati in stampa digitale oppure offset. Produttore di block-notes con logo. \u2022 Con cartotecnica creativa progettiamo KIT di post-it su misura, Made in Italy e di design italiano, insigniti del prestigioso premio europeo PGA Promotional Gift Award. \u2022 Concorso #Ossoduro \"Design di brand reminder da scrivania innovativi\" concepito per incoraggiare la creativit\u00e0 degli studenti di scuole secondarie di design e grafica. Annuale - Ed.7\u00b0 2024-2025. \u2022 Proramillenote \u00e8 produttore accreditato EUDAMED per la fornitura di DMClasse I \u2022 Proramillenote \u00e8 certificata FSC\u00ae Chain of custody.","email":"customercare@proramillenote.it","telephone":"+39 039616593","legalName":"Proramillenote Srl","foundingDate":"1972-01-01","vatID":"10323920966","taxID":"10323920966","numberOfEmployees":{"@type":"QuantitativeValue","minValue":"11","maxValue":"50"},"publishingPrinciples":"https:\/\/proramillenote.it\/politica-su-etica\/","ownershipFundingInfo":"https:\/\/proramillenote.it\/politica-su-etica\/","actionableFeedbackPolicy":"https:\/\/proramillenote.it\/politica-su-etica\/","correctionsPolicy":"https:\/\/proramillenote.it\/politica-su-etica\/","ethicsPolicy":"https:\/\/proramillenote.it\/politica-su-etica\/","diversityPolicy":"https:\/\/proramillenote.it\/politica-su-etica\/","diversityStaffingReport":"https:\/\/proramillenote.it\/politica-su-etica\/"}]},"product_brand":"Proramillenote","og_availability":"instock","product_availability":"instock","product_retailer_item_id":"103","product_condition":"new"},"_links":{"self":[{"href":"https:\/\/proramillenote.it\/fr\/wp-json\/wp\/v2\/product\/61165","targetHints":{"allow":["GET"]}}],"collection":[{"href":"https:\/\/proramillenote.it\/fr\/wp-json\/wp\/v2\/product"}],"about":[{"href":"https:\/\/proramillenote.it\/fr\/wp-json\/wp\/v2\/types\/product"}],"version-history":[{"count":0,"href":"https:\/\/proramillenote.it\/fr\/wp-json\/wp\/v2\/product\/61165\/revisions"}],"wp:featuredmedia":[{"embeddable":true,"href":"https:\/\/proramillenote.it\/fr\/wp-json\/wp\/v2\/media\/61602"}],"wp:attachment":[{"href":"https:\/\/proramillenote.it\/fr\/wp-json\/wp\/v2\/media?parent=61165"}],"wp:term":[{"taxonomy":"product_brand","embeddable":true,"href":"https:\/\/proramillenote.it\/fr\/wp-json\/wp\/v2\/product_brand?post=61165"},{"taxonomy":"product_cat","embeddable":true,"href":"https:\/\/proramillenote.it\/fr\/wp-json\/wp\/v2\/product_cat?post=61165"},{"taxonomy":"product_tag","embeddable":true,"href":"https:\/\/proramillenote.it\/fr\/wp-json\/wp\/v2\/product_tag?post=61165"}],"curies":[{"name":"wp","href":"https:\/\/api.w.org\/{rel}","templated":true}]}}