{"id":61499,"date":"2025-11-20T15:07:22","date_gmt":"2025-11-20T14:07:22","guid":{"rendered":"https:\/\/proramillenote.it\/tower-porta-foglietti-microonda-con-crowner-sku-104\/"},"modified":"2025-11-20T12:56:13","modified_gmt":"2025-11-20T11:56:13","slug":"tower-porte-memos-en-carton-kraft-avec-en-tete-sku-104","status":"publish","type":"product","link":"https:\/\/proramillenote.it\/fr\/tower-porte-memos-en-carton-kraft-avec-en-tete-sku-104\/","title":{"rendered":"Tower porte-m\u00e9mos en carton kraft avec en-t\u00eate"},"content":{"rendered":"<h2>Tower porte-bloc en carton kraft ondul\u00e9 avec en-t\u00eate<\/h2>\n<p>Tower repr\u00e9sente l&rsquo;\u00e9volution des traditionnels <strong>porte-blocs de bureau<\/strong>. C&rsquo;est un <strong>porte-bloc en carton ondul\u00e9 avec en-t\u00eate fa\u00e7onn\u00e9e<\/strong>.<br \/>\nIl prend peu de place sur le bureau. De plus, il offre de nombreuses possibilit\u00e9s de personnalisation.<br \/>\nAutrefois, les fabricants utilisaient le plastique pour les porte-blocs. Cependant, l&rsquo;int\u00e9r\u00eat croissant pour l&rsquo;\u00e9cologie a chang\u00e9 cela.<br \/>\nNous avons donc cr\u00e9\u00e9 le <strong>conteneur pour bloc-notes<\/strong> <strong>en carton ondul\u00e9<\/strong>. Ce mat\u00e9riau est solide et stable.<br \/>\nIl sert de <strong>gadget \u00e9cologique personnalis\u00e9 et durable<\/strong>.<br \/>\nNous avons revisit\u00e9 le design de <strong>Tower porte-bloc<\/strong>. Nous avons introduit un \u00e9l\u00e9ment rappelant une tour m\u00e9di\u00e9vale : l&rsquo;en-t\u00eate <strong>fa\u00e7onn\u00e9e<\/strong>.<br \/>\nLa version standard de Tower comporte <strong>4 formes de rangement pour les feuilles: <\/strong>chaque forme a un design diff\u00e9rent et se personnalise par impression num\u00e9rique. Les formes standard incluent <strong>2 rectangles, un c\u0153ur et un demi-cercle<\/strong>. Vous pouvez imprimer le logo, le produit ou son emballage sur ces formes.<br \/>\nD&rsquo;autres symboles sp\u00e9cifiques peuvent \u00e9galement \u00eatre ajout\u00e9s.<\/p>\n<p>Pour minimum de <strong>3000 pi\u00e8ces<\/strong>, vous pouvez obtenir des<strong> formes de l&rsquo;en-t\u00eate sur mesure<\/strong>.<\/p>\n<p>Tower, le <strong>porte-m\u00e9mos<\/strong> <strong>en carton ondul\u00e9<\/strong>, respecte l&rsquo;environnement. Il contient des feuilles en papier recycl\u00e9.<br \/>\nNous personnalisons ces feuilles avec 1 \u00e0 4 couleurs en impression offset.<br \/>\nC&rsquo;est un <strong>gadget d&rsquo;entreprise personnalis\u00e9 pour tous les secteurs<\/strong>, y compris pour les m\u00e9decins.<\/p>\n<p><strong>Tous droits r\u00e9serv\u00e9s \u00e0 Proramillenote<b><sup>\u00ae<\/sup><\/b><\/strong><\/p>\n<p><img decoding=\"async\" class=\"size-medium wp-image-59242\" title=\"Tower porte-bloc personnalis\u00e9 avec logo 350\" src=\"https:\/\/proramillenote.it\/wp-content\/uploads\/\/Tower-logo-350-300x77.webp\" alt=\"Tower porte-bloc personnalis\u00e9 avec logo 350\" width=\"300\" height=\"77\" srcset=\"https:\/\/proramillenote.it\/wp-content\/uploads\/Tower-logo-350-300x77.webp 300w, https:\/\/proramillenote.it\/wp-content\/uploads\/Tower-logo-350.webp 350w\" sizes=\"(max-width: 300px) 100vw, 300px\" \/><\/p>\n<h3>Caract\u00e9ristiques de Tower Porte-bloc en carton ondul\u00e9 avec en-t\u00eate<\/h3>\n<ul>\n<li><strong>Dimensions totales de l&rsquo;\u00e9tui<\/strong> : 100x100x40 mm<\/li>\n<li><strong>Mat\u00e9riau<\/strong> : carton ondul\u00e9 <strong>kraft<\/strong> <strong>ou <\/strong><strong>blanc <\/strong>d&rsquo;une \u00e9paisseur de 0,15 mm<\/li>\n<li><strong>Formes de l&rsquo;en-t\u00eate standard :<\/strong> 2 rectangles (30&#215;25 mm chacun), un c\u0153ur (30&#215;25 mm) et un demi-cercle ou forme en arc (30&#215;25 mm)<\/li>\n<li><strong>Formes de l&rsquo;en-t\u00eate sur mesure :<\/strong> \u00e0 partir de 3000 pi\u00e8ces<\/li>\n<li><strong>Bande pour s\u00e9curiser les feuilles durant le transport :<\/strong> hauteur 1 cm (personnalisation sur demande)<\/li>\n<\/ul>\n<h3>Caract\u00e9ristiques des feuilles<\/h3>\n<ul>\n<li><strong>Dimensions<\/strong> : 70&#215;70 mm<\/li>\n<li><strong>Mat\u00e9riau<\/strong> : papier ou papier \u00e9cologique<\/li>\n<li><strong>\u00c9paisseur du bloc-notes<\/strong> : 200 feuilles (environ 2 cm)<\/li>\n<\/ul>\n<h3>Personnalisation<\/h3>\n<ul>\n<li><strong>\u00c9tui<\/strong> : impression num\u00e9rique avec blanc de fond standard \u00e0 enregistrement<\/li>\n<li><strong>Finition brillante<\/strong> : finition brillante sur les couleurs \u00e0 la demande comme couleur suppl\u00e9mentaire<\/li>\n<li><strong>Feuilles<\/strong> : impression offset 1 ou 2 couleurs<\/li>\n<li><strong>En-t\u00eate<\/strong>: impression num\u00e9rique sur formes standard ou formes sur mesure \u00e0 partir de 3000 pi\u00e8ces<\/li>\n<li><strong>Bande pour s\u00e9curiser les feuilles durant le transport :<\/strong> standard sans impression, personnalisation quadri sur demande<\/li>\n<\/ul>\n<p><strong>Tous droits r\u00e9serv\u00e9s \u00e0 Proramillenote<b><sup>\u00ae<\/sup><\/b><\/strong><\/p>\n<h6>Quantit\u00e9 minimum : 300 pi\u00e8ces<br \/>\n<strong>Avec en-t\u00eate personnalis\u00e9e <\/strong>: 3000 pi\u00e8ces<\/h6>\n","protected":false},"excerpt":{"rendered":"<p>Tour porte-m\u00e9mos en carton kraft ondul\u00e9 avana en t\u00eate : gadget d&rsquo;entreprise \u00e9cologique et personnalis\u00e9 en impression num\u00e9rique. Efficace gadget pour les m\u00e9decins. En t\u00eate avec 4 formes : 2 rectangles, un c\u0153ur et un demi-cercle (ou forme en arc). Feuilles (non adh\u00e9sives) de 70&#215;70 mm.<\/p>\n","protected":false},"featured_media":66698,"template":"","meta":[],"product_brand":[5138],"product_cat":[729,668,5195,1480,5235,740,672],"product_tag":[3243,3331,5142],"class_list":{"0":"post-61499","1":"product","2":"type-product","3":"status-publish","4":"has-post-thumbnail","6":"product_brand-fabricant-proramillenote","7":"product_cat-blocs-notes-ecologiques-ethiques-blocs-notes-personnalises","8":"product_cat-blocs-notes-personnalises","9":"product_cat-cout-entre-1-et-2-euros","10":"product_cat-gadgets-ecologiques-ethiques-personnalise-fr","11":"product_cat-livraison-en-4-semaines","12":"product_cat-nouveautes-nouveaux-gadgets-personnalises-sur-le-site","13":"product_cat-porte-memo-personnalises-fr","14":"product_tag-gadget-post-it-avec-base-en-carton-ondule","15":"product_tag-cotes-en-forme","16":"product_tag-ossoduro-proramillenote-fr","17":"pa_stampa-astuccio-col-etui-imprime-en-quatre-couleurs","18":"pa_stampa-fogli-carta-usomano-impression-en-1-couleurs-sur-papier-moule","19":"pa_stampa-fogli-carta-usomano-impression-en-2-couleurs-sur-papier-moule","21":"first","22":"instock","23":"shipping-taxable","24":"purchasable","25":"product-type-variable","26":"has-default-attributes"},"yoast_head":"<!-- This site is optimized with the Yoast SEO Premium plugin v27.3 (Yoast SEO v27.3) - https:\/\/yoast.com\/product\/yoast-seo-premium-wordpress\/ -->\n<title>Tower porte-m\u00e9mos en carton kraft avec en-t\u00eate<\/title>\n<meta name=\"description\" content=\"Tower porte-m\u00e9mos en carton Kraft: gadget d&#039;entreprise \u00e9cologique et personnalis\u00e9 avec 4 formes diff\u00e9rentes. Feuilles 70x70 mm. Tot. 100x100x40mm.\" \/>\n<meta name=\"robots\" content=\"index, follow, max-snippet:-1, max-image-preview:large, max-video-preview:-1\" \/>\n<link rel=\"canonical\" href=\"https:\/\/proramillenote.it\/fr\/tower-porte-memos-en-carton-kraft-avec-en-tete-sku-104\/\" \/>\n<meta property=\"og:locale\" content=\"fr_FR\" \/>\n<meta property=\"og:type\" content=\"article\" \/>\n<meta property=\"og:title\" content=\"Tower porte-m\u00e9mos en carton kraft avec en-t\u00eate\" \/>\n<meta property=\"og:description\" content=\"Tower porte-m\u00e9mos en carton Kraft: gadget d&#039;entreprise \u00e9cologique et personnalis\u00e9 avec 4 formes diff\u00e9rentes. Feuilles 70x70 mm. Tot. 100x100x40mm.\" \/>\n<meta property=\"og:url\" content=\"https:\/\/proramillenote.it\/fr\/tower-porte-memos-en-carton-kraft-avec-en-tete-sku-104\/\" \/>\n<meta property=\"og:site_name\" content=\"Gadgets d\u2019entreprise et post-it personnalis\u00e9s\" \/>\n<meta property=\"og:image\" content=\"https:\/\/proramillenote.it\/wp-content\/uploads\/Tower-portafoglietti-personalizzato-collezione-OndaBox.webp\" \/>\n\t<meta property=\"og:image:width\" content=\"600\" \/>\n\t<meta property=\"og:image:height\" content=\"600\" \/>\n\t<meta property=\"og:image:type\" content=\"image\/webp\" \/>\n<meta name=\"twitter:card\" content=\"summary_large_image\" \/>\n<script type=\"application\/ld+json\" class=\"yoast-schema-graph\">{\"@context\":\"https:\\\/\\\/schema.org\",\"@graph\":[{\"@type\":\"WebPage\",\"@id\":\"https:\\\/\\\/proramillenote.it\\\/fr\\\/tower-porte-memos-en-carton-kraft-avec-en-tete-sku-104\\\/\",\"url\":\"https:\\\/\\\/proramillenote.it\\\/fr\\\/tower-porte-memos-en-carton-kraft-avec-en-tete-sku-104\\\/\",\"name\":\"Tower porte-m\u00e9mos en carton kraft avec en-t\u00eate\",\"isPartOf\":{\"@id\":\"https:\\\/\\\/proramillenote.it\\\/fr\\\/#website\"},\"primaryImageOfPage\":{\"@id\":\"https:\\\/\\\/proramillenote.it\\\/fr\\\/tower-porte-memos-en-carton-kraft-avec-en-tete-sku-104\\\/#primaryimage\"},\"image\":{\"@id\":\"https:\\\/\\\/proramillenote.it\\\/fr\\\/tower-porte-memos-en-carton-kraft-avec-en-tete-sku-104\\\/#primaryimage\"},\"thumbnailUrl\":\"https:\\\/\\\/proramillenote.it\\\/wp-content\\\/uploads\\\/Tower-portafoglietti-personalizzato-collezione-OndaBox.webp?wsr\",\"datePublished\":\"2025-11-20T14:07:22+00:00\",\"description\":\"Tower porte-m\u00e9mos en carton Kraft: gadget d'entreprise \u00e9cologique et personnalis\u00e9 avec 4 formes diff\u00e9rentes. Feuilles 70x70 mm. Tot. 100x100x40mm.\",\"breadcrumb\":{\"@id\":\"https:\\\/\\\/proramillenote.it\\\/fr\\\/tower-porte-memos-en-carton-kraft-avec-en-tete-sku-104\\\/#breadcrumb\"},\"inLanguage\":\"fr-FR\",\"potentialAction\":[{\"@type\":\"ReadAction\",\"target\":[\"https:\\\/\\\/proramillenote.it\\\/fr\\\/tower-porte-memos-en-carton-kraft-avec-en-tete-sku-104\\\/\"]}]},{\"@type\":\"ImageObject\",\"inLanguage\":\"fr-FR\",\"@id\":\"https:\\\/\\\/proramillenote.it\\\/fr\\\/tower-porte-memos-en-carton-kraft-avec-en-tete-sku-104\\\/#primaryimage\",\"url\":\"https:\\\/\\\/proramillenote.it\\\/wp-content\\\/uploads\\\/Tower-portafoglietti-personalizzato-collezione-OndaBox.webp?wsr\",\"contentUrl\":\"https:\\\/\\\/proramillenote.it\\\/wp-content\\\/uploads\\\/Tower-portafoglietti-personalizzato-collezione-OndaBox.webp?wsr\",\"width\":600,\"height\":600,\"caption\":\"Tower porte-blocs personnalis\u00e9 collection OndaBox.\"},{\"@type\":\"BreadcrumbList\",\"@id\":\"https:\\\/\\\/proramillenote.it\\\/fr\\\/tower-porte-memos-en-carton-kraft-avec-en-tete-sku-104\\\/#breadcrumb\",\"itemListElement\":[{\"@type\":\"ListItem\",\"position\":1,\"name\":\"Proramillenote\",\"item\":\"https:\\\/\\\/proramillenote.it\\\/fr\\\/\"},{\"@type\":\"ListItem\",\"position\":2,\"name\":\"Tower porte-m\u00e9mos en carton kraft avec en-t\u00eate\"}]},{\"@type\":\"WebSite\",\"@id\":\"https:\\\/\\\/proramillenote.it\\\/fr\\\/#website\",\"url\":\"https:\\\/\\\/proramillenote.it\\\/fr\\\/\",\"name\":\"Proramillenote gadget aziendali e post-it personalizzati\",\"description\":\"Post-it personalizzati, block notes con logo e gadget aziendali per il marketing B2B. Specialisti in gadget promozionali per medici e aziende farmaceutiche.\",\"publisher\":{\"@id\":\"https:\\\/\\\/proramillenote.it\\\/fr\\\/#organization\"},\"alternateName\":\"Proramillenote\",\"potentialAction\":[{\"@type\":\"SearchAction\",\"target\":{\"@type\":\"EntryPoint\",\"urlTemplate\":\"https:\\\/\\\/proramillenote.it\\\/fr\\\/?s={search_term_string}\"},\"query-input\":{\"@type\":\"PropertyValueSpecification\",\"valueRequired\":true,\"valueName\":\"search_term_string\"}}],\"inLanguage\":\"fr-FR\"},{\"@type\":\"Organization\",\"@id\":\"https:\\\/\\\/proramillenote.it\\\/fr\\\/#organization\",\"name\":\"Proramillenote gadgets d\u2019entreprise et post-it personnalis\u00e9s\",\"alternateName\":\"Proramillenote\",\"url\":\"https:\\\/\\\/proramillenote.it\\\/fr\\\/\",\"logo\":{\"@type\":\"ImageObject\",\"inLanguage\":\"fr-FR\",\"@id\":\"https:\\\/\\\/proramillenote.it\\\/fr\\\/#\\\/schema\\\/logo\\\/image\\\/\",\"url\":\"https:\\\/\\\/proramillenote.it\\\/wp-content\\\/uploads\\\/papercube800.png?wsr\",\"contentUrl\":\"https:\\\/\\\/proramillenote.it\\\/wp-content\\\/uploads\\\/papercube800.png?wsr\",\"width\":800,\"height\":800,\"caption\":\"Proramillenote gadgets d\u2019entreprise et post-it personnalis\u00e9s\"},\"image\":{\"@id\":\"https:\\\/\\\/proramillenote.it\\\/fr\\\/#\\\/schema\\\/logo\\\/image\\\/\"},\"description\":\"\u2022 Specialista in produzione e commercio di gadget per medici e gadget per veterinari personalizzati. \u2022 Produzione di gadget aziendali per qualsiasi settore merceologico dal 1975. \u2022 Produttore di post-it personalizzati, post-it sagomati e cubi di carta personalizzati in stampa digitale oppure offset. Produttore di block-notes con logo. \u2022 Con cartotecnica creativa progettiamo KIT di post-it su misura, Made in Italy e di design italiano, insigniti del prestigioso premio europeo PGA Promotional Gift Award. \u2022 Concorso #Ossoduro \\\"Design di brand reminder da scrivania innovativi\\\" concepito per incoraggiare la creativit\u00e0 degli studenti di scuole secondarie di design e grafica. Annuale - Ed.7\u00b0 2024-2025. \u2022 Proramillenote \u00e8 produttore accreditato EUDAMED per la fornitura di DMClasse I \u2022 Proramillenote \u00e8 certificata FSC\u00ae Chain of custody.\",\"email\":\"customercare@proramillenote.it\",\"telephone\":\"+39 039616593\",\"legalName\":\"Proramillenote Srl\",\"foundingDate\":\"1972-01-01\",\"vatID\":\"10323920966\",\"taxID\":\"10323920966\",\"numberOfEmployees\":{\"@type\":\"QuantitativeValue\",\"minValue\":\"11\",\"maxValue\":\"50\"},\"publishingPrinciples\":\"https:\\\/\\\/proramillenote.it\\\/politica-su-etica\\\/\",\"ownershipFundingInfo\":\"https:\\\/\\\/proramillenote.it\\\/politica-su-etica\\\/\",\"actionableFeedbackPolicy\":\"https:\\\/\\\/proramillenote.it\\\/politica-su-etica\\\/\",\"correctionsPolicy\":\"https:\\\/\\\/proramillenote.it\\\/politica-su-etica\\\/\",\"ethicsPolicy\":\"https:\\\/\\\/proramillenote.it\\\/politica-su-etica\\\/\",\"diversityPolicy\":\"https:\\\/\\\/proramillenote.it\\\/politica-su-etica\\\/\",\"diversityStaffingReport\":\"https:\\\/\\\/proramillenote.it\\\/politica-su-etica\\\/\"}]}<\/script>\n<meta property=\"product:brand\" content=\"Fabricant Proramillenote\" \/>\n<meta property=\"og:availability\" content=\"instock\" \/>\n<meta property=\"product:availability\" content=\"instock\" \/>\n<meta property=\"product:retailer_item_id\" content=\"104\" \/>\n<meta property=\"product:condition\" content=\"new\" \/>\n<!-- \/ Yoast SEO Premium plugin. -->","yoast_head_json":{"title":"Tower porte-m\u00e9mos en carton kraft avec en-t\u00eate","description":"Tower porte-m\u00e9mos en carton Kraft: gadget d'entreprise \u00e9cologique et personnalis\u00e9 avec 4 formes diff\u00e9rentes. Feuilles 70x70 mm. Tot. 100x100x40mm.","robots":{"index":"index","follow":"follow","max-snippet":"max-snippet:-1","max-image-preview":"max-image-preview:large","max-video-preview":"max-video-preview:-1"},"canonical":"https:\/\/proramillenote.it\/fr\/tower-porte-memos-en-carton-kraft-avec-en-tete-sku-104\/","og_locale":"fr_FR","og_type":"article","og_title":"Tower porte-m\u00e9mos en carton kraft avec en-t\u00eate","og_description":"Tower porte-m\u00e9mos en carton Kraft: gadget d'entreprise \u00e9cologique et personnalis\u00e9 avec 4 formes diff\u00e9rentes. Feuilles 70x70 mm. Tot. 100x100x40mm.","og_url":"https:\/\/proramillenote.it\/fr\/tower-porte-memos-en-carton-kraft-avec-en-tete-sku-104\/","og_site_name":"Gadgets d\u2019entreprise et post-it personnalis\u00e9s","og_image":[{"width":600,"height":600,"url":"https:\/\/proramillenote.it\/wp-content\/uploads\/Tower-portafoglietti-personalizzato-collezione-OndaBox.webp","type":"image\/webp"}],"twitter_card":"summary_large_image","schema":{"@context":"https:\/\/schema.org","@graph":[{"@type":"WebPage","@id":"https:\/\/proramillenote.it\/fr\/tower-porte-memos-en-carton-kraft-avec-en-tete-sku-104\/","url":"https:\/\/proramillenote.it\/fr\/tower-porte-memos-en-carton-kraft-avec-en-tete-sku-104\/","name":"Tower porte-m\u00e9mos en carton kraft avec en-t\u00eate","isPartOf":{"@id":"https:\/\/proramillenote.it\/fr\/#website"},"primaryImageOfPage":{"@id":"https:\/\/proramillenote.it\/fr\/tower-porte-memos-en-carton-kraft-avec-en-tete-sku-104\/#primaryimage"},"image":{"@id":"https:\/\/proramillenote.it\/fr\/tower-porte-memos-en-carton-kraft-avec-en-tete-sku-104\/#primaryimage"},"thumbnailUrl":"https:\/\/proramillenote.it\/wp-content\/uploads\/Tower-portafoglietti-personalizzato-collezione-OndaBox.webp?wsr","datePublished":"2025-11-20T14:07:22+00:00","description":"Tower porte-m\u00e9mos en carton Kraft: gadget d'entreprise \u00e9cologique et personnalis\u00e9 avec 4 formes diff\u00e9rentes. Feuilles 70x70 mm. Tot. 100x100x40mm.","breadcrumb":{"@id":"https:\/\/proramillenote.it\/fr\/tower-porte-memos-en-carton-kraft-avec-en-tete-sku-104\/#breadcrumb"},"inLanguage":"fr-FR","potentialAction":[{"@type":"ReadAction","target":["https:\/\/proramillenote.it\/fr\/tower-porte-memos-en-carton-kraft-avec-en-tete-sku-104\/"]}]},{"@type":"ImageObject","inLanguage":"fr-FR","@id":"https:\/\/proramillenote.it\/fr\/tower-porte-memos-en-carton-kraft-avec-en-tete-sku-104\/#primaryimage","url":"https:\/\/proramillenote.it\/wp-content\/uploads\/Tower-portafoglietti-personalizzato-collezione-OndaBox.webp?wsr","contentUrl":"https:\/\/proramillenote.it\/wp-content\/uploads\/Tower-portafoglietti-personalizzato-collezione-OndaBox.webp?wsr","width":600,"height":600,"caption":"Tower porte-blocs personnalis\u00e9 collection OndaBox."},{"@type":"BreadcrumbList","@id":"https:\/\/proramillenote.it\/fr\/tower-porte-memos-en-carton-kraft-avec-en-tete-sku-104\/#breadcrumb","itemListElement":[{"@type":"ListItem","position":1,"name":"Proramillenote","item":"https:\/\/proramillenote.it\/fr\/"},{"@type":"ListItem","position":2,"name":"Tower porte-m\u00e9mos en carton kraft avec en-t\u00eate"}]},{"@type":"WebSite","@id":"https:\/\/proramillenote.it\/fr\/#website","url":"https:\/\/proramillenote.it\/fr\/","name":"Proramillenote gadget aziendali e post-it personalizzati","description":"Post-it personalizzati, block notes con logo e gadget aziendali per il marketing B2B. Specialisti in gadget promozionali per medici e aziende farmaceutiche.","publisher":{"@id":"https:\/\/proramillenote.it\/fr\/#organization"},"alternateName":"Proramillenote","potentialAction":[{"@type":"SearchAction","target":{"@type":"EntryPoint","urlTemplate":"https:\/\/proramillenote.it\/fr\/?s={search_term_string}"},"query-input":{"@type":"PropertyValueSpecification","valueRequired":true,"valueName":"search_term_string"}}],"inLanguage":"fr-FR"},{"@type":"Organization","@id":"https:\/\/proramillenote.it\/fr\/#organization","name":"Proramillenote gadgets d\u2019entreprise et post-it personnalis\u00e9s","alternateName":"Proramillenote","url":"https:\/\/proramillenote.it\/fr\/","logo":{"@type":"ImageObject","inLanguage":"fr-FR","@id":"https:\/\/proramillenote.it\/fr\/#\/schema\/logo\/image\/","url":"https:\/\/proramillenote.it\/wp-content\/uploads\/papercube800.png?wsr","contentUrl":"https:\/\/proramillenote.it\/wp-content\/uploads\/papercube800.png?wsr","width":800,"height":800,"caption":"Proramillenote gadgets d\u2019entreprise et post-it personnalis\u00e9s"},"image":{"@id":"https:\/\/proramillenote.it\/fr\/#\/schema\/logo\/image\/"},"description":"\u2022 Specialista in produzione e commercio di gadget per medici e gadget per veterinari personalizzati. \u2022 Produzione di gadget aziendali per qualsiasi settore merceologico dal 1975. \u2022 Produttore di post-it personalizzati, post-it sagomati e cubi di carta personalizzati in stampa digitale oppure offset. Produttore di block-notes con logo. \u2022 Con cartotecnica creativa progettiamo KIT di post-it su misura, Made in Italy e di design italiano, insigniti del prestigioso premio europeo PGA Promotional Gift Award. \u2022 Concorso #Ossoduro \"Design di brand reminder da scrivania innovativi\" concepito per incoraggiare la creativit\u00e0 degli studenti di scuole secondarie di design e grafica. Annuale - Ed.7\u00b0 2024-2025. \u2022 Proramillenote \u00e8 produttore accreditato EUDAMED per la fornitura di DMClasse I \u2022 Proramillenote \u00e8 certificata FSC\u00ae Chain of custody.","email":"customercare@proramillenote.it","telephone":"+39 039616593","legalName":"Proramillenote Srl","foundingDate":"1972-01-01","vatID":"10323920966","taxID":"10323920966","numberOfEmployees":{"@type":"QuantitativeValue","minValue":"11","maxValue":"50"},"publishingPrinciples":"https:\/\/proramillenote.it\/politica-su-etica\/","ownershipFundingInfo":"https:\/\/proramillenote.it\/politica-su-etica\/","actionableFeedbackPolicy":"https:\/\/proramillenote.it\/politica-su-etica\/","correctionsPolicy":"https:\/\/proramillenote.it\/politica-su-etica\/","ethicsPolicy":"https:\/\/proramillenote.it\/politica-su-etica\/","diversityPolicy":"https:\/\/proramillenote.it\/politica-su-etica\/","diversityStaffingReport":"https:\/\/proramillenote.it\/politica-su-etica\/"}]},"product_brand":"Fabricant Proramillenote","og_availability":"instock","product_availability":"instock","product_retailer_item_id":"104","product_condition":"new"},"_links":{"self":[{"href":"https:\/\/proramillenote.it\/fr\/wp-json\/wp\/v2\/product\/61499","targetHints":{"allow":["GET"]}}],"collection":[{"href":"https:\/\/proramillenote.it\/fr\/wp-json\/wp\/v2\/product"}],"about":[{"href":"https:\/\/proramillenote.it\/fr\/wp-json\/wp\/v2\/types\/product"}],"version-history":[{"count":0,"href":"https:\/\/proramillenote.it\/fr\/wp-json\/wp\/v2\/product\/61499\/revisions"}],"wp:featuredmedia":[{"embeddable":true,"href":"https:\/\/proramillenote.it\/fr\/wp-json\/wp\/v2\/media\/66698"}],"wp:attachment":[{"href":"https:\/\/proramillenote.it\/fr\/wp-json\/wp\/v2\/media?parent=61499"}],"wp:term":[{"taxonomy":"product_brand","embeddable":true,"href":"https:\/\/proramillenote.it\/fr\/wp-json\/wp\/v2\/product_brand?post=61499"},{"taxonomy":"product_cat","embeddable":true,"href":"https:\/\/proramillenote.it\/fr\/wp-json\/wp\/v2\/product_cat?post=61499"},{"taxonomy":"product_tag","embeddable":true,"href":"https:\/\/proramillenote.it\/fr\/wp-json\/wp\/v2\/product_tag?post=61499"}],"curies":[{"name":"wp","href":"https:\/\/api.w.org\/{rel}","templated":true}]}}