{"id":66862,"date":"2026-02-16T17:00:40","date_gmt":"2026-02-16T16:00:40","guid":{"rendered":"https:\/\/proramillenote.it\/etui-a-stylos-en-ppl-moule-sku-119\/"},"modified":"2026-02-06T11:10:32","modified_gmt":"2026-02-06T10:10:32","slug":"porte-stylos-ppl-decoupe-brandbox-sku-119","status":"publish","type":"product","link":"https:\/\/proramillenote.it\/fr\/porte-stylos-ppl-decoupe-brandbox-sku-119\/","title":{"rendered":"Porte-stylos PPL d\u00e9coup\u00e9 BrandBox"},"content":{"rendered":"<h2>BrandBox \u2013 Porte-stylos PPL \u00e0 c\u00f4t\u00e9s fa\u00e7onn\u00e9s<\/h2>\n<p><img decoding=\"async\" class=\"wp-image-81113\" title=\"BrandBox350\" src=\"https:\/\/proramillenote.it\/wp-content\/uploads\/BrandBox350.png\" alt=\"BrandBox350\" width=\"201\" height=\"49\" srcset=\"https:\/\/proramillenote.it\/wp-content\/uploads\/BrandBox350.png 350w, https:\/\/proramillenote.it\/wp-content\/uploads\/BrandBox350-300x73.png 300w\" sizes=\"(max-width: 201px) 100vw, 201px\" \/><\/p>\n<p>BrandBox est un <strong>porte-stylos en plastique PPL avec c\u00f4t\u00e9s fa\u00e7onn\u00e9s<\/strong>.\u00a0L\u2019impression num\u00e9rique en couleurs vous permet de transmettre de mani\u00e8re claire et efficace <strong>le message de votre campagne publicitaire<\/strong>.<\/p>\n<p>Le porte-stylos mesure 75 \u00d7 75 \u00d7 80 mm et se d\u00e9cline avec des <strong>c\u00f4t\u00e9s fa\u00e7onn\u00e9s<\/strong> en <strong>formes standard<\/strong> (4 options au choix, d\u00e9taill\u00e9es ci-dessous) ou en formes personnalis\u00e9es selon votre <strong>logo d\u2019entreprise<\/strong>.<\/p>\n<h3>Personnalisation totale<\/h3>\n<p>Personnalisez le porte-stylos sur toute sa surface ext\u00e9rieure gr\u00e2ce \u00e0 l\u2019impression num\u00e9rique haute d\u00e9finition.\u00a0Mettez en valeur sa grande surface personnalisable avec <strong>2 ou 4 ailettes fa\u00e7onn\u00e9es<\/strong> sur les c\u00f4t\u00e9s, que vous pouvez <strong>\u00e9galement r\u00e9aliser \u00e0 la forme de votre logo<\/strong>.<\/p>\n<p>Ce porte-stylos en PPL durable combine <strong>un co\u00fbt par contact faible et une forte valeur per\u00e7ue<\/strong>, ce qui en fait un objet promotionnel remarquable sur tout bureau.<\/p>\n<p><strong>Nous le recommandons pour des campagnes promotionnelles destin\u00e9es aux m\u00e9decins g\u00e9n\u00e9ralistes, sp\u00e9cialistes ou pharmaciens<\/strong>.<\/p>\n<h3>Livr\u00e9 \u00e0 plat pour faciliter le transport et le montage<\/h3>\n<p>Nous le fabriquons en polypropyl\u00e8ne souple mais r\u00e9sistant et le livrons <strong>\u00e0 plat et partiellement assembl\u00e9<\/strong> pour minimiser l\u2019encombrement.<\/p>\n<p>Compl\u00e9tez le montage en pliant les 4 ailettes num\u00e9rot\u00e9es \u00e0 la base.<\/p>\n<h3>Format<\/h3>\n<ul>\n<li>Dimensions : 75 \u00d7 75 \u00d7 80 mm<\/li>\n<\/ul>\n<h3>Mat\u00e9riau<\/h3>\n<ul>\n<li>Polypropyl\u00e8ne PPL 0,75 mm<\/li>\n<li>Blanc opaque ou transparent satin\u00e9<\/li>\n<li>L\u2019impression num\u00e9rique haute d\u00e9finition couvre l\u2019ensemble du porte-stylos<\/li>\n<\/ul>\n<h3>Formes standard des c\u00f4t\u00e9s (minimum 500 pi\u00e8ces)<\/h3>\n<ul>\n<li><strong>Rectangles aux angles arrondis<\/strong> (2 rectangles, 50 \u00d7 37 mm)<\/li>\n<li>Forme <strong>c\u0153ur<\/strong><\/li>\n<li>Forme <strong>feuille<\/strong><\/li>\n<li>Forme <strong>homme assis sur une fus\u00e9e avec fl\u00e8ches<\/strong> (2 positions, 55 \u00d7 27 mm)<\/li>\n<\/ul>\n<p>Voir les exemples dans la phototh\u00e8que !<\/p>\n<h3>Formes personnalis\u00e9es des c\u00f4t\u00e9s (minimum 1 000 pi\u00e8ces)<\/h3>\n<p>Si vous ne trouvez pas la forme souhait\u00e9e, demandez une conception sur mesure (<em>minimum 1 000 pi\u00e8ces<\/em>) via le configurateur de devis. Cette <strong>option<\/strong> fonctionne <strong>particuli\u00e8rement bien<\/strong> pour les c\u00f4t\u00e9s fa\u00e7onn\u00e9s selon votre logo.<\/p>\n<h4>Conditionnement<\/h4>\n<ul>\n<li>Aucun emballage individuel<\/li>\n<li>Nous le livrons partiellement assembl\u00e9, pr\u00eat \u00e0 compl\u00e9ter<\/li>\n<\/ul>\n<h6>Quantit\u00e9 minimale avec formes standard : 500 pi\u00e8ces<br \/>\nQuantit\u00e9 minimale avec formes personnalis\u00e9es : 1 000 pi\u00e8ces<\/h6>\n","protected":false},"excerpt":{"rendered":"<p class=\"ai-optimize-42\">Porte-stylos en PPL avec c\u00f4t\u00e9s fa\u00e7onn\u00e9s, personnalisable par impression num\u00e9rique en couleurs pour reproduire l\u2019apparence de l\u2019emballage du produit. Format standard : 75 \u00d7 75 \u00d7 80 mm. Les c\u00f4t\u00e9s sont disponibles en 4 formes standard ou peuvent \u00eatre fa\u00e7onn\u00e9s sur mesure selon le logo de votre entreprise. Gadget d\u2019entreprise pratique et \u00e9conomique.<\/p>\n","protected":false},"featured_media":80222,"template":"","meta":[],"product_brand":[5137],"product_cat":[5273,4874,4471,97,119,687,455],"product_tag":[3330,3771,1826],"class_list":{"0":"post-66862","1":"product","2":"type-product","3":"status-publish","4":"has-post-thumbnail","6":"product_brand-proramillenote-manufacturer","7":"product_cat-it-costs-less-than-1-euro","8":"product_cat-gadget-with-shaped-crowner-standard-and-custom-shapes","9":"product_cat-delivery-time-4-weeks","10":"product_cat-bespoke-gadgets-novelties","11":"product_cat-bespoke-pharma-advertising-brand-reminder-producer-retailer-subcat-en","12":"product_cat-customized-gadget-doctor-parmacist","13":"product_cat-pen-holders-customized-with-company-logo","14":"product_tag-post-it-crowner-en","15":"product_tag-demobox-models-from-direct-proramillenote-production","16":"product_tag-multibrand-gadget","17":"pa_colore-supporto-plastica-white-plastic","18":"pa_colore-supporto-plastica-transparent-frosted-plastic","19":"pa_crowner-forma-custom-shaped-crowner","20":"pa_crowner-forma-crowner-standard-hearts","21":"pa_crowner-forma-crowner-standard-leaves","22":"pa_crowner-forma-man-sitting-on-a-rocket-with-arrows-2-positions-55-x-27-mm","23":"pa_crowner-forma-standard-crowner-rectangles","25":"first","26":"instock","27":"shipping-taxable","28":"purchasable","29":"product-type-variable","30":"has-default-attributes"},"yoast_head":"<!-- This site is optimized with the Yoast SEO Premium plugin v27.3 (Yoast SEO v27.3) - https:\/\/yoast.com\/product\/yoast-seo-premium-wordpress\/ -->\n<title>\u00c9tui \u00e0 stylos, porte-stylo personnalis\u00e9 PPL forme de c\u0153ur - Seacor<\/title>\n<meta name=\"description\" content=\"\u00c9tui \u00e0 stylos PPL en forme : gadget de bureau n polypropyl\u00e8ne flexible et r\u00e9sistant. Personnalisable, livr\u00e9 semi-mont\u00e9. 75x75x80 mm. Minimum 500 pi\u00e8ces.\" \/>\n<meta name=\"robots\" content=\"index, follow, max-snippet:-1, max-image-preview:large, max-video-preview:-1\" \/>\n<link rel=\"canonical\" href=\"https:\/\/proramillenote.it\/fr\/porte-stylos-ppl-decoupe-brandbox-sku-119\/\" \/>\n<meta property=\"og:locale\" content=\"fr_FR\" \/>\n<meta property=\"og:type\" content=\"article\" \/>\n<meta property=\"og:title\" content=\"\u00c9tui \u00e0 stylos, porte-stylo personnalis\u00e9 PPL forme de c\u0153ur - Seacor\" \/>\n<meta property=\"og:description\" content=\"\u00c9tui \u00e0 stylos PPL en forme : gadget de bureau n polypropyl\u00e8ne flexible et r\u00e9sistant. Personnalisable, livr\u00e9 semi-mont\u00e9. 75x75x80 mm. Minimum 500 pi\u00e8ces.\" \/>\n<meta property=\"og:url\" content=\"https:\/\/proramillenote.it\/fr\/porte-stylos-ppl-decoupe-brandbox-sku-119\/\" \/>\n<meta property=\"og:site_name\" content=\"Gadgets d\u2019entreprise et post-it personnalis\u00e9s\" \/>\n<meta property=\"og:image\" content=\"https:\/\/proramillenote.it\/wp-content\/uploads\/Porta-Penne-PPL-Seacor-sagomato-cuore.webp?wsr\" \/>\n\t<meta property=\"og:image:width\" content=\"600\" \/>\n\t<meta property=\"og:image:height\" content=\"600\" \/>\n\t<meta property=\"og:image:type\" content=\"image\/webp\" \/>\n<meta name=\"twitter:card\" content=\"summary_large_image\" \/>\n<script type=\"application\/ld+json\" class=\"yoast-schema-graph\">{\"@context\":\"https:\\\/\\\/schema.org\",\"@graph\":[{\"@type\":\"WebPage\",\"@id\":\"https:\\\/\\\/proramillenote.it\\\/fr\\\/porte-stylos-ppl-decoupe-brandbox-sku-119\\\/\",\"url\":\"https:\\\/\\\/proramillenote.it\\\/fr\\\/porte-stylos-ppl-decoupe-brandbox-sku-119\\\/\",\"name\":\"\u00c9tui \u00e0 stylos, porte-stylo personnalis\u00e9 PPL forme de c\u0153ur - Seacor\",\"isPartOf\":{\"@id\":\"https:\\\/\\\/proramillenote.it\\\/fr\\\/#website\"},\"primaryImageOfPage\":{\"@id\":\"https:\\\/\\\/proramillenote.it\\\/fr\\\/porte-stylos-ppl-decoupe-brandbox-sku-119\\\/#primaryimage\"},\"image\":{\"@id\":\"https:\\\/\\\/proramillenote.it\\\/fr\\\/porte-stylos-ppl-decoupe-brandbox-sku-119\\\/#primaryimage\"},\"thumbnailUrl\":\"https:\\\/\\\/proramillenote.it\\\/wp-content\\\/uploads\\\/Porta-Penne-PPL-Seacor-sagomato-cuore.webp?wsr\",\"datePublished\":\"2026-02-16T16:00:40+00:00\",\"description\":\"\u00c9tui \u00e0 stylos PPL en forme : gadget de bureau n polypropyl\u00e8ne flexible et r\u00e9sistant. Personnalisable, livr\u00e9 semi-mont\u00e9. 75x75x80 mm. Minimum 500 pi\u00e8ces.\",\"breadcrumb\":{\"@id\":\"https:\\\/\\\/proramillenote.it\\\/fr\\\/porte-stylos-ppl-decoupe-brandbox-sku-119\\\/#breadcrumb\"},\"inLanguage\":\"fr-FR\",\"potentialAction\":[{\"@type\":\"ReadAction\",\"target\":[\"https:\\\/\\\/proramillenote.it\\\/fr\\\/porte-stylos-ppl-decoupe-brandbox-sku-119\\\/\"]}]},{\"@type\":\"ImageObject\",\"inLanguage\":\"fr-FR\",\"@id\":\"https:\\\/\\\/proramillenote.it\\\/fr\\\/porte-stylos-ppl-decoupe-brandbox-sku-119\\\/#primaryimage\",\"url\":\"https:\\\/\\\/proramillenote.it\\\/wp-content\\\/uploads\\\/Porta-Penne-PPL-Seacor-sagomato-cuore.webp?wsr\",\"contentUrl\":\"https:\\\/\\\/proramillenote.it\\\/wp-content\\\/uploads\\\/Porta-Penne-PPL-Seacor-sagomato-cuore.webp?wsr\",\"width\":600,\"height\":600,\"caption\":\"tui \u00e0 stylos en forme, porte-stylo personnalis\u00e9 en PPL en forme de c\u0153ur \u2013 motif Seacor\"},{\"@type\":\"BreadcrumbList\",\"@id\":\"https:\\\/\\\/proramillenote.it\\\/fr\\\/porte-stylos-ppl-decoupe-brandbox-sku-119\\\/#breadcrumb\",\"itemListElement\":[{\"@type\":\"ListItem\",\"position\":1,\"name\":\"Proramillenote\",\"item\":\"https:\\\/\\\/proramillenote.it\\\/fr\\\/\"},{\"@type\":\"ListItem\",\"position\":2,\"name\":\"Porte-stylos PPL d\u00e9coup\u00e9 BrandBox\"}]},{\"@type\":\"WebSite\",\"@id\":\"https:\\\/\\\/proramillenote.it\\\/fr\\\/#website\",\"url\":\"https:\\\/\\\/proramillenote.it\\\/fr\\\/\",\"name\":\"Proramillenote gadget aziendali e post-it personalizzati\",\"description\":\"Post-it personalizzati, block notes con logo e gadget aziendali per il marketing B2B. Specialisti in gadget promozionali per medici e aziende farmaceutiche.\",\"publisher\":{\"@id\":\"https:\\\/\\\/proramillenote.it\\\/fr\\\/#organization\"},\"alternateName\":\"Proramillenote\",\"potentialAction\":[{\"@type\":\"SearchAction\",\"target\":{\"@type\":\"EntryPoint\",\"urlTemplate\":\"https:\\\/\\\/proramillenote.it\\\/fr\\\/?s={search_term_string}\"},\"query-input\":{\"@type\":\"PropertyValueSpecification\",\"valueRequired\":true,\"valueName\":\"search_term_string\"}}],\"inLanguage\":\"fr-FR\"},{\"@type\":\"Organization\",\"@id\":\"https:\\\/\\\/proramillenote.it\\\/fr\\\/#organization\",\"name\":\"Proramillenote gadgets d\u2019entreprise et post-it personnalis\u00e9s\",\"alternateName\":\"Proramillenote\",\"url\":\"https:\\\/\\\/proramillenote.it\\\/fr\\\/\",\"logo\":{\"@type\":\"ImageObject\",\"inLanguage\":\"fr-FR\",\"@id\":\"https:\\\/\\\/proramillenote.it\\\/fr\\\/#\\\/schema\\\/logo\\\/image\\\/\",\"url\":\"https:\\\/\\\/proramillenote.it\\\/wp-content\\\/uploads\\\/papercube800.png?wsr\",\"contentUrl\":\"https:\\\/\\\/proramillenote.it\\\/wp-content\\\/uploads\\\/papercube800.png?wsr\",\"width\":800,\"height\":800,\"caption\":\"Proramillenote gadgets d\u2019entreprise et post-it personnalis\u00e9s\"},\"image\":{\"@id\":\"https:\\\/\\\/proramillenote.it\\\/fr\\\/#\\\/schema\\\/logo\\\/image\\\/\"},\"description\":\"\u2022 Specialista in produzione e commercio di gadget per medici e gadget per veterinari personalizzati. \u2022 Produzione di gadget aziendali per qualsiasi settore merceologico dal 1975. \u2022 Produttore di post-it personalizzati, post-it sagomati e cubi di carta personalizzati in stampa digitale oppure offset. Produttore di block-notes con logo. \u2022 Con cartotecnica creativa progettiamo KIT di post-it su misura, Made in Italy e di design italiano, insigniti del prestigioso premio europeo PGA Promotional Gift Award. \u2022 Concorso #Ossoduro \\\"Design di brand reminder da scrivania innovativi\\\" concepito per incoraggiare la creativit\u00e0 degli studenti di scuole secondarie di design e grafica. Annuale - Ed.7\u00b0 2024-2025. \u2022 Proramillenote \u00e8 produttore accreditato EUDAMED per la fornitura di DMClasse I \u2022 Proramillenote \u00e8 certificata FSC\u00ae Chain of custody.\",\"email\":\"customercare@proramillenote.it\",\"telephone\":\"+39 039616593\",\"legalName\":\"Proramillenote Srl\",\"foundingDate\":\"1972-01-01\",\"vatID\":\"10323920966\",\"taxID\":\"10323920966\",\"numberOfEmployees\":{\"@type\":\"QuantitativeValue\",\"minValue\":\"11\",\"maxValue\":\"50\"},\"publishingPrinciples\":\"https:\\\/\\\/proramillenote.it\\\/politica-su-etica\\\/\",\"ownershipFundingInfo\":\"https:\\\/\\\/proramillenote.it\\\/politica-su-etica\\\/\",\"actionableFeedbackPolicy\":\"https:\\\/\\\/proramillenote.it\\\/politica-su-etica\\\/\",\"correctionsPolicy\":\"https:\\\/\\\/proramillenote.it\\\/politica-su-etica\\\/\",\"ethicsPolicy\":\"https:\\\/\\\/proramillenote.it\\\/politica-su-etica\\\/\",\"diversityPolicy\":\"https:\\\/\\\/proramillenote.it\\\/politica-su-etica\\\/\",\"diversityStaffingReport\":\"https:\\\/\\\/proramillenote.it\\\/politica-su-etica\\\/\"}]}<\/script>\n<meta property=\"product:brand\" content=\"Proramillenote manufacturer\" \/>\n<meta property=\"og:availability\" content=\"instock\" \/>\n<meta property=\"product:availability\" content=\"instock\" \/>\n<meta property=\"product:retailer_item_id\" content=\"119\" \/>\n<meta property=\"product:condition\" content=\"new\" \/>\n<!-- \/ Yoast SEO Premium plugin. -->","yoast_head_json":{"title":"\u00c9tui \u00e0 stylos, porte-stylo personnalis\u00e9 PPL forme de c\u0153ur - Seacor","description":"\u00c9tui \u00e0 stylos PPL en forme : gadget de bureau n polypropyl\u00e8ne flexible et r\u00e9sistant. Personnalisable, livr\u00e9 semi-mont\u00e9. 75x75x80 mm. Minimum 500 pi\u00e8ces.","robots":{"index":"index","follow":"follow","max-snippet":"max-snippet:-1","max-image-preview":"max-image-preview:large","max-video-preview":"max-video-preview:-1"},"canonical":"https:\/\/proramillenote.it\/fr\/porte-stylos-ppl-decoupe-brandbox-sku-119\/","og_locale":"fr_FR","og_type":"article","og_title":"\u00c9tui \u00e0 stylos, porte-stylo personnalis\u00e9 PPL forme de c\u0153ur - Seacor","og_description":"\u00c9tui \u00e0 stylos PPL en forme : gadget de bureau n polypropyl\u00e8ne flexible et r\u00e9sistant. Personnalisable, livr\u00e9 semi-mont\u00e9. 75x75x80 mm. Minimum 500 pi\u00e8ces.","og_url":"https:\/\/proramillenote.it\/fr\/porte-stylos-ppl-decoupe-brandbox-sku-119\/","og_site_name":"Gadgets d\u2019entreprise et post-it personnalis\u00e9s","og_image":[{"width":600,"height":600,"url":"https:\/\/proramillenote.it\/wp-content\/uploads\/Porta-Penne-PPL-Seacor-sagomato-cuore.webp?wsr","type":"image\/webp"}],"twitter_card":"summary_large_image","schema":{"@context":"https:\/\/schema.org","@graph":[{"@type":"WebPage","@id":"https:\/\/proramillenote.it\/fr\/porte-stylos-ppl-decoupe-brandbox-sku-119\/","url":"https:\/\/proramillenote.it\/fr\/porte-stylos-ppl-decoupe-brandbox-sku-119\/","name":"\u00c9tui \u00e0 stylos, porte-stylo personnalis\u00e9 PPL forme de c\u0153ur - Seacor","isPartOf":{"@id":"https:\/\/proramillenote.it\/fr\/#website"},"primaryImageOfPage":{"@id":"https:\/\/proramillenote.it\/fr\/porte-stylos-ppl-decoupe-brandbox-sku-119\/#primaryimage"},"image":{"@id":"https:\/\/proramillenote.it\/fr\/porte-stylos-ppl-decoupe-brandbox-sku-119\/#primaryimage"},"thumbnailUrl":"https:\/\/proramillenote.it\/wp-content\/uploads\/Porta-Penne-PPL-Seacor-sagomato-cuore.webp?wsr","datePublished":"2026-02-16T16:00:40+00:00","description":"\u00c9tui \u00e0 stylos PPL en forme : gadget de bureau n polypropyl\u00e8ne flexible et r\u00e9sistant. Personnalisable, livr\u00e9 semi-mont\u00e9. 75x75x80 mm. Minimum 500 pi\u00e8ces.","breadcrumb":{"@id":"https:\/\/proramillenote.it\/fr\/porte-stylos-ppl-decoupe-brandbox-sku-119\/#breadcrumb"},"inLanguage":"fr-FR","potentialAction":[{"@type":"ReadAction","target":["https:\/\/proramillenote.it\/fr\/porte-stylos-ppl-decoupe-brandbox-sku-119\/"]}]},{"@type":"ImageObject","inLanguage":"fr-FR","@id":"https:\/\/proramillenote.it\/fr\/porte-stylos-ppl-decoupe-brandbox-sku-119\/#primaryimage","url":"https:\/\/proramillenote.it\/wp-content\/uploads\/Porta-Penne-PPL-Seacor-sagomato-cuore.webp?wsr","contentUrl":"https:\/\/proramillenote.it\/wp-content\/uploads\/Porta-Penne-PPL-Seacor-sagomato-cuore.webp?wsr","width":600,"height":600,"caption":"tui \u00e0 stylos en forme, porte-stylo personnalis\u00e9 en PPL en forme de c\u0153ur \u2013 motif Seacor"},{"@type":"BreadcrumbList","@id":"https:\/\/proramillenote.it\/fr\/porte-stylos-ppl-decoupe-brandbox-sku-119\/#breadcrumb","itemListElement":[{"@type":"ListItem","position":1,"name":"Proramillenote","item":"https:\/\/proramillenote.it\/fr\/"},{"@type":"ListItem","position":2,"name":"Porte-stylos PPL d\u00e9coup\u00e9 BrandBox"}]},{"@type":"WebSite","@id":"https:\/\/proramillenote.it\/fr\/#website","url":"https:\/\/proramillenote.it\/fr\/","name":"Proramillenote gadget aziendali e post-it personalizzati","description":"Post-it personalizzati, block notes con logo e gadget aziendali per il marketing B2B. Specialisti in gadget promozionali per medici e aziende farmaceutiche.","publisher":{"@id":"https:\/\/proramillenote.it\/fr\/#organization"},"alternateName":"Proramillenote","potentialAction":[{"@type":"SearchAction","target":{"@type":"EntryPoint","urlTemplate":"https:\/\/proramillenote.it\/fr\/?s={search_term_string}"},"query-input":{"@type":"PropertyValueSpecification","valueRequired":true,"valueName":"search_term_string"}}],"inLanguage":"fr-FR"},{"@type":"Organization","@id":"https:\/\/proramillenote.it\/fr\/#organization","name":"Proramillenote gadgets d\u2019entreprise et post-it personnalis\u00e9s","alternateName":"Proramillenote","url":"https:\/\/proramillenote.it\/fr\/","logo":{"@type":"ImageObject","inLanguage":"fr-FR","@id":"https:\/\/proramillenote.it\/fr\/#\/schema\/logo\/image\/","url":"https:\/\/proramillenote.it\/wp-content\/uploads\/papercube800.png?wsr","contentUrl":"https:\/\/proramillenote.it\/wp-content\/uploads\/papercube800.png?wsr","width":800,"height":800,"caption":"Proramillenote gadgets d\u2019entreprise et post-it personnalis\u00e9s"},"image":{"@id":"https:\/\/proramillenote.it\/fr\/#\/schema\/logo\/image\/"},"description":"\u2022 Specialista in produzione e commercio di gadget per medici e gadget per veterinari personalizzati. \u2022 Produzione di gadget aziendali per qualsiasi settore merceologico dal 1975. \u2022 Produttore di post-it personalizzati, post-it sagomati e cubi di carta personalizzati in stampa digitale oppure offset. Produttore di block-notes con logo. \u2022 Con cartotecnica creativa progettiamo KIT di post-it su misura, Made in Italy e di design italiano, insigniti del prestigioso premio europeo PGA Promotional Gift Award. \u2022 Concorso #Ossoduro \"Design di brand reminder da scrivania innovativi\" concepito per incoraggiare la creativit\u00e0 degli studenti di scuole secondarie di design e grafica. Annuale - Ed.7\u00b0 2024-2025. \u2022 Proramillenote \u00e8 produttore accreditato EUDAMED per la fornitura di DMClasse I \u2022 Proramillenote \u00e8 certificata FSC\u00ae Chain of custody.","email":"customercare@proramillenote.it","telephone":"+39 039616593","legalName":"Proramillenote Srl","foundingDate":"1972-01-01","vatID":"10323920966","taxID":"10323920966","numberOfEmployees":{"@type":"QuantitativeValue","minValue":"11","maxValue":"50"},"publishingPrinciples":"https:\/\/proramillenote.it\/politica-su-etica\/","ownershipFundingInfo":"https:\/\/proramillenote.it\/politica-su-etica\/","actionableFeedbackPolicy":"https:\/\/proramillenote.it\/politica-su-etica\/","correctionsPolicy":"https:\/\/proramillenote.it\/politica-su-etica\/","ethicsPolicy":"https:\/\/proramillenote.it\/politica-su-etica\/","diversityPolicy":"https:\/\/proramillenote.it\/politica-su-etica\/","diversityStaffingReport":"https:\/\/proramillenote.it\/politica-su-etica\/"}]},"product_brand":"Proramillenote manufacturer","og_availability":"instock","product_availability":"instock","product_retailer_item_id":"119","product_condition":"new"},"_links":{"self":[{"href":"https:\/\/proramillenote.it\/fr\/wp-json\/wp\/v2\/product\/66862","targetHints":{"allow":["GET"]}}],"collection":[{"href":"https:\/\/proramillenote.it\/fr\/wp-json\/wp\/v2\/product"}],"about":[{"href":"https:\/\/proramillenote.it\/fr\/wp-json\/wp\/v2\/types\/product"}],"version-history":[{"count":8,"href":"https:\/\/proramillenote.it\/fr\/wp-json\/wp\/v2\/product\/66862\/revisions"}],"predecessor-version":[{"id":89908,"href":"https:\/\/proramillenote.it\/fr\/wp-json\/wp\/v2\/product\/66862\/revisions\/89908"}],"wp:featuredmedia":[{"embeddable":true,"href":"https:\/\/proramillenote.it\/fr\/wp-json\/wp\/v2\/media\/80222"}],"wp:attachment":[{"href":"https:\/\/proramillenote.it\/fr\/wp-json\/wp\/v2\/media?parent=66862"}],"wp:term":[{"taxonomy":"product_brand","embeddable":true,"href":"https:\/\/proramillenote.it\/fr\/wp-json\/wp\/v2\/product_brand?post=66862"},{"taxonomy":"product_cat","embeddable":true,"href":"https:\/\/proramillenote.it\/fr\/wp-json\/wp\/v2\/product_cat?post=66862"},{"taxonomy":"product_tag","embeddable":true,"href":"https:\/\/proramillenote.it\/fr\/wp-json\/wp\/v2\/product_tag?post=66862"}],"curies":[{"name":"wp","href":"https:\/\/api.w.org\/{rel}","templated":true}]}}