{"id":72367,"date":"2026-03-03T10:44:02","date_gmt":"2026-03-03T09:44:02","guid":{"rendered":"https:\/\/proramillenote.it\/?post_type=product&#038;p=72367"},"modified":"2024-11-06T14:09:07","modified_gmt":"2024-11-06T13:09:07","slug":"maxi-cube-en-papier-adhesif-75x75x75mm-sku-262","status":"publish","type":"product","link":"https:\/\/proramillenote.it\/fr\/maxi-cube-en-papier-adhesif-75x75x75mm-sku-262\/","title":{"rendered":"Maxi cube en papier adh\u00e9sif 75x75x75mm"},"content":{"rendered":"<h2>Maxi cube post-it 75x75x75mm.<br \/>\nVisibilit\u00e9 infinie pour votre marque, avec un minimum de 200 pcs<\/h2>\n<p>Le <strong>cubo post-it maxi personnalis\u00e9 de 7,5 cm<\/strong> repr\u00e9sente le cube adh\u00e9sif le plus grand de notre collection.<br \/>\nIl poss\u00e8de des feuilles adh\u00e9sives de 75x75mm, offrant ainsi une surface tr\u00e8s exploitable pour prendre des notes.<\/p>\n<p>Depuis 1972, nous de Proramillenote fabriquons directement ces <strong>cubes promotionnels<\/strong> de <strong>grandes<\/strong> <strong>dimensions<\/strong>.<br \/>\nEn outre, nous proposons \u00e9galement des personnalisations gr\u00e2ce aux technologies de <strong>impression num\u00e9rique haute d\u00e9finition<\/strong>, qui permettent de reproduire des images en couleur de haute qualit\u00e9.<br \/>\nCela r\u00e9duit la n\u00e9cessit\u00e9 d&rsquo;installations, abaissant ainsi les tirages minimums et les co\u00fbts globaux.<\/p>\n<p><strong>Une fourniture minimum standard inclut :<\/strong><\/p>\n<ol>\n<li>Impression num\u00e9rique de 4 images en couleur diff\u00e9rentes (une sur chaque c\u00f4t\u00e9 du cube),<\/li>\n<li>Impression offset sur les post-it de 1 \u00e0 4 couleurs,<\/li>\n<li>Un ordre minimum de 200 cubes. Si vous avez besoin de tirages inf\u00e9rieurs, nous proposons le <a rel=\"noopener\" target=\"_blank\" title=\"post-it cube 69x69x69mm\" href=\"https:\/\/proramillenote.it\/fr\/produit\/post-it-cube-personnalise-69x69mm-sku-261\/\">post-it cube 69x69x69mm<\/a> avec un tirage exceptionnel minimum de 40 pcs !<\/li>\n<\/ol>\n<h4><strong>Personnalisez chaque cube avec des graphismes color\u00e9s et percutants.<br \/>\nL&rsquo;impression num\u00e9rique offre l&rsquo;opportunit\u00e9 de personnaliser le cube post-it avec 4 images au prix d&rsquo;une seule image.<\/strong><\/h4>\n<p>Pour toutes ces raisons, les <strong>maxi cubes post-it personnalis\u00e9s avec c\u00f4t\u00e9 de 75 mm<\/strong> constituent des objets promotionnels efficaces pour des strat\u00e9gies publicitaires multimarque et de co-marketing. Offrez un cube post-it personnalis\u00e9, c&rsquo;est un cadeau toujours appr\u00e9ci\u00e9 \u00e0 placer sur un bureau.<br \/>\nLorsqu&rsquo;il est d\u00e9cor\u00e9 avec des graphismes \u00e9l\u00e9gants, il devient un \u00e9l\u00e9ment d\u00e9coratif dans n&rsquo;importe quel espace.<br \/>\nDe plus, chaque feuille personnalis\u00e9e est utile pour noter des informations.<br \/>\nL&rsquo;adh\u00e9sif sur les post-it est amovible, ce qui les rend parfaits comme signets pour livres et manuels.<br \/>\nEnfin, le post-it cube personnalis\u00e9 est un objet promotionnel \u00e9cologique, fabriqu\u00e9 en papier et imprim\u00e9 avec des encres \u00e0 base d&rsquo;eau.<\/p>\n<p>Si les valeurs de votre entreprise privil\u00e9gient les objets \u00e9coresponsables, vous pouvez opter pour les <strong>post-it cube en papier recycl\u00e9<\/strong> ou les <strong>post-it cube en papier FSC<sup>\u00ae<\/sup><\/strong> avec une cha\u00eene de custody certifi\u00e9e. Nous serons ravis si vous faites ce choix, Proramillenote est certifi\u00e9e FSC<sup>\u00ae<\/sup> !<\/p>\n<h3>Pourquoi choisir un cube post-it grand comme objet promotionnel ?<\/h3>\n<p>Les cubes post-it maxi repr\u00e9sentent des cadeaux utiles et originaux. Ils peuvent \u00eatre :<\/p>\n<ul>\n<li style=\"list-style-type: none;\">\n<ul>\n<li style=\"list-style-type: none;\">\n<ul>\n<li><strong><em>Originaux :<\/em><\/strong> lorsqu&rsquo;ils sont enrichis de graphismes con\u00e7us par un professionnel de la communication qui captent l\u2019attention du public.<\/li>\n<li><b><i>\u00c9cologiques et durables :<\/i><\/b> ils constituent un cadeau utile et socialement responsable, qui communique clairement les valeurs de votre marque.<\/li>\n<li><em><strong>Objets promotionnels innovants multimarque et pour le co-marketing :<\/strong><\/em> vous pouvez imprimer le logo de l\u2019entreprise sur les feuilles et la publicit\u00e9 de 4 produits diff\u00e9rents sur chaque c\u00f4t\u00e9, en haute d\u00e9finition et avec des graphismes \u00e0 fort impact.<\/li>\n<li><strong><em>Uniques :<\/em><\/strong> ils se d\u00e9marquent visiblement et durablement sur n&rsquo;importe quel bureau.<\/li>\n<li><strong><em>Cr\u00e9atifs :<\/em><\/strong> lorsque leur composition inclut des messages efficaces qui stimulent l&rsquo;int\u00e9r\u00eat et l&rsquo;engagement.<\/li>\n<li><strong><em>Surprenants :<\/em><\/strong> ils g\u00e9n\u00e8rent un fort impact \u00e9motionnel ! De belles photographies peuvent raviver des \u00e9motions li\u00e9es aux moments repr\u00e9sent\u00e9s. Pensez aux cubes comme cadres photo !<\/li>\n<\/ul>\n<\/li>\n<\/ul>\n<ul>\n<li><strong>Le cube post-it maxi assure une visibilit\u00e9 infinie pour votre marque :<\/strong> le cube post-it maxi personnalis\u00e9 contient 750 post-it de 75x75mm. En utilisant un post-it par jour, le cube durera plus de 2 ans&#8230; Il garantit une visibilit\u00e9 infinie pour votre marque et optimise le co\u00fbt par contact.<\/li>\n<\/ul>\n<\/li>\n<\/ul>\n<p><strong>Dimension article :<\/strong> 75x75x75mm<br \/>\n<strong>Papier post-it<\/strong> : 80 g\/m\u00b2 couleur blanche<\/p>\n<h4>Options papier<\/h4>\n<ul>\n<li style=\"list-style-type: none;\">\n<ul>\n<li style=\"list-style-type: none;\">\n<ul>\n<li>Papier post-it 80 g\/m\u00b2<\/li>\n<li>Papier post-it recycl\u00e9<\/li>\n<li>Papier post-it FSC<sup>\u00ae<\/sup><\/li>\n<\/ul>\n<\/li>\n<\/ul>\n<\/li>\n<\/ul>\n<h4>Marquage<\/h4>\n<ul>\n<li style=\"list-style-type: none;\">\n<ul>\n<li style=\"list-style-type: none;\">\n<ul>\n<li><strong>Impression feuilles<\/strong> : impression offset jusqu&rsquo;\u00e0 4 couleurs (couleurs Pantone ou quadri)<\/li>\n<li><strong>Impression c\u00f4t\u00e9s<\/strong> : impression num\u00e9rique avec jusqu&rsquo;\u00e0 <strong>4 sujets diff\u00e9rents<\/strong>, un par c\u00f4t\u00e9 du cube, au bord (sans marge blanche) et <strong>sans n\u00e9cessit\u00e9 d&rsquo;installations<\/strong> !<\/li>\n<li><strong>Formats sp\u00e9ciaux sur demande<\/strong><\/li>\n<\/ul>\n<\/li>\n<\/ul>\n<\/li>\n<\/ul>\n<h4>Conditionnement<\/h4>\n<ul>\n<li style=\"list-style-type: none;\">\n<ul>\n<li style=\"list-style-type: none;\">\n<ul>\n<li>Chaque cube post-it est livr\u00e9 dans des bo\u00eetes<\/li>\n<li>Conditionnement individuel en film transparent r\u00e9tractable<\/li>\n<\/ul>\n<\/li>\n<\/ul>\n<\/li>\n<\/ul>\n<h6>MQO : 200 cubes<\/h6>\n<blockquote class=\"bq\"><p><strong>Production Proramillenote :<\/strong><br \/>\n<strong><a name=\"prod\"><\/a>le grand avantage d&rsquo;acheter directement au producteur<\/strong><br \/>\nLa conception, l&rsquo;impression et l&#8217;emballage sont enti\u00e8rement r\u00e9alis\u00e9s en Italie par Proramillenote \u00e0 son site de production \u00e0 Arcore (MB).<\/p>\n<ul>\n<li><strong>\u00c9conomique<\/strong> : absence d&rsquo;interm\u00e9diaires commerciaux.<\/li>\n<li><strong>Rapide<\/strong> : livraison en 3 semaines apr\u00e8s l&rsquo;approbation de la maquette. Chaque traitement des cubes est unique !<\/li>\n<li><strong>Relationnel<\/strong> : relation directe avec des sp\u00e9cialistes du backoffice pour des demandes sur mesure.<\/li>\n<li><strong>Conception<\/strong> : Proramillenote dispose d&rsquo;un bureau graphique interne pour cr\u00e9er des maquettes personnalis\u00e9es et finaliser les ex\u00e9cutions d&rsquo;impression de vos graphismes.<\/li>\n<li><strong>Compl\u00e8tement Made in Italy<\/strong><\/li>\n<li><strong>Certification FSC<sup>\u00ae<\/sup> C204005, si vous \u00eates une entreprise et que vous souhaitez maintenir la cha\u00eene de custody, Proramillenote est votre partenaire id\u00e9al.<\/strong><\/li>\n<\/ul>\n<\/blockquote>\n<p>D\u00e9couvrez <a rel=\"noopener\" target=\"_blank\" title=\"tous les cubes de papier\" href=\"https:\/\/proramillenote.it\/fr\/produit-tag-fr\/cubes-en-papier-personnalises\/\">tous les cubes de papier<\/a> adh\u00e9sif et papier non couch\u00e9.<\/p>\n","protected":false},"excerpt":{"rendered":"<p>Cube post-it personnalis\u00e9 grand 7,5 cm : cube post-it maxi format, jusqu&rsquo;\u00e0 4 images diff\u00e9rentes sur les c\u00f4t\u00e9s, impression num\u00e9rique couleur haute d\u00e9finition. Impression des feuilles de 1 \u00e0 4 couleurs. Minimum 200 pcs. Adapt\u00e9 aux campagnes multimarque et de co-marketing.<\/p>\n","protected":false},"featured_media":71722,"template":"","meta":[],"product_brand":[5138],"product_cat":[3929,646,5234,5195],"product_tag":[5520,1823],"class_list":{"0":"post-72367","1":"product","2":"type-product","3":"status-publish","4":"has-post-thumbnail","6":"product_brand-fabricant-proramillenote","7":"product_cat-cubes-post-it-et-demi-cubes-post-it","8":"product_cat-post-it-personnalises","9":"product_cat-livraison-en-3-semaines","10":"product_cat-cout-entre-1-et-2-euros","11":"product_tag-cubes-en-papier","12":"product_tag-multibrand","13":"pa_num-col-stampa-fogli-post-it-feuilles-impression-2-couleurs-fr","14":"pa_num-col-stampa-fogli-post-it-feuilles-impression-1-couleur-fr","15":"pa_num-col-stampa-fogli-post-it-feuilles-impression-0-couleurs-fr","16":"pa_num-col-stampa-fogli-post-it-feuilles-impression-4-couleurs-fr","17":"pa_num-col-stampa-fogli-post-it-feuilles-impression-3-couleurs-fr","18":"pa_stampa-lati-numero-colori-impression-numerique-sur-les-cotes","19":"pa_stampa-lati-numero-soggetti-impression-cotes-1-sujet","20":"pa_stampa-lati-numero-soggetti-impression-cotes-2-sujets","21":"pa_stampa-lati-numero-soggetti-impression-cotes-3-sujets","22":"pa_stampa-lati-numero-soggetti-impression-cotes-4-sujets","23":"pa_tipo-di-carta-materiali-papier-adhesif-certifie-fsc","24":"pa_tipo-di-carta-materiali-papier-adhesif-recycle","26":"first","27":"instock","28":"purchasable","29":"product-type-variable","30":"has-default-attributes"},"yoast_head":"<!-- This site is optimized with the Yoast SEO Premium plugin v27.3 (Yoast SEO v27.3) - https:\/\/yoast.com\/product\/yoast-seo-premium-wordpress\/ -->\n<title>Maxi cube en papier adh\u00e9sif 7,5 cm | 4 images sur les c\u00f4t\u00e9s<\/title>\n<meta name=\"description\" content=\"Maxi cube en papier adh\u00e9sif, cube post-it 7,5 cm : 4 images sur les c\u00f4t\u00e9s, impression num\u00e9rique HD. Impression feuilles 1-4 couleurs. Minimum 200 cubes.\" \/>\n<meta name=\"robots\" content=\"index, follow, max-snippet:-1, max-image-preview:large, max-video-preview:-1\" \/>\n<link rel=\"canonical\" href=\"https:\/\/proramillenote.it\/fr\/maxi-cube-en-papier-adhesif-75x75x75mm-sku-262\/\" \/>\n<meta property=\"og:locale\" content=\"fr_FR\" \/>\n<meta property=\"og:type\" content=\"article\" \/>\n<meta property=\"og:title\" content=\"Maxi cube en papier adh\u00e9sif 7,5 cm | 4 images sur les c\u00f4t\u00e9s\" \/>\n<meta property=\"og:description\" content=\"Maxi cube en papier adh\u00e9sif, cube post-it 7,5 cm : 4 images sur les c\u00f4t\u00e9s, impression num\u00e9rique HD. Impression feuilles 1-4 couleurs. Minimum 200 cubes.\" \/>\n<meta property=\"og:url\" content=\"https:\/\/proramillenote.it\/fr\/maxi-cube-en-papier-adhesif-75x75x75mm-sku-262\/\" \/>\n<meta property=\"og:site_name\" content=\"Gadgets d\u2019entreprise et post-it personnalis\u00e9s\" \/>\n<meta property=\"og:image\" content=\"https:\/\/proramillenote.it\/wp-content\/uploads\/Cubo_Amundi-post-it-personalizzato-proramillenote.webp\" \/>\n\t<meta property=\"og:image:width\" content=\"600\" \/>\n\t<meta property=\"og:image:height\" content=\"600\" \/>\n\t<meta property=\"og:image:type\" content=\"image\/webp\" \/>\n<meta name=\"twitter:card\" content=\"summary_large_image\" \/>\n<script type=\"application\/ld+json\" class=\"yoast-schema-graph\">{\"@context\":\"https:\\\/\\\/schema.org\",\"@graph\":[{\"@type\":\"WebPage\",\"@id\":\"https:\\\/\\\/proramillenote.it\\\/fr\\\/maxi-cube-en-papier-adhesif-75x75x75mm-sku-262\\\/\",\"url\":\"https:\\\/\\\/proramillenote.it\\\/fr\\\/maxi-cube-en-papier-adhesif-75x75x75mm-sku-262\\\/\",\"name\":\"Maxi cube en papier adh\u00e9sif 7,5 cm | 4 images sur les c\u00f4t\u00e9s\",\"isPartOf\":{\"@id\":\"https:\\\/\\\/proramillenote.it\\\/fr\\\/#website\"},\"primaryImageOfPage\":{\"@id\":\"https:\\\/\\\/proramillenote.it\\\/fr\\\/maxi-cube-en-papier-adhesif-75x75x75mm-sku-262\\\/#primaryimage\"},\"image\":{\"@id\":\"https:\\\/\\\/proramillenote.it\\\/fr\\\/maxi-cube-en-papier-adhesif-75x75x75mm-sku-262\\\/#primaryimage\"},\"thumbnailUrl\":\"https:\\\/\\\/proramillenote.it\\\/wp-content\\\/uploads\\\/Cubo_Amundi-post-it-personalizzato-proramillenote.webp?wsr\",\"datePublished\":\"2026-03-03T09:44:02+00:00\",\"description\":\"Maxi cube en papier adh\u00e9sif, cube post-it 7,5 cm : 4 images sur les c\u00f4t\u00e9s, impression num\u00e9rique HD. Impression feuilles 1-4 couleurs. Minimum 200 cubes.\",\"breadcrumb\":{\"@id\":\"https:\\\/\\\/proramillenote.it\\\/fr\\\/maxi-cube-en-papier-adhesif-75x75x75mm-sku-262\\\/#breadcrumb\"},\"inLanguage\":\"fr-FR\",\"potentialAction\":[{\"@type\":\"ReadAction\",\"target\":[\"https:\\\/\\\/proramillenote.it\\\/fr\\\/maxi-cube-en-papier-adhesif-75x75x75mm-sku-262\\\/\"]}]},{\"@type\":\"ImageObject\",\"inLanguage\":\"fr-FR\",\"@id\":\"https:\\\/\\\/proramillenote.it\\\/fr\\\/maxi-cube-en-papier-adhesif-75x75x75mm-sku-262\\\/#primaryimage\",\"url\":\"https:\\\/\\\/proramillenote.it\\\/wp-content\\\/uploads\\\/Cubo_Amundi-post-it-personalizzato-proramillenote.webp?wsr\",\"contentUrl\":\"https:\\\/\\\/proramillenote.it\\\/wp-content\\\/uploads\\\/Cubo_Amundi-post-it-personalizzato-proramillenote.webp?wsr\",\"width\":600,\"height\":600,\"caption\":\"Bloc-notes post-it cube personnalis\u00e9 sujet Amundi Producteur : Proramillenote\"},{\"@type\":\"BreadcrumbList\",\"@id\":\"https:\\\/\\\/proramillenote.it\\\/fr\\\/maxi-cube-en-papier-adhesif-75x75x75mm-sku-262\\\/#breadcrumb\",\"itemListElement\":[{\"@type\":\"ListItem\",\"position\":1,\"name\":\"Proramillenote\",\"item\":\"https:\\\/\\\/proramillenote.it\\\/fr\\\/\"},{\"@type\":\"ListItem\",\"position\":2,\"name\":\"Maxi cube en papier adh\u00e9sif 75x75x75mm\"}]},{\"@type\":\"WebSite\",\"@id\":\"https:\\\/\\\/proramillenote.it\\\/fr\\\/#website\",\"url\":\"https:\\\/\\\/proramillenote.it\\\/fr\\\/\",\"name\":\"Proramillenote gadget aziendali e post-it personalizzati\",\"description\":\"Post-it personalizzati, block notes con logo e gadget aziendali per il marketing B2B. Specialisti in gadget promozionali per medici e aziende farmaceutiche.\",\"publisher\":{\"@id\":\"https:\\\/\\\/proramillenote.it\\\/fr\\\/#organization\"},\"alternateName\":\"Proramillenote\",\"potentialAction\":[{\"@type\":\"SearchAction\",\"target\":{\"@type\":\"EntryPoint\",\"urlTemplate\":\"https:\\\/\\\/proramillenote.it\\\/fr\\\/?s={search_term_string}\"},\"query-input\":{\"@type\":\"PropertyValueSpecification\",\"valueRequired\":true,\"valueName\":\"search_term_string\"}}],\"inLanguage\":\"fr-FR\"},{\"@type\":\"Organization\",\"@id\":\"https:\\\/\\\/proramillenote.it\\\/fr\\\/#organization\",\"name\":\"Proramillenote gadgets d\u2019entreprise et post-it personnalis\u00e9s\",\"alternateName\":\"Proramillenote\",\"url\":\"https:\\\/\\\/proramillenote.it\\\/fr\\\/\",\"logo\":{\"@type\":\"ImageObject\",\"inLanguage\":\"fr-FR\",\"@id\":\"https:\\\/\\\/proramillenote.it\\\/fr\\\/#\\\/schema\\\/logo\\\/image\\\/\",\"url\":\"https:\\\/\\\/proramillenote.it\\\/wp-content\\\/uploads\\\/papercube800.png?wsr\",\"contentUrl\":\"https:\\\/\\\/proramillenote.it\\\/wp-content\\\/uploads\\\/papercube800.png?wsr\",\"width\":800,\"height\":800,\"caption\":\"Proramillenote gadgets d\u2019entreprise et post-it personnalis\u00e9s\"},\"image\":{\"@id\":\"https:\\\/\\\/proramillenote.it\\\/fr\\\/#\\\/schema\\\/logo\\\/image\\\/\"},\"description\":\"\u2022 Specialista in produzione e commercio di gadget per medici e gadget per veterinari personalizzati. \u2022 Produzione di gadget aziendali per qualsiasi settore merceologico dal 1975. \u2022 Produttore di post-it personalizzati, post-it sagomati e cubi di carta personalizzati in stampa digitale oppure offset. Produttore di block-notes con logo. \u2022 Con cartotecnica creativa progettiamo KIT di post-it su misura, Made in Italy e di design italiano, insigniti del prestigioso premio europeo PGA Promotional Gift Award. \u2022 Concorso #Ossoduro \\\"Design di brand reminder da scrivania innovativi\\\" concepito per incoraggiare la creativit\u00e0 degli studenti di scuole secondarie di design e grafica. Annuale - Ed.7\u00b0 2024-2025. \u2022 Proramillenote \u00e8 produttore accreditato EUDAMED per la fornitura di DMClasse I \u2022 Proramillenote \u00e8 certificata FSC\u00ae Chain of custody.\",\"email\":\"customercare@proramillenote.it\",\"telephone\":\"+39 039616593\",\"legalName\":\"Proramillenote Srl\",\"foundingDate\":\"1972-01-01\",\"vatID\":\"10323920966\",\"taxID\":\"10323920966\",\"numberOfEmployees\":{\"@type\":\"QuantitativeValue\",\"minValue\":\"11\",\"maxValue\":\"50\"},\"publishingPrinciples\":\"https:\\\/\\\/proramillenote.it\\\/politica-su-etica\\\/\",\"ownershipFundingInfo\":\"https:\\\/\\\/proramillenote.it\\\/politica-su-etica\\\/\",\"actionableFeedbackPolicy\":\"https:\\\/\\\/proramillenote.it\\\/politica-su-etica\\\/\",\"correctionsPolicy\":\"https:\\\/\\\/proramillenote.it\\\/politica-su-etica\\\/\",\"ethicsPolicy\":\"https:\\\/\\\/proramillenote.it\\\/politica-su-etica\\\/\",\"diversityPolicy\":\"https:\\\/\\\/proramillenote.it\\\/politica-su-etica\\\/\",\"diversityStaffingReport\":\"https:\\\/\\\/proramillenote.it\\\/politica-su-etica\\\/\"}]}<\/script>\n<meta property=\"product:brand\" content=\"Fabricant Proramillenote\" \/>\n<meta property=\"og:availability\" content=\"instock\" \/>\n<meta property=\"product:availability\" content=\"instock\" \/>\n<meta property=\"product:retailer_item_id\" content=\"262\" \/>\n<meta property=\"product:condition\" content=\"new\" \/>\n<!-- \/ Yoast SEO Premium plugin. -->","yoast_head_json":{"title":"Maxi cube en papier adh\u00e9sif 7,5 cm | 4 images sur les c\u00f4t\u00e9s","description":"Maxi cube en papier adh\u00e9sif, cube post-it 7,5 cm : 4 images sur les c\u00f4t\u00e9s, impression num\u00e9rique HD. Impression feuilles 1-4 couleurs. Minimum 200 cubes.","robots":{"index":"index","follow":"follow","max-snippet":"max-snippet:-1","max-image-preview":"max-image-preview:large","max-video-preview":"max-video-preview:-1"},"canonical":"https:\/\/proramillenote.it\/fr\/maxi-cube-en-papier-adhesif-75x75x75mm-sku-262\/","og_locale":"fr_FR","og_type":"article","og_title":"Maxi cube en papier adh\u00e9sif 7,5 cm | 4 images sur les c\u00f4t\u00e9s","og_description":"Maxi cube en papier adh\u00e9sif, cube post-it 7,5 cm : 4 images sur les c\u00f4t\u00e9s, impression num\u00e9rique HD. Impression feuilles 1-4 couleurs. Minimum 200 cubes.","og_url":"https:\/\/proramillenote.it\/fr\/maxi-cube-en-papier-adhesif-75x75x75mm-sku-262\/","og_site_name":"Gadgets d\u2019entreprise et post-it personnalis\u00e9s","og_image":[{"width":600,"height":600,"url":"https:\/\/proramillenote.it\/wp-content\/uploads\/Cubo_Amundi-post-it-personalizzato-proramillenote.webp","type":"image\/webp"}],"twitter_card":"summary_large_image","schema":{"@context":"https:\/\/schema.org","@graph":[{"@type":"WebPage","@id":"https:\/\/proramillenote.it\/fr\/maxi-cube-en-papier-adhesif-75x75x75mm-sku-262\/","url":"https:\/\/proramillenote.it\/fr\/maxi-cube-en-papier-adhesif-75x75x75mm-sku-262\/","name":"Maxi cube en papier adh\u00e9sif 7,5 cm | 4 images sur les c\u00f4t\u00e9s","isPartOf":{"@id":"https:\/\/proramillenote.it\/fr\/#website"},"primaryImageOfPage":{"@id":"https:\/\/proramillenote.it\/fr\/maxi-cube-en-papier-adhesif-75x75x75mm-sku-262\/#primaryimage"},"image":{"@id":"https:\/\/proramillenote.it\/fr\/maxi-cube-en-papier-adhesif-75x75x75mm-sku-262\/#primaryimage"},"thumbnailUrl":"https:\/\/proramillenote.it\/wp-content\/uploads\/Cubo_Amundi-post-it-personalizzato-proramillenote.webp?wsr","datePublished":"2026-03-03T09:44:02+00:00","description":"Maxi cube en papier adh\u00e9sif, cube post-it 7,5 cm : 4 images sur les c\u00f4t\u00e9s, impression num\u00e9rique HD. Impression feuilles 1-4 couleurs. Minimum 200 cubes.","breadcrumb":{"@id":"https:\/\/proramillenote.it\/fr\/maxi-cube-en-papier-adhesif-75x75x75mm-sku-262\/#breadcrumb"},"inLanguage":"fr-FR","potentialAction":[{"@type":"ReadAction","target":["https:\/\/proramillenote.it\/fr\/maxi-cube-en-papier-adhesif-75x75x75mm-sku-262\/"]}]},{"@type":"ImageObject","inLanguage":"fr-FR","@id":"https:\/\/proramillenote.it\/fr\/maxi-cube-en-papier-adhesif-75x75x75mm-sku-262\/#primaryimage","url":"https:\/\/proramillenote.it\/wp-content\/uploads\/Cubo_Amundi-post-it-personalizzato-proramillenote.webp?wsr","contentUrl":"https:\/\/proramillenote.it\/wp-content\/uploads\/Cubo_Amundi-post-it-personalizzato-proramillenote.webp?wsr","width":600,"height":600,"caption":"Bloc-notes post-it cube personnalis\u00e9 sujet Amundi Producteur : Proramillenote"},{"@type":"BreadcrumbList","@id":"https:\/\/proramillenote.it\/fr\/maxi-cube-en-papier-adhesif-75x75x75mm-sku-262\/#breadcrumb","itemListElement":[{"@type":"ListItem","position":1,"name":"Proramillenote","item":"https:\/\/proramillenote.it\/fr\/"},{"@type":"ListItem","position":2,"name":"Maxi cube en papier adh\u00e9sif 75x75x75mm"}]},{"@type":"WebSite","@id":"https:\/\/proramillenote.it\/fr\/#website","url":"https:\/\/proramillenote.it\/fr\/","name":"Proramillenote gadget aziendali e post-it personalizzati","description":"Post-it personalizzati, block notes con logo e gadget aziendali per il marketing B2B. Specialisti in gadget promozionali per medici e aziende farmaceutiche.","publisher":{"@id":"https:\/\/proramillenote.it\/fr\/#organization"},"alternateName":"Proramillenote","potentialAction":[{"@type":"SearchAction","target":{"@type":"EntryPoint","urlTemplate":"https:\/\/proramillenote.it\/fr\/?s={search_term_string}"},"query-input":{"@type":"PropertyValueSpecification","valueRequired":true,"valueName":"search_term_string"}}],"inLanguage":"fr-FR"},{"@type":"Organization","@id":"https:\/\/proramillenote.it\/fr\/#organization","name":"Proramillenote gadgets d\u2019entreprise et post-it personnalis\u00e9s","alternateName":"Proramillenote","url":"https:\/\/proramillenote.it\/fr\/","logo":{"@type":"ImageObject","inLanguage":"fr-FR","@id":"https:\/\/proramillenote.it\/fr\/#\/schema\/logo\/image\/","url":"https:\/\/proramillenote.it\/wp-content\/uploads\/papercube800.png?wsr","contentUrl":"https:\/\/proramillenote.it\/wp-content\/uploads\/papercube800.png?wsr","width":800,"height":800,"caption":"Proramillenote gadgets d\u2019entreprise et post-it personnalis\u00e9s"},"image":{"@id":"https:\/\/proramillenote.it\/fr\/#\/schema\/logo\/image\/"},"description":"\u2022 Specialista in produzione e commercio di gadget per medici e gadget per veterinari personalizzati. \u2022 Produzione di gadget aziendali per qualsiasi settore merceologico dal 1975. \u2022 Produttore di post-it personalizzati, post-it sagomati e cubi di carta personalizzati in stampa digitale oppure offset. Produttore di block-notes con logo. \u2022 Con cartotecnica creativa progettiamo KIT di post-it su misura, Made in Italy e di design italiano, insigniti del prestigioso premio europeo PGA Promotional Gift Award. \u2022 Concorso #Ossoduro \"Design di brand reminder da scrivania innovativi\" concepito per incoraggiare la creativit\u00e0 degli studenti di scuole secondarie di design e grafica. Annuale - Ed.7\u00b0 2024-2025. \u2022 Proramillenote \u00e8 produttore accreditato EUDAMED per la fornitura di DMClasse I \u2022 Proramillenote \u00e8 certificata FSC\u00ae Chain of custody.","email":"customercare@proramillenote.it","telephone":"+39 039616593","legalName":"Proramillenote Srl","foundingDate":"1972-01-01","vatID":"10323920966","taxID":"10323920966","numberOfEmployees":{"@type":"QuantitativeValue","minValue":"11","maxValue":"50"},"publishingPrinciples":"https:\/\/proramillenote.it\/politica-su-etica\/","ownershipFundingInfo":"https:\/\/proramillenote.it\/politica-su-etica\/","actionableFeedbackPolicy":"https:\/\/proramillenote.it\/politica-su-etica\/","correctionsPolicy":"https:\/\/proramillenote.it\/politica-su-etica\/","ethicsPolicy":"https:\/\/proramillenote.it\/politica-su-etica\/","diversityPolicy":"https:\/\/proramillenote.it\/politica-su-etica\/","diversityStaffingReport":"https:\/\/proramillenote.it\/politica-su-etica\/"}]},"product_brand":"Fabricant Proramillenote","og_availability":"instock","product_availability":"instock","product_retailer_item_id":"262","product_condition":"new"},"_links":{"self":[{"href":"https:\/\/proramillenote.it\/fr\/wp-json\/wp\/v2\/product\/72367","targetHints":{"allow":["GET"]}}],"collection":[{"href":"https:\/\/proramillenote.it\/fr\/wp-json\/wp\/v2\/product"}],"about":[{"href":"https:\/\/proramillenote.it\/fr\/wp-json\/wp\/v2\/types\/product"}],"version-history":[{"count":0,"href":"https:\/\/proramillenote.it\/fr\/wp-json\/wp\/v2\/product\/72367\/revisions"}],"wp:featuredmedia":[{"embeddable":true,"href":"https:\/\/proramillenote.it\/fr\/wp-json\/wp\/v2\/media\/71722"}],"wp:attachment":[{"href":"https:\/\/proramillenote.it\/fr\/wp-json\/wp\/v2\/media?parent=72367"}],"wp:term":[{"taxonomy":"product_brand","embeddable":true,"href":"https:\/\/proramillenote.it\/fr\/wp-json\/wp\/v2\/product_brand?post=72367"},{"taxonomy":"product_cat","embeddable":true,"href":"https:\/\/proramillenote.it\/fr\/wp-json\/wp\/v2\/product_cat?post=72367"},{"taxonomy":"product_tag","embeddable":true,"href":"https:\/\/proramillenote.it\/fr\/wp-json\/wp\/v2\/product_tag?post=72367"}],"curies":[{"name":"wp","href":"https:\/\/api.w.org\/{rel}","templated":true}]}}