{"id":73168,"date":"2026-02-17T11:00:23","date_gmt":"2026-02-17T10:00:23","guid":{"rendered":"https:\/\/proramillenote.it\/?post_type=product&#038;p=73168"},"modified":"2025-09-23T12:14:45","modified_gmt":"2025-09-23T10:14:45","slug":"post-it-sur-mini-palette-400-feuilles-sku-136","status":"publish","type":"product","link":"https:\/\/proramillenote.it\/fr\/post-it-sur-mini-palette-400-feuilles-sku-136\/","title":{"rendered":"Post-it sur mini palette 400\u00a0feuilles"},"content":{"rendered":"<h3>Post-it sur mini palette 400 feuilles, 4 cm<\/h3>\n<p>Nos blocs-notes adh\u00e9sifs post-it sur mini palette avec votre logo d&rsquo;entreprise constituent un excellent choix pour promouvoir votre marque.<br \/>\nCette version inclut <strong>400 feuilles<\/strong>, atteignant une hauteur de 4 cm, et se trouve sur une base en bois repr\u00e9sentant, \u00e0 \u00e9chelle r\u00e9duite, une palette industrielle souvent utilis\u00e9e dans le secteur de la logistique.<br \/>\nAvec des dimensions standard de 98\u00d774 mm et une \u00e9paisseur de 4 cm, les post-it sur mini palette transforment un outil de bureau ordinaire en un support publicitaire efficace. Votre message appara\u00eetra clairement dans la vie quotidienne de vos clients, sur les bureaux ou lors d&rsquo;\u00e9v\u00e9nements, salons et autres occasions.<\/p>\n<h3>Infos techniques<\/h3>\n<p>Cette version miniaturis\u00e9e des palettes industrielles, con\u00e7ue pour contenir des post-it, allie originalit\u00e9 et fonctionnalit\u00e9.<br \/>\nCes gadgets personnalis\u00e9s associent l&rsquo;usage pratique de post-it adh\u00e9sifs \u00e0 un design distinctif de mini palette. Cela permet \u00e0 votre marque de rester grav\u00e9e dans la m\u00e9moire des clients et vous aide \u00e0 vous distinguer avec \u00e9l\u00e9gance gr\u00e2ce \u00e0 des graphismes personnalis\u00e9s. Les post-it sont toujours \u00e0 port\u00e9e de main pour plus de commodit\u00e9.<br \/>\nLes feuilles, quant \u00e0 elles, se composent en papier non couch\u00e9 de 80 g\/m\u00b2, faciles \u00e0 personnaliser par impression offset.<br \/>\nVous pouvez personnaliser les feuilles avec votre logo, slogan et messages, en utilisant de 1 \u00e0 4 couleurs.<br \/>\nDe plus, l&rsquo;impression num\u00e9rique sur les c\u00f4t\u00e9s permet une personnalisation compl\u00e8te, avec la possibilit\u00e9 de reproduire <strong>jusqu&rsquo;\u00e0 4 images diff\u00e9rentes<\/strong>, vives et attrayantes, ajoutant une touche de la personnalit\u00e9 de votre marque au bureau du destinataire.<\/p>\n<h3>Marquage<\/h3>\n<p>Ce produit offre diverses options de marquage pour renforcer votre image de marque.<br \/>\nVous avez la possibilit\u00e9 d&rsquo;imprimer des graphismes personnalis\u00e9s qui embellissent efficacement le post-it cube.<\/p>\n<h3>Conditionnement<\/h3>\n<p>Les blocs-notes sur mini palette sont des <strong>gadgets personnalis\u00e9s avec des logos d&rsquo;entreprise<\/strong>, parfaits pour <strong>promouvoir des entreprises<\/strong> dans les secteurs de la <strong>logistique<\/strong>, de la <strong>production<\/strong>, des <strong>transports<\/strong> et du <strong>stockage<\/strong>.<\/p>\n<h3>MQO pour campagnes multimarque: 100 pcs<\/h3>\n<p>Gr\u00e2ce \u00e0 l&rsquo;impression num\u00e9rique haute d\u00e9finition, sans besoin de syst\u00e8mes d&rsquo;impression complexes, adoptez une <strong>strat\u00e9gie multimarque rentable et convaincante<\/strong>: <strong>impression de jusqu&rsquo;\u00e0 4 sujets diff\u00e9rents sur les c\u00f4t\u00e9s au prix d&rsquo;un !<\/strong><br \/>\nLes blocs-notes sur mini palette sont des <strong>gadget personnalis\u00e9s avec des logos d&rsquo;entreprise<\/strong>, id\u00e9aux pour <strong>promouvoir des entreprises<\/strong> dans les secteurs de la <strong>logistique<\/strong>, de la <strong>production<\/strong>, des <strong>transports<\/strong> et du <strong>stockage<\/strong>.<\/p>\n<h3>La production minimum est de 100 pcs et poss\u00e8de les caract\u00e9ristiques suivantes :<\/h3>\n<ul>\n<li>100 post-it palette, 98\u00d774 mm 400 feuilles (4 cm)<\/li>\n<li>Papier post-it FSC<sup>\u00ae <\/sup>80 g\/m\u00b2<\/li>\n<li>Aucune impression sur les feuilles ou impression en 1 couleur<\/li>\n<li>Impression sur les c\u00f4t\u00e9s, en couleurs, jusqu&rsquo;\u00e0 4 images diff\u00e9rentes !<\/li>\n<\/ul>\n<p>Pour toutes les autres combinaisons, la quantit\u00e9 minimale est de 200 post-it sur mini palette, <span style=\"color: #ff6600;\">demandez un devis via le configurateur<\/span>!<\/p>\n<p><img decoding=\"async\" class=\"wp-image-30557\" title=\"Gadget \u00e9cologique\" src=\"https:\/\/proramillenote.it\/wp-content\/uploads\/\/Eco-300x146.webp\" alt=\"Gadget \u00e9cologique\" width=\"148\" height=\"72\" srcset=\"https:\/\/proramillenote.it\/wp-content\/uploads\/Eco-300x146.webp 300w, https:\/\/proramillenote.it\/wp-content\/uploads\/Eco-600x291.webp 600w, https:\/\/proramillenote.it\/wp-content\/uploads\/Eco-1024x497.webp 1024w, https:\/\/proramillenote.it\/wp-content\/uploads\/Eco-768x373.webp 768w, https:\/\/proramillenote.it\/wp-content\/uploads\/Eco.webp 1380w\" sizes=\"(max-width: 148px) 100vw, 148px\" \/><\/p>\n<p><strong style=\"color: #008000; font-size: 16px;\">Vous cherchez FSC<sup>\u00ae<\/sup> ? Proramillenote est votre partenaire id\u00e9al<\/strong><\/p>\n<p><strong><a href=\"https:\/\/proramillenote.it\/fr\/difference-entre-le-papier-recycle-et-le-papier-fsc\/\">Quelle est la diff\u00e9rence entre le papier recycl\u00e9 et le papier FSC<sup>\u00ae<\/sup> ?<\/a><\/strong><\/p>\n<h2>Post-it sur mini palette avec logo, toutes les options<\/h2>\n<h3>Mati\u00e8re<\/h3>\n<ul>\n<li>Mat\u00e9riau : papier blanc adh\u00e9sif 80 g\/m\u00b2<\/li>\n<li>Papier post-it FSC<sup>\u00ae<\/sup> ou papier post-it recycl\u00e9<\/li>\n<\/ul>\n<h3>Formats<\/h3>\n<ul>\n<li>98\u00d774 mm avec une \u00e9paisseur de 400 post-it (environ 4 cm)<\/li>\n<li>D\u00e9couvrez \u00e9galement la version de <a href=\"https:\/\/proramillenote.it\/fr\/produit\/post-it-sur-mini-palette-600-feuilles-6-cm-sku-064\/\">pallet post-it avec 600 feuilles<\/a><\/li>\n<\/ul>\n<h3>Marquage impression feuilles<\/h3>\n<ul>\n<li>Impression offset de 1 \u00e0 4 couleurs sur les feuilles en papier adh\u00e9sif<\/li>\n<\/ul>\n<h3>Marquage impression c\u00f4t\u00e9s<\/h3>\n<ul>\n<li><strong>Impression num\u00e9rique<\/strong> sur les c\u00f4t\u00e9s du post-it<\/li>\n<li><strong>Jusqu&rsquo;\u00e0 4 sujets diff\u00e9rents, un pour chaque c\u00f4t\u00e9<\/strong><\/li>\n<\/ul>\n<h3>Conditionnement<\/h3>\n<ul>\n<li>Prot\u00e9g\u00e9s par un conditionnement individuel en plastique transparent r\u00e9tractable<\/li>\n<li>Livr\u00e9s dans des cartons<\/li>\n<\/ul>\n<blockquote class=\"bq\"><p><strong>Production directe Proramillenote<\/strong><br \/>\nLa conception, l&rsquo;impression et le conditionnement des blocs-notes personnalis\u00e9s sur palette en bois sont r\u00e9alis\u00e9s enti\u00e8rement par Proramillenote.<\/p>\n<p>Cette option garantit tous les avantages de la fili\u00e8re courte :<\/p>\n<ul>\n<li><strong>Co\u00fbts<\/strong> comp\u00e9titifs<\/li>\n<li><strong>Vitesse<\/strong> de livraison<\/li>\n<li><strong>Relation directe avec le bureau commercial<\/strong> de Proramillenote<\/li>\n<li><strong>Relation directe avec le bureau graphique<\/strong> interne pour l&rsquo;\u00e9laboration de maquettes personnalis\u00e9es<\/li>\n<li><strong>Made in Italy<\/strong><\/li>\n<li><strong>Proramillenote est certifi\u00e9 FSC<sup>\u00ae<\/sup> 204005<\/strong><\/li>\n<\/ul>\n<\/blockquote>\n<h6>Quantit\u00e9 minimale : 100 pcs<\/h6>\n<p>Si vous recherchez des blocs-notes en papier non couch\u00e9 et non adh\u00e9sif au lieu des post-it, consultez les <a href=\"https:\/\/proramillenote.it\/fr\/magasin\/bloc-notes-mini-palettes-en-bois-personnalises\/blocs-notes-personnalises-sur-mini-palette-sku-001\/\">blocs-notes sur mini palette en bois<\/a>.<\/p>\n","protected":false},"excerpt":{"rendered":"<p>Post-it sur mini palette avec 400 feuilles (4 cm), 98\u00d774 mm. Papier post-it FSC<sup>\u00ae<\/sup> de 80 g\/m\u00b2. Min 100 pcs, aucune impression sur les feuilles ou impression des feuilles en 1 couleur. \u00c0 partir de 200 pcs, imprimez sur les feuilles en 2, 3 ou 4 couleurs. Impression num\u00e9rique haute d\u00e9finition sur les c\u00f4t\u00e9s en quadri, avec jusqu&rsquo;\u00e0 4 images diff\u00e9rentes !<\/p>\n","protected":false},"featured_media":73202,"template":"","meta":[],"product_brand":[5138],"product_cat":[5235,646,3161],"product_tag":[1823],"class_list":{"0":"post-73168","1":"product","2":"type-product","3":"status-publish","4":"has-post-thumbnail","6":"product_brand-fabricant-proramillenote","7":"product_cat-livraison-en-4-semaines","8":"product_cat-post-it-personnalises","9":"product_cat-post-it-mini-palettes-personnalisees-fr","10":"product_tag-multibrand","12":"first","13":"instock","14":"shipping-taxable","15":"purchasable","16":"product-type-variable"},"yoast_head":"<!-- This site is optimized with the Yoast SEO Premium plugin v27.2 (Yoast SEO v27.2) - https:\/\/yoast.com\/product\/yoast-seo-premium-wordpress\/ -->\n<title>Mini-palette post-it<\/title>\n<meta name=\"description\" content=\"Mini-palette post-it 98x74 mm, 400\/600 feuilles imprim\u00e9es en 1 \u00e0 2 couleurs, impression num\u00e9rique sur les c\u00f4t\u00e9s, jusqu&#039;\u00e0 4 sujets diff\u00e9rents.\" \/>\n<meta name=\"robots\" content=\"index, follow, max-snippet:-1, max-image-preview:large, max-video-preview:-1\" \/>\n<link rel=\"canonical\" href=\"https:\/\/proramillenote.it\/fr\/post-it-sur-mini-palette-400-feuilles-sku-136\/\" \/>\n<meta property=\"og:locale\" content=\"fr_FR\" \/>\n<meta property=\"og:type\" content=\"article\" \/>\n<meta property=\"og:title\" content=\"Mini-palette post-it\" \/>\n<meta property=\"og:description\" content=\"Mini-palette post-it 98x74 mm, 400\/600 feuilles imprim\u00e9es en 1 \u00e0 2 couleurs, impression num\u00e9rique sur les c\u00f4t\u00e9s, jusqu&#039;\u00e0 4 sujets diff\u00e9rents.\" \/>\n<meta property=\"og:url\" content=\"https:\/\/proramillenote.it\/fr\/post-it-sur-mini-palette-400-feuilles-sku-136\/\" \/>\n<meta property=\"og:site_name\" content=\"Gadget aziendali e post-it personalizzati\" \/>\n<meta property=\"og:image\" content=\"https:\/\/proramillenote.it\/wp-content\/uploads\/Mini-Pallet-M3-post-it-e-block-notes-personalizzato-produzione-Proramillenote.webp?wsr\" \/>\n\t<meta property=\"og:image:width\" content=\"600\" \/>\n\t<meta property=\"og:image:height\" content=\"600\" \/>\n\t<meta property=\"og:image:type\" content=\"image\/webp\" \/>\n<meta name=\"twitter:card\" content=\"summary_large_image\" \/>\n<meta name=\"twitter:image\" content=\"https:\/\/proramillenote.it\/wp-content\/uploads\/pittogramma-proramillenote-favicon.png?wsr\" \/>\n<script type=\"application\/ld+json\" class=\"yoast-schema-graph\">{\"@context\":\"https:\/\/schema.org\",\"@graph\":[{\"@type\":\"WebPage\",\"@id\":\"https:\/\/proramillenote.it\/fr\/post-it-sur-mini-palette-400-feuilles-sku-136\/\",\"url\":\"https:\/\/proramillenote.it\/fr\/post-it-sur-mini-palette-400-feuilles-sku-136\/\",\"name\":\"Mini-palette post-it\",\"isPartOf\":{\"@id\":\"https:\/\/proramillenote.it\/fr\/#website\"},\"primaryImageOfPage\":{\"@id\":\"https:\/\/proramillenote.it\/fr\/post-it-sur-mini-palette-400-feuilles-sku-136\/#primaryimage\"},\"image\":{\"@id\":\"https:\/\/proramillenote.it\/fr\/post-it-sur-mini-palette-400-feuilles-sku-136\/#primaryimage\"},\"thumbnailUrl\":\"https:\/\/proramillenote.it\/wp-content\/uploads\/Mini-Pallet-M3-post-it-e-block-notes-personalizzato-produzione-Proramillenote.webp?wsr\",\"datePublished\":\"2026-02-17T10:00:23+00:00\",\"description\":\"Mini-palette post-it 98x74 mm, 400\/600 feuilles imprim\u00e9es en 1 \u00e0 2 couleurs, impression num\u00e9rique sur les c\u00f4t\u00e9s, jusqu'\u00e0 4 sujets diff\u00e9rents.\",\"breadcrumb\":{\"@id\":\"https:\/\/proramillenote.it\/fr\/post-it-sur-mini-palette-400-feuilles-sku-136\/#breadcrumb\"},\"inLanguage\":\"fr-FR\",\"potentialAction\":[{\"@type\":\"ReadAction\",\"target\":[\"https:\/\/proramillenote.it\/fr\/post-it-sur-mini-palette-400-feuilles-sku-136\/\"]}]},{\"@type\":\"ImageObject\",\"inLanguage\":\"fr-FR\",\"@id\":\"https:\/\/proramillenote.it\/fr\/post-it-sur-mini-palette-400-feuilles-sku-136\/#primaryimage\",\"url\":\"https:\/\/proramillenote.it\/wp-content\/uploads\/Mini-Pallet-M3-post-it-e-block-notes-personalizzato-produzione-Proramillenote.webp?wsr\",\"contentUrl\":\"https:\/\/proramillenote.it\/wp-content\/uploads\/Mini-Pallet-M3-post-it-e-block-notes-personalizzato-produzione-Proramillenote.webp?wsr\",\"width\":600,\"height\":600,\"caption\":\"Mini palette M3 post-it et bloc-notes personnalis\u00e9s production Proramillenote\"},{\"@type\":\"BreadcrumbList\",\"@id\":\"https:\/\/proramillenote.it\/fr\/post-it-sur-mini-palette-400-feuilles-sku-136\/#breadcrumb\",\"itemListElement\":[{\"@type\":\"ListItem\",\"position\":1,\"name\":\"Proramillenote\",\"item\":\"https:\/\/proramillenote.it\/fr\/\"},{\"@type\":\"ListItem\",\"position\":2,\"name\":\"Post-it sur mini palette 400\u00a0feuilles\"}]},{\"@type\":\"WebSite\",\"@id\":\"https:\/\/proramillenote.it\/fr\/#website\",\"url\":\"https:\/\/proramillenote.it\/fr\/\",\"name\":\"Proramillenote gadget aziendali e post-it personalizzati\",\"description\":\"Post-it personalizzati, block notes con logo e gadget aziendali per il marketing B2B. Specialisti in gadget promozionali per medici e aziende farmaceutiche.\",\"publisher\":{\"@id\":\"https:\/\/proramillenote.it\/fr\/#organization\"},\"alternateName\":\"Proramillenote\",\"potentialAction\":[{\"@type\":\"SearchAction\",\"target\":{\"@type\":\"EntryPoint\",\"urlTemplate\":\"https:\/\/proramillenote.it\/fr\/?s={search_term_string}\"},\"query-input\":{\"@type\":\"PropertyValueSpecification\",\"valueRequired\":true,\"valueName\":\"search_term_string\"}}],\"inLanguage\":\"fr-FR\"},{\"@type\":\"Organization\",\"@id\":\"https:\/\/proramillenote.it\/fr\/#organization\",\"name\":\"Proramillenote gadget aziendali e post-it personalizzati\",\"alternateName\":\"Proramillenote\",\"url\":\"https:\/\/proramillenote.it\/fr\/\",\"logo\":{\"@type\":\"ImageObject\",\"inLanguage\":\"fr-FR\",\"@id\":\"https:\/\/proramillenote.it\/fr\/#\/schema\/logo\/image\/\",\"url\":\"https:\/\/proramillenote.it\/wp-content\/uploads\/papercube800.png?wsr\",\"contentUrl\":\"https:\/\/proramillenote.it\/wp-content\/uploads\/papercube800.png?wsr\",\"width\":800,\"height\":800,\"caption\":\"Proramillenote gadget aziendali e post-it personalizzati\"},\"image\":{\"@id\":\"https:\/\/proramillenote.it\/fr\/#\/schema\/logo\/image\/\"},\"description\":\"\u2022 Specialista in produzione e commercio di gadget per medici e gadget per veterinari personalizzati. \u2022 Produzione di gadget aziendali per qualsiasi settore merceologico dal 1975. \u2022 Produttore di post-it personalizzati, post-it sagomati e cubi di carta personalizzati in stampa digitale oppure offset. Produttore di block-notes con logo. \u2022 Con cartotecnica creativa progettiamo KIT di post-it su misura, Made in Italy e di design italiano, insigniti del prestigioso premio europeo PGA Promotional Gift Award. \u2022 Concorso #Ossoduro \\\"Design di brand reminder da scrivania innovativi\\\" concepito per incoraggiare la creativit\u00e0 degli studenti di scuole secondarie di design e grafica. Annuale - Ed.7\u00b0 2024-2025. \u2022 Proramillenote \u00e8 produttore accreditato EUDAMED per la fornitura di DMClasse I \u2022 Proramillenote \u00e8 certificata FSC\u00ae Chain of custody.\",\"email\":\"customercare@proramillenote.it\",\"telephone\":\"+39 039616593\",\"legalName\":\"Proramillenote Srl\",\"foundingDate\":\"1972-01-01\",\"vatID\":\"10323920966\",\"taxID\":\"10323920966\",\"numberOfEmployees\":{\"@type\":\"QuantitativeValue\",\"minValue\":\"11\",\"maxValue\":\"50\"},\"publishingPrinciples\":\"https:\/\/proramillenote.it\/politica-su-etica\/\",\"ownershipFundingInfo\":\"https:\/\/proramillenote.it\/politica-su-etica\/\",\"actionableFeedbackPolicy\":\"https:\/\/proramillenote.it\/politica-su-etica\/\",\"correctionsPolicy\":\"https:\/\/proramillenote.it\/politica-su-etica\/\",\"ethicsPolicy\":\"https:\/\/proramillenote.it\/politica-su-etica\/\",\"diversityPolicy\":\"https:\/\/proramillenote.it\/politica-su-etica\/\",\"diversityStaffingReport\":\"https:\/\/proramillenote.it\/politica-su-etica\/\"}]}<\/script>\n<meta property=\"product:brand\" content=\"Fabricant Proramillenote\" \/>\n<meta property=\"og:availability\" content=\"instock\" \/>\n<meta property=\"product:availability\" content=\"instock\" \/>\n<meta property=\"product:retailer_item_id\" content=\"136\" \/>\n<meta property=\"product:condition\" content=\"new\" \/>\n<!-- \/ Yoast SEO Premium plugin. -->","yoast_head_json":{"title":"Mini-palette post-it","description":"Mini-palette post-it 98x74 mm, 400\/600 feuilles imprim\u00e9es en 1 \u00e0 2 couleurs, impression num\u00e9rique sur les c\u00f4t\u00e9s, jusqu'\u00e0 4 sujets diff\u00e9rents.","robots":{"index":"index","follow":"follow","max-snippet":"max-snippet:-1","max-image-preview":"max-image-preview:large","max-video-preview":"max-video-preview:-1"},"canonical":"https:\/\/proramillenote.it\/fr\/post-it-sur-mini-palette-400-feuilles-sku-136\/","og_locale":"fr_FR","og_type":"article","og_title":"Mini-palette post-it","og_description":"Mini-palette post-it 98x74 mm, 400\/600 feuilles imprim\u00e9es en 1 \u00e0 2 couleurs, impression num\u00e9rique sur les c\u00f4t\u00e9s, jusqu'\u00e0 4 sujets diff\u00e9rents.","og_url":"https:\/\/proramillenote.it\/fr\/post-it-sur-mini-palette-400-feuilles-sku-136\/","og_site_name":"Gadget aziendali e post-it personalizzati","og_image":[{"width":600,"height":600,"url":"https:\/\/proramillenote.it\/wp-content\/uploads\/Mini-Pallet-M3-post-it-e-block-notes-personalizzato-produzione-Proramillenote.webp?wsr","type":"image\/webp"}],"twitter_card":"summary_large_image","twitter_image":"https:\/\/proramillenote.it\/wp-content\/uploads\/pittogramma-proramillenote-favicon.png?wsr","schema":{"@context":"https:\/\/schema.org","@graph":[{"@type":"WebPage","@id":"https:\/\/proramillenote.it\/fr\/post-it-sur-mini-palette-400-feuilles-sku-136\/","url":"https:\/\/proramillenote.it\/fr\/post-it-sur-mini-palette-400-feuilles-sku-136\/","name":"Mini-palette post-it","isPartOf":{"@id":"https:\/\/proramillenote.it\/fr\/#website"},"primaryImageOfPage":{"@id":"https:\/\/proramillenote.it\/fr\/post-it-sur-mini-palette-400-feuilles-sku-136\/#primaryimage"},"image":{"@id":"https:\/\/proramillenote.it\/fr\/post-it-sur-mini-palette-400-feuilles-sku-136\/#primaryimage"},"thumbnailUrl":"https:\/\/proramillenote.it\/wp-content\/uploads\/Mini-Pallet-M3-post-it-e-block-notes-personalizzato-produzione-Proramillenote.webp?wsr","datePublished":"2026-02-17T10:00:23+00:00","description":"Mini-palette post-it 98x74 mm, 400\/600 feuilles imprim\u00e9es en 1 \u00e0 2 couleurs, impression num\u00e9rique sur les c\u00f4t\u00e9s, jusqu'\u00e0 4 sujets diff\u00e9rents.","breadcrumb":{"@id":"https:\/\/proramillenote.it\/fr\/post-it-sur-mini-palette-400-feuilles-sku-136\/#breadcrumb"},"inLanguage":"fr-FR","potentialAction":[{"@type":"ReadAction","target":["https:\/\/proramillenote.it\/fr\/post-it-sur-mini-palette-400-feuilles-sku-136\/"]}]},{"@type":"ImageObject","inLanguage":"fr-FR","@id":"https:\/\/proramillenote.it\/fr\/post-it-sur-mini-palette-400-feuilles-sku-136\/#primaryimage","url":"https:\/\/proramillenote.it\/wp-content\/uploads\/Mini-Pallet-M3-post-it-e-block-notes-personalizzato-produzione-Proramillenote.webp?wsr","contentUrl":"https:\/\/proramillenote.it\/wp-content\/uploads\/Mini-Pallet-M3-post-it-e-block-notes-personalizzato-produzione-Proramillenote.webp?wsr","width":600,"height":600,"caption":"Mini palette M3 post-it et bloc-notes personnalis\u00e9s production Proramillenote"},{"@type":"BreadcrumbList","@id":"https:\/\/proramillenote.it\/fr\/post-it-sur-mini-palette-400-feuilles-sku-136\/#breadcrumb","itemListElement":[{"@type":"ListItem","position":1,"name":"Proramillenote","item":"https:\/\/proramillenote.it\/fr\/"},{"@type":"ListItem","position":2,"name":"Post-it sur mini palette 400\u00a0feuilles"}]},{"@type":"WebSite","@id":"https:\/\/proramillenote.it\/fr\/#website","url":"https:\/\/proramillenote.it\/fr\/","name":"Proramillenote gadget aziendali e post-it personalizzati","description":"Post-it personalizzati, block notes con logo e gadget aziendali per il marketing B2B. Specialisti in gadget promozionali per medici e aziende farmaceutiche.","publisher":{"@id":"https:\/\/proramillenote.it\/fr\/#organization"},"alternateName":"Proramillenote","potentialAction":[{"@type":"SearchAction","target":{"@type":"EntryPoint","urlTemplate":"https:\/\/proramillenote.it\/fr\/?s={search_term_string}"},"query-input":{"@type":"PropertyValueSpecification","valueRequired":true,"valueName":"search_term_string"}}],"inLanguage":"fr-FR"},{"@type":"Organization","@id":"https:\/\/proramillenote.it\/fr\/#organization","name":"Proramillenote gadget aziendali e post-it personalizzati","alternateName":"Proramillenote","url":"https:\/\/proramillenote.it\/fr\/","logo":{"@type":"ImageObject","inLanguage":"fr-FR","@id":"https:\/\/proramillenote.it\/fr\/#\/schema\/logo\/image\/","url":"https:\/\/proramillenote.it\/wp-content\/uploads\/papercube800.png?wsr","contentUrl":"https:\/\/proramillenote.it\/wp-content\/uploads\/papercube800.png?wsr","width":800,"height":800,"caption":"Proramillenote gadget aziendali e post-it personalizzati"},"image":{"@id":"https:\/\/proramillenote.it\/fr\/#\/schema\/logo\/image\/"},"description":"\u2022 Specialista in produzione e commercio di gadget per medici e gadget per veterinari personalizzati. \u2022 Produzione di gadget aziendali per qualsiasi settore merceologico dal 1975. \u2022 Produttore di post-it personalizzati, post-it sagomati e cubi di carta personalizzati in stampa digitale oppure offset. Produttore di block-notes con logo. \u2022 Con cartotecnica creativa progettiamo KIT di post-it su misura, Made in Italy e di design italiano, insigniti del prestigioso premio europeo PGA Promotional Gift Award. \u2022 Concorso #Ossoduro \"Design di brand reminder da scrivania innovativi\" concepito per incoraggiare la creativit\u00e0 degli studenti di scuole secondarie di design e grafica. Annuale - Ed.7\u00b0 2024-2025. \u2022 Proramillenote \u00e8 produttore accreditato EUDAMED per la fornitura di DMClasse I \u2022 Proramillenote \u00e8 certificata FSC\u00ae Chain of custody.","email":"customercare@proramillenote.it","telephone":"+39 039616593","legalName":"Proramillenote Srl","foundingDate":"1972-01-01","vatID":"10323920966","taxID":"10323920966","numberOfEmployees":{"@type":"QuantitativeValue","minValue":"11","maxValue":"50"},"publishingPrinciples":"https:\/\/proramillenote.it\/politica-su-etica\/","ownershipFundingInfo":"https:\/\/proramillenote.it\/politica-su-etica\/","actionableFeedbackPolicy":"https:\/\/proramillenote.it\/politica-su-etica\/","correctionsPolicy":"https:\/\/proramillenote.it\/politica-su-etica\/","ethicsPolicy":"https:\/\/proramillenote.it\/politica-su-etica\/","diversityPolicy":"https:\/\/proramillenote.it\/politica-su-etica\/","diversityStaffingReport":"https:\/\/proramillenote.it\/politica-su-etica\/"}]},"product_brand":"Fabricant Proramillenote","og_availability":"instock","product_availability":"instock","product_retailer_item_id":"136","product_condition":"new"},"_links":{"self":[{"href":"https:\/\/proramillenote.it\/fr\/wp-json\/wp\/v2\/product\/73168","targetHints":{"allow":["GET"]}}],"collection":[{"href":"https:\/\/proramillenote.it\/fr\/wp-json\/wp\/v2\/product"}],"about":[{"href":"https:\/\/proramillenote.it\/fr\/wp-json\/wp\/v2\/types\/product"}],"version-history":[{"count":0,"href":"https:\/\/proramillenote.it\/fr\/wp-json\/wp\/v2\/product\/73168\/revisions"}],"wp:featuredmedia":[{"embeddable":true,"href":"https:\/\/proramillenote.it\/fr\/wp-json\/wp\/v2\/media\/73202"}],"wp:attachment":[{"href":"https:\/\/proramillenote.it\/fr\/wp-json\/wp\/v2\/media?parent=73168"}],"wp:term":[{"taxonomy":"product_brand","embeddable":true,"href":"https:\/\/proramillenote.it\/fr\/wp-json\/wp\/v2\/product_brand?post=73168"},{"taxonomy":"product_cat","embeddable":true,"href":"https:\/\/proramillenote.it\/fr\/wp-json\/wp\/v2\/product_cat?post=73168"},{"taxonomy":"product_tag","embeddable":true,"href":"https:\/\/proramillenote.it\/fr\/wp-json\/wp\/v2\/product_tag?post=73168"}],"curies":[{"name":"wp","href":"https:\/\/api.w.org\/{rel}","templated":true}]}}