{"id":75795,"date":"2026-02-20T14:33:08","date_gmt":"2026-02-20T13:33:08","guid":{"rendered":"https:\/\/proramillenote.it\/?post_type=product&#038;p=75795"},"modified":"2025-11-20T12:56:12","modified_gmt":"2025-11-20T11:56:12","slug":"cubes-en-papier-personnalises-80x80x80mm-sku-060","status":"publish","type":"product","link":"https:\/\/proramillenote.it\/fr\/cubes-en-papier-personnalises-80x80x80mm-sku-060\/","title":{"rendered":"Cubes en papier personnalis\u00e9s 80\u00d780\u00d780 mm"},"content":{"rendered":"<h2>Cubes en papier 8 cm avec impression num\u00e9rique sur les c\u00f4t\u00e9s<\/h2>\n<p><img decoding=\"async\" class=\"wp-image-75811\" title=\"Logo cubes\" src=\"https:\/\/proramillenote.it\/wp-content\/uploads\/\/Cubi_logo-300x87.webp\" alt=\"Logo cubes\" width=\"250\" height=\"72\" srcset=\"https:\/\/proramillenote.it\/wp-content\/uploads\/Cubi_logo-300x87.webp 300w, https:\/\/proramillenote.it\/wp-content\/uploads\/Cubi_logo-600x174.webp 600w, https:\/\/proramillenote.it\/wp-content\/uploads\/Cubi_logo-768x223.webp 768w, https:\/\/proramillenote.it\/wp-content\/uploads\/Cubi_logo.webp 935w\" sizes=\"(max-width: 250px) 100vw, 250px\" \/><\/p>\n<p>Le <strong>cube en papier 8 cm sur mesure certifi\u00e9 FSC<sup>\u00ae<\/sup><\/strong> est enti\u00e8rement personnalisable.<br \/>\nEn effet, vous pouvez transformer cet article promotionnel classique en un outil unique : imprimez votre logo sur les feuilles et ajoutez des images vibrantes et color\u00e9es sur les c\u00f4t\u00e9s du cube.<\/p>\n<p>Gr\u00e2ce \u00e0 <strong>l&rsquo;impression num\u00e9rique haute d\u00e9finition sur les c\u00f4t\u00e9s<\/strong>, le cube cr\u00e9e un effet visuel impressionnant, parfait pour capter l&rsquo;attention sur tout bureau.<br \/>\nde plus, l&rsquo;impression num\u00e9rique, sans configuration initiale, r\u00e9duit consid\u00e9rablement les co\u00fbts de production tout en garantissant une personnalisation compl\u00e8te et de haute qualit\u00e9.<\/p>\n<h3><span style=\"color: #ff6600;\"><strong>Impression quadri haute qualit\u00e9 avec certification FSC<sup>\u00ae<\/sup><\/strong><\/span><\/h3>\n<p>Sp\u00e9cifiquement, vous pouvez imprimer votre logo en offset sur les feuilles en papier non couch\u00e9 et personnaliser le cube avec <strong>4 images diff\u00e9rentes<\/strong> sur les c\u00f4t\u00e9s gr\u00e2ce \u00e0 l&rsquo;impression num\u00e9rique.<\/p>\n<p>Cette solution \u00e9conomique permet d&rsquo;imprimer <strong>4 visuels au prix d&rsquo;un<\/strong>, maximisant ainsi l&rsquo;impact visuel tout en r\u00e9duisant les co\u00fbts.<\/p>\n<p>En outre, les cubes en papier non couch\u00e9 offrent une excellente opportunit\u00e9 pour la communication d&rsquo;entreprise.<\/p>\n<p>Par cons\u00e9quent, ils constituent <strong>des cadeaux d&rsquo;affaires originaux<\/strong>, ajoutant de la valeur \u00e0 toute campagne publicitaire avec des images imprim\u00e9es sur les c\u00f4t\u00e9s, id\u00e9ales pour transmettre un message m\u00e9morable.<\/p>\n<p>Enfin, avec une <strong>MQO 200 pz<\/strong>, cette solution est id\u00e9ale pour les petites entreprises qui souhaitent exploiter tout le potentiel promotionnel d&rsquo;un cube personnalis\u00e9 sans commander en grandes quantit\u00e9s.<\/p>\n<h3><strong><span style=\"color: #ff6600;\">Pourquoi choisir notre cube en papier de 8 cm?<\/span><\/strong><\/h3>\n<ul>\n<li><strong>\u00c9cologique et durable :<\/strong> le cube est un gadget personnalis\u00e9 utile et respectueux de l&rsquo;environnement.<br \/>\nIl constitue un cadeau appr\u00e9ci\u00e9 et pratique \u00e0 garder \u00e0 port\u00e9e de main au bureau, en atelier, sur le comptoir d&rsquo;un magasin ou d&rsquo;un garage, et sur tout bureau.<\/li>\n<li><strong>Co-marketing et multimarque pour les entreprises :<\/strong> l&rsquo;impression de 4 images diff\u00e9rentes en quadri haute d\u00e9finition sur les c\u00f4t\u00e9s, ainsi que la personnalisation des feuillets, fait du cube en papier un gadget id\u00e9al pour les strat\u00e9gies de <b>co-marketing<\/b> et les projets <strong>multimarque<\/strong>.<\/li>\n<li><strong>Enti\u00e8rement personnalis\u00e9 sur les c\u00f4t\u00e9s :<\/strong> impression num\u00e9rique sur les c\u00f4t\u00e9s (jusqu&rsquo;\u00e0 4 visuels diff\u00e9rents), MQO 200 pz.<\/li>\n<li><strong>Personnalisation des feuillets :<\/strong><br \/>\n&#8211; impression de 1 \u00e0 2 couleurs \u00e0 partir de 500 pz.<br \/>\n&#8211; impression de 3 \u00e0 4 couleurs \u00e0 partir de 1000 pz.<\/li>\n<li><strong>Dur\u00e9e de vie prolong\u00e9e :<\/strong> garantit une<strong> longue visibilit\u00e9<\/strong> du message, jusqu&rsquo;\u00e0 800 feuillets d\u00e9tachables (8 cm!), avec un <strong>co\u00fbt\/contact avantageux pour votre publicit\u00e9<\/strong>.<\/li>\n<li><strong>Logo d&rsquo;entreprise toujours visible.<\/strong><\/li>\n<\/ul>\n<h3><span style=\"color: #ff6600;\"><strong>Caract\u00e9ristiques techniques des cubes en papier non couch\u00e9 8 cm<\/strong><\/span><\/h3>\n<h4>Format<\/h4>\n<ul>\n<li>Cube de 80\u00d780\u00d780 mm.<\/li>\n<\/ul>\n<h4>Options de papier<\/h4>\n<ul>\n<li>Papier non couch\u00e9 FSC<sup>\u00ae<\/sup> certifi\u00e9 80 g\/m\u00b2 blanc.<\/li>\n<li>Papier non couch\u00e9 recycl\u00e9.<\/li>\n<\/ul>\n<p><strong>Personnalisation des feuillets<\/strong><\/p>\n<ul>\n<li>De 1 \u00e0 2 couleurs : impression offset, y compris Pantone, \u00e0 partir de 500 cubes.<\/li>\n<li>De 3 \u00e0 4 couleurs : impression offset, y compris Pantone, \u00e0 partir de 1000 cubes.<\/li>\n<\/ul>\n<p><strong>Personnalisation des c\u00f4t\u00e9s<\/strong><\/p>\n<ul>\n<li>Impression num\u00e9rique haute qualit\u00e9 et haute d\u00e9finition.<\/li>\n<li>Personnalisation du cube avec <strong>jusqu&rsquo;\u00e0 4 visuels diff\u00e9rents.<\/strong><\/li>\n<li>Impression \u00e0 fond perdu sans marges blanches.<\/li>\n<li>\u00c9conomique, sans n\u00e9cessit\u00e9 de plaques d&rsquo;impression!<\/li>\n<li>MQO 200 cubes.<\/li>\n<\/ul>\n<h4>Confection<\/h4>\n<ul>\n<li>Cubes livr\u00e9s en bo\u00eetes de 27 pi\u00e8ces.<\/li>\n<li>Emballage individuel en film transparent thermor\u00e9tractable.<\/li>\n<\/ul>\n<h6>Quantit\u00e9s minimales :<br \/>\n200 pi\u00e8ces : Impression uniquement sur les c\u00f4t\u00e9s, 4 images diff\u00e9rentes en couleur<br \/>\n500 pi\u00e8ces : Impression des feuillets en 1 ou 2 couleurs offset, impression sur les c\u00f4t\u00e9s jusqu&rsquo;\u00e0 4 visuels diff\u00e9rents<br \/>\n1000 pi\u00e8ces : Impression des feuillets en 3 ou 4 couleurs offset, impression sur les c\u00f4t\u00e9s jusqu&rsquo;\u00e0 4 visuels diff\u00e9rents<\/h6>\n<blockquote class=\"bq\"><p><strong>Production Proramillenote :<\/strong><br \/>\n<strong>Le grand avantage d&rsquo;acheter directement aupr\u00e8s du fabricant<\/strong><br \/>\nConception, impression et confection sont enti\u00e8rement r\u00e9alis\u00e9es en Italie par Proramillenote dans son site de production \u00e0 Arcore (MB).<\/p>\n<ul>\n<li><strong>\u00c9conomiquement avantageux<\/strong> : Absence d&rsquo;interm\u00e9diaires commerciaux.<\/li>\n<li><strong>Avantageux en termes de d\u00e9lais<\/strong> : Livraison en 3 semaines apr\u00e8s validation du bon \u00e0 tirer.<br \/>\nChaque fabrication de cubes est unique!<\/li>\n<li><strong>Avantageux dans les relations<\/strong> : Contact direct avec les sp\u00e9cialistes du back-office pour des demandes sur mesure.<\/li>\n<li><strong>Avantageux en conception<\/strong> : Proramillenote dispose d&rsquo;un studio graphique interne pour la cr\u00e9ation de maquettes personnalis\u00e9es et la finalisation des fichiers d&rsquo;impression.<\/li>\n<li><strong>Enti\u00e8rement Made in Italy<\/strong><\/li>\n<li><strong>Certification FSC<sup>\u00ae<\/sup> C204005, Si votre entreprise souhaite pr\u00e9server la cha\u00eene de tra\u00e7abilit\u00e9, Proramillenote est votre partenaire id\u00e9al.<\/strong><\/li>\n<\/ul>\n<\/blockquote>\n<p>Regardez <a title=\"Tous les cubes\" href=\"https:\/\/proramillenote.it\/fr\/produit-tag-fr\/cubes-en-papier-personnalises\/\" target=\"_blank\" rel=\"noopener\">tous les cubes en papier<\/a><\/p>\n","protected":false},"excerpt":{"rendered":"<p>Cubes en papier 8 cm personnalis\u00e9s avec impression du logo sur les feuillets et les c\u00f4t\u00e9s. D\u00e9couvrez plus de 10 formats standards pour cubes et demi-cubes.<\/p>\n","protected":false},"featured_media":79857,"template":"","meta":[],"product_brand":[5138],"product_cat":[721,668],"product_tag":[5520,1823],"class_list":{"0":"post-75795","1":"product","2":"type-product","3":"status-publish","4":"has-post-thumbnail","6":"product_brand-fabricant-proramillenote","7":"product_cat-cubes-en-papier-non-couche","8":"product_cat-blocs-notes-personnalises","9":"product_tag-cubes-en-papier","10":"product_tag-multibrand","11":"pa_stampa-fogli-cubi-usomano-1-couleur-minimum-500-cubes","12":"pa_stampa-fogli-cubi-usomano-2-couleurs-mqo-500-cubes","13":"pa_stampa-fogli-cubi-usomano-3-couleurs-mqo-500-cubes","14":"pa_stampa-fogli-cubi-usomano-4-couleurs-mqo-500-cubes-fr","15":"pa_stampa-fogli-cubi-usomano-pas-dimpression-sur-les-feuilles-moq-200-cubes-impression-sur-les-cotes","16":"pa_stampa-lati-numero-colori-aucun-cote-imprime","17":"pa_stampa-lati-numero-colori-impression-numerique-sur-les-cotes","18":"pa_stampa-lati-numero-soggetti-impression-cotes-1-sujet","19":"pa_stampa-lati-numero-soggetti-impression-cotes-2-sujets","20":"pa_stampa-lati-numero-soggetti-impression-cotes-3-sujets","21":"pa_stampa-lati-numero-soggetti-impression-cotes-4-sujets","22":"pa_stampa-lati-numero-soggetti-non-impression-sur-les-cotes-0-sujets","23":"pa_tipo-di-carta-materiali-papier-fsc","24":"pa_tipo-di-carta-materiali-papier-moule-recycle","26":"first","27":"instock","28":"purchasable","29":"product-type-variable","30":"has-default-attributes"},"yoast_head":"<!-- This site is optimized with the Yoast SEO Premium plugin v27.3 (Yoast SEO v27.3) - https:\/\/yoast.com\/product\/yoast-seo-premium-wordpress\/ -->\n<title>Cube en papier 8 cm avec logo sur les feuilles et les c\u00f4t\u00e9s<\/title>\n<meta name=\"description\" content=\"Cubes en papier 8 cm personnalis\u00e9s avec impression du logo sur les feuillets et les c\u00f4t\u00e9s. D\u00e9couvrez plus de 10 formats standards pour cubes et demi-cubes.\" \/>\n<meta name=\"robots\" content=\"index, follow, max-snippet:-1, max-image-preview:large, max-video-preview:-1\" \/>\n<link rel=\"canonical\" href=\"https:\/\/proramillenote.it\/fr\/cubes-en-papier-personnalises-80x80x80mm-sku-060\/\" \/>\n<meta property=\"og:locale\" content=\"fr_FR\" \/>\n<meta property=\"og:type\" content=\"article\" \/>\n<meta property=\"og:title\" content=\"Cube en papier 8 cm avec logo sur les feuilles et les c\u00f4t\u00e9s\" \/>\n<meta property=\"og:description\" content=\"Cubes en papier 8 cm personnalis\u00e9s avec impression du logo sur les feuillets et les c\u00f4t\u00e9s. D\u00e9couvrez plus de 10 formats standards pour cubes et demi-cubes.\" \/>\n<meta property=\"og:url\" content=\"https:\/\/proramillenote.it\/fr\/cubes-en-papier-personnalises-80x80x80mm-sku-060\/\" \/>\n<meta property=\"og:site_name\" content=\"Gadgets d\u2019entreprise et post-it personnalis\u00e9s\" \/>\n<meta property=\"og:image\" content=\"https:\/\/proramillenote.it\/wp-content\/uploads\/Cubo-carta-usomano-personalizzato-proramillenote-sogg-cerazette.webp?wsr\" \/>\n\t<meta property=\"og:image:width\" content=\"600\" \/>\n\t<meta property=\"og:image:height\" content=\"600\" \/>\n\t<meta property=\"og:image:type\" content=\"image\/webp\" \/>\n<meta name=\"twitter:card\" content=\"summary_large_image\" \/>\n<script type=\"application\/ld+json\" class=\"yoast-schema-graph\">{\"@context\":\"https:\\\/\\\/schema.org\",\"@graph\":[{\"@type\":\"WebPage\",\"@id\":\"https:\\\/\\\/proramillenote.it\\\/fr\\\/cubes-en-papier-personnalises-80x80x80mm-sku-060\\\/\",\"url\":\"https:\\\/\\\/proramillenote.it\\\/fr\\\/cubes-en-papier-personnalises-80x80x80mm-sku-060\\\/\",\"name\":\"Cube en papier 8 cm avec logo sur les feuilles et les c\u00f4t\u00e9s\",\"isPartOf\":{\"@id\":\"https:\\\/\\\/proramillenote.it\\\/fr\\\/#website\"},\"primaryImageOfPage\":{\"@id\":\"https:\\\/\\\/proramillenote.it\\\/fr\\\/cubes-en-papier-personnalises-80x80x80mm-sku-060\\\/#primaryimage\"},\"image\":{\"@id\":\"https:\\\/\\\/proramillenote.it\\\/fr\\\/cubes-en-papier-personnalises-80x80x80mm-sku-060\\\/#primaryimage\"},\"thumbnailUrl\":\"https:\\\/\\\/proramillenote.it\\\/wp-content\\\/uploads\\\/Cubo-carta-usomano-personalizzato-proramillenote-sogg-cerazette.webp?wsr\",\"datePublished\":\"2026-02-20T13:33:08+00:00\",\"description\":\"Cubes en papier 8 cm personnalis\u00e9s avec impression du logo sur les feuillets et les c\u00f4t\u00e9s. D\u00e9couvrez plus de 10 formats standards pour cubes et demi-cubes.\",\"breadcrumb\":{\"@id\":\"https:\\\/\\\/proramillenote.it\\\/fr\\\/cubes-en-papier-personnalises-80x80x80mm-sku-060\\\/#breadcrumb\"},\"inLanguage\":\"fr-FR\",\"potentialAction\":[{\"@type\":\"ReadAction\",\"target\":[\"https:\\\/\\\/proramillenote.it\\\/fr\\\/cubes-en-papier-personnalises-80x80x80mm-sku-060\\\/\"]}]},{\"@type\":\"ImageObject\",\"inLanguage\":\"fr-FR\",\"@id\":\"https:\\\/\\\/proramillenote.it\\\/fr\\\/cubes-en-papier-personnalises-80x80x80mm-sku-060\\\/#primaryimage\",\"url\":\"https:\\\/\\\/proramillenote.it\\\/wp-content\\\/uploads\\\/Cubo-carta-usomano-personalizzato-proramillenote-sogg-cerazette.webp?wsr\",\"contentUrl\":\"https:\\\/\\\/proramillenote.it\\\/wp-content\\\/uploads\\\/Cubo-carta-usomano-personalizzato-proramillenote-sogg-cerazette.webp?wsr\",\"width\":600,\"height\":600,\"caption\":\"Cube en papier non couch\u00e9 personnalis\u00e9 par Proramillenote \u2013 sujet Cerazette, 80 mm\"},{\"@type\":\"BreadcrumbList\",\"@id\":\"https:\\\/\\\/proramillenote.it\\\/fr\\\/cubes-en-papier-personnalises-80x80x80mm-sku-060\\\/#breadcrumb\",\"itemListElement\":[{\"@type\":\"ListItem\",\"position\":1,\"name\":\"Proramillenote\",\"item\":\"https:\\\/\\\/proramillenote.it\\\/fr\\\/\"},{\"@type\":\"ListItem\",\"position\":2,\"name\":\"Cubes en papier personnalis\u00e9s 80\u00d780\u00d780 mm\"}]},{\"@type\":\"WebSite\",\"@id\":\"https:\\\/\\\/proramillenote.it\\\/fr\\\/#website\",\"url\":\"https:\\\/\\\/proramillenote.it\\\/fr\\\/\",\"name\":\"Proramillenote gadget aziendali e post-it personalizzati\",\"description\":\"Post-it personalizzati, block notes con logo e gadget aziendali per il marketing B2B. Specialisti in gadget promozionali per medici e aziende farmaceutiche.\",\"publisher\":{\"@id\":\"https:\\\/\\\/proramillenote.it\\\/fr\\\/#organization\"},\"alternateName\":\"Proramillenote\",\"potentialAction\":[{\"@type\":\"SearchAction\",\"target\":{\"@type\":\"EntryPoint\",\"urlTemplate\":\"https:\\\/\\\/proramillenote.it\\\/fr\\\/?s={search_term_string}\"},\"query-input\":{\"@type\":\"PropertyValueSpecification\",\"valueRequired\":true,\"valueName\":\"search_term_string\"}}],\"inLanguage\":\"fr-FR\"},{\"@type\":\"Organization\",\"@id\":\"https:\\\/\\\/proramillenote.it\\\/fr\\\/#organization\",\"name\":\"Proramillenote gadgets d\u2019entreprise et post-it personnalis\u00e9s\",\"alternateName\":\"Proramillenote\",\"url\":\"https:\\\/\\\/proramillenote.it\\\/fr\\\/\",\"logo\":{\"@type\":\"ImageObject\",\"inLanguage\":\"fr-FR\",\"@id\":\"https:\\\/\\\/proramillenote.it\\\/fr\\\/#\\\/schema\\\/logo\\\/image\\\/\",\"url\":\"https:\\\/\\\/proramillenote.it\\\/wp-content\\\/uploads\\\/papercube800.png?wsr\",\"contentUrl\":\"https:\\\/\\\/proramillenote.it\\\/wp-content\\\/uploads\\\/papercube800.png?wsr\",\"width\":800,\"height\":800,\"caption\":\"Proramillenote gadgets d\u2019entreprise et post-it personnalis\u00e9s\"},\"image\":{\"@id\":\"https:\\\/\\\/proramillenote.it\\\/fr\\\/#\\\/schema\\\/logo\\\/image\\\/\"},\"description\":\"\u2022 Specialista in produzione e commercio di gadget per medici e gadget per veterinari personalizzati. \u2022 Produzione di gadget aziendali per qualsiasi settore merceologico dal 1975. \u2022 Produttore di post-it personalizzati, post-it sagomati e cubi di carta personalizzati in stampa digitale oppure offset. Produttore di block-notes con logo. \u2022 Con cartotecnica creativa progettiamo KIT di post-it su misura, Made in Italy e di design italiano, insigniti del prestigioso premio europeo PGA Promotional Gift Award. \u2022 Concorso #Ossoduro \\\"Design di brand reminder da scrivania innovativi\\\" concepito per incoraggiare la creativit\u00e0 degli studenti di scuole secondarie di design e grafica. Annuale - Ed.7\u00b0 2024-2025. \u2022 Proramillenote \u00e8 produttore accreditato EUDAMED per la fornitura di DMClasse I \u2022 Proramillenote \u00e8 certificata FSC\u00ae Chain of custody.\",\"email\":\"customercare@proramillenote.it\",\"telephone\":\"+39 039616593\",\"legalName\":\"Proramillenote Srl\",\"foundingDate\":\"1972-01-01\",\"vatID\":\"10323920966\",\"taxID\":\"10323920966\",\"numberOfEmployees\":{\"@type\":\"QuantitativeValue\",\"minValue\":\"11\",\"maxValue\":\"50\"},\"publishingPrinciples\":\"https:\\\/\\\/proramillenote.it\\\/politica-su-etica\\\/\",\"ownershipFundingInfo\":\"https:\\\/\\\/proramillenote.it\\\/politica-su-etica\\\/\",\"actionableFeedbackPolicy\":\"https:\\\/\\\/proramillenote.it\\\/politica-su-etica\\\/\",\"correctionsPolicy\":\"https:\\\/\\\/proramillenote.it\\\/politica-su-etica\\\/\",\"ethicsPolicy\":\"https:\\\/\\\/proramillenote.it\\\/politica-su-etica\\\/\",\"diversityPolicy\":\"https:\\\/\\\/proramillenote.it\\\/politica-su-etica\\\/\",\"diversityStaffingReport\":\"https:\\\/\\\/proramillenote.it\\\/politica-su-etica\\\/\"}]}<\/script>\n<meta property=\"product:brand\" content=\"Fabricant Proramillenote\" \/>\n<meta property=\"og:availability\" content=\"instock\" \/>\n<meta property=\"product:availability\" content=\"instock\" \/>\n<meta property=\"product:retailer_item_id\" content=\"060\" \/>\n<meta property=\"product:condition\" content=\"new\" \/>\n<!-- \/ Yoast SEO Premium plugin. -->","yoast_head_json":{"title":"Cube en papier 8 cm avec logo sur les feuilles et les c\u00f4t\u00e9s","description":"Cubes en papier 8 cm personnalis\u00e9s avec impression du logo sur les feuillets et les c\u00f4t\u00e9s. D\u00e9couvrez plus de 10 formats standards pour cubes et demi-cubes.","robots":{"index":"index","follow":"follow","max-snippet":"max-snippet:-1","max-image-preview":"max-image-preview:large","max-video-preview":"max-video-preview:-1"},"canonical":"https:\/\/proramillenote.it\/fr\/cubes-en-papier-personnalises-80x80x80mm-sku-060\/","og_locale":"fr_FR","og_type":"article","og_title":"Cube en papier 8 cm avec logo sur les feuilles et les c\u00f4t\u00e9s","og_description":"Cubes en papier 8 cm personnalis\u00e9s avec impression du logo sur les feuillets et les c\u00f4t\u00e9s. D\u00e9couvrez plus de 10 formats standards pour cubes et demi-cubes.","og_url":"https:\/\/proramillenote.it\/fr\/cubes-en-papier-personnalises-80x80x80mm-sku-060\/","og_site_name":"Gadgets d\u2019entreprise et post-it personnalis\u00e9s","og_image":[{"width":600,"height":600,"url":"https:\/\/proramillenote.it\/wp-content\/uploads\/Cubo-carta-usomano-personalizzato-proramillenote-sogg-cerazette.webp?wsr","type":"image\/webp"}],"twitter_card":"summary_large_image","schema":{"@context":"https:\/\/schema.org","@graph":[{"@type":"WebPage","@id":"https:\/\/proramillenote.it\/fr\/cubes-en-papier-personnalises-80x80x80mm-sku-060\/","url":"https:\/\/proramillenote.it\/fr\/cubes-en-papier-personnalises-80x80x80mm-sku-060\/","name":"Cube en papier 8 cm avec logo sur les feuilles et les c\u00f4t\u00e9s","isPartOf":{"@id":"https:\/\/proramillenote.it\/fr\/#website"},"primaryImageOfPage":{"@id":"https:\/\/proramillenote.it\/fr\/cubes-en-papier-personnalises-80x80x80mm-sku-060\/#primaryimage"},"image":{"@id":"https:\/\/proramillenote.it\/fr\/cubes-en-papier-personnalises-80x80x80mm-sku-060\/#primaryimage"},"thumbnailUrl":"https:\/\/proramillenote.it\/wp-content\/uploads\/Cubo-carta-usomano-personalizzato-proramillenote-sogg-cerazette.webp?wsr","datePublished":"2026-02-20T13:33:08+00:00","description":"Cubes en papier 8 cm personnalis\u00e9s avec impression du logo sur les feuillets et les c\u00f4t\u00e9s. D\u00e9couvrez plus de 10 formats standards pour cubes et demi-cubes.","breadcrumb":{"@id":"https:\/\/proramillenote.it\/fr\/cubes-en-papier-personnalises-80x80x80mm-sku-060\/#breadcrumb"},"inLanguage":"fr-FR","potentialAction":[{"@type":"ReadAction","target":["https:\/\/proramillenote.it\/fr\/cubes-en-papier-personnalises-80x80x80mm-sku-060\/"]}]},{"@type":"ImageObject","inLanguage":"fr-FR","@id":"https:\/\/proramillenote.it\/fr\/cubes-en-papier-personnalises-80x80x80mm-sku-060\/#primaryimage","url":"https:\/\/proramillenote.it\/wp-content\/uploads\/Cubo-carta-usomano-personalizzato-proramillenote-sogg-cerazette.webp?wsr","contentUrl":"https:\/\/proramillenote.it\/wp-content\/uploads\/Cubo-carta-usomano-personalizzato-proramillenote-sogg-cerazette.webp?wsr","width":600,"height":600,"caption":"Cube en papier non couch\u00e9 personnalis\u00e9 par Proramillenote \u2013 sujet Cerazette, 80 mm"},{"@type":"BreadcrumbList","@id":"https:\/\/proramillenote.it\/fr\/cubes-en-papier-personnalises-80x80x80mm-sku-060\/#breadcrumb","itemListElement":[{"@type":"ListItem","position":1,"name":"Proramillenote","item":"https:\/\/proramillenote.it\/fr\/"},{"@type":"ListItem","position":2,"name":"Cubes en papier personnalis\u00e9s 80\u00d780\u00d780 mm"}]},{"@type":"WebSite","@id":"https:\/\/proramillenote.it\/fr\/#website","url":"https:\/\/proramillenote.it\/fr\/","name":"Proramillenote gadget aziendali e post-it personalizzati","description":"Post-it personalizzati, block notes con logo e gadget aziendali per il marketing B2B. Specialisti in gadget promozionali per medici e aziende farmaceutiche.","publisher":{"@id":"https:\/\/proramillenote.it\/fr\/#organization"},"alternateName":"Proramillenote","potentialAction":[{"@type":"SearchAction","target":{"@type":"EntryPoint","urlTemplate":"https:\/\/proramillenote.it\/fr\/?s={search_term_string}"},"query-input":{"@type":"PropertyValueSpecification","valueRequired":true,"valueName":"search_term_string"}}],"inLanguage":"fr-FR"},{"@type":"Organization","@id":"https:\/\/proramillenote.it\/fr\/#organization","name":"Proramillenote gadgets d\u2019entreprise et post-it personnalis\u00e9s","alternateName":"Proramillenote","url":"https:\/\/proramillenote.it\/fr\/","logo":{"@type":"ImageObject","inLanguage":"fr-FR","@id":"https:\/\/proramillenote.it\/fr\/#\/schema\/logo\/image\/","url":"https:\/\/proramillenote.it\/wp-content\/uploads\/papercube800.png?wsr","contentUrl":"https:\/\/proramillenote.it\/wp-content\/uploads\/papercube800.png?wsr","width":800,"height":800,"caption":"Proramillenote gadgets d\u2019entreprise et post-it personnalis\u00e9s"},"image":{"@id":"https:\/\/proramillenote.it\/fr\/#\/schema\/logo\/image\/"},"description":"\u2022 Specialista in produzione e commercio di gadget per medici e gadget per veterinari personalizzati. \u2022 Produzione di gadget aziendali per qualsiasi settore merceologico dal 1975. \u2022 Produttore di post-it personalizzati, post-it sagomati e cubi di carta personalizzati in stampa digitale oppure offset. Produttore di block-notes con logo. \u2022 Con cartotecnica creativa progettiamo KIT di post-it su misura, Made in Italy e di design italiano, insigniti del prestigioso premio europeo PGA Promotional Gift Award. \u2022 Concorso #Ossoduro \"Design di brand reminder da scrivania innovativi\" concepito per incoraggiare la creativit\u00e0 degli studenti di scuole secondarie di design e grafica. Annuale - Ed.7\u00b0 2024-2025. \u2022 Proramillenote \u00e8 produttore accreditato EUDAMED per la fornitura di DMClasse I \u2022 Proramillenote \u00e8 certificata FSC\u00ae Chain of custody.","email":"customercare@proramillenote.it","telephone":"+39 039616593","legalName":"Proramillenote Srl","foundingDate":"1972-01-01","vatID":"10323920966","taxID":"10323920966","numberOfEmployees":{"@type":"QuantitativeValue","minValue":"11","maxValue":"50"},"publishingPrinciples":"https:\/\/proramillenote.it\/politica-su-etica\/","ownershipFundingInfo":"https:\/\/proramillenote.it\/politica-su-etica\/","actionableFeedbackPolicy":"https:\/\/proramillenote.it\/politica-su-etica\/","correctionsPolicy":"https:\/\/proramillenote.it\/politica-su-etica\/","ethicsPolicy":"https:\/\/proramillenote.it\/politica-su-etica\/","diversityPolicy":"https:\/\/proramillenote.it\/politica-su-etica\/","diversityStaffingReport":"https:\/\/proramillenote.it\/politica-su-etica\/"}]},"product_brand":"Fabricant Proramillenote","og_availability":"instock","product_availability":"instock","product_retailer_item_id":"060","product_condition":"new"},"_links":{"self":[{"href":"https:\/\/proramillenote.it\/fr\/wp-json\/wp\/v2\/product\/75795","targetHints":{"allow":["GET"]}}],"collection":[{"href":"https:\/\/proramillenote.it\/fr\/wp-json\/wp\/v2\/product"}],"about":[{"href":"https:\/\/proramillenote.it\/fr\/wp-json\/wp\/v2\/types\/product"}],"version-history":[{"count":0,"href":"https:\/\/proramillenote.it\/fr\/wp-json\/wp\/v2\/product\/75795\/revisions"}],"wp:featuredmedia":[{"embeddable":true,"href":"https:\/\/proramillenote.it\/fr\/wp-json\/wp\/v2\/media\/79857"}],"wp:attachment":[{"href":"https:\/\/proramillenote.it\/fr\/wp-json\/wp\/v2\/media?parent=75795"}],"wp:term":[{"taxonomy":"product_brand","embeddable":true,"href":"https:\/\/proramillenote.it\/fr\/wp-json\/wp\/v2\/product_brand?post=75795"},{"taxonomy":"product_cat","embeddable":true,"href":"https:\/\/proramillenote.it\/fr\/wp-json\/wp\/v2\/product_cat?post=75795"},{"taxonomy":"product_tag","embeddable":true,"href":"https:\/\/proramillenote.it\/fr\/wp-json\/wp\/v2\/product_tag?post=75795"}],"curies":[{"name":"wp","href":"https:\/\/api.w.org\/{rel}","templated":true}]}}