{"id":75920,"date":"2025-11-11T15:11:07","date_gmt":"2025-11-11T14:11:07","guid":{"rendered":"https:\/\/proramillenote.it\/?post_type=product&#038;p=75920"},"modified":"2025-11-20T12:56:11","modified_gmt":"2025-11-20T11:56:11","slug":"cubes-en-papier-personnalises-90x90x90mm-sku-068","status":"publish","type":"product","link":"https:\/\/proramillenote.it\/fr\/cubes-en-papier-personnalises-90x90x90mm-sku-068\/","title":{"rendered":"Cubes en papier personnalis\u00e9s 90\u00d790\u00d790mm"},"content":{"rendered":"<h2>Impression des c\u00f4t\u00e9s en couleurs de haute qualit\u00e9 et papier avec certification FSC<sup>\u00ae<\/sup><\/h2>\n<p><img decoding=\"async\" class=\"wp-image-75811\" title=\"Cubes logo\" src=\"https:\/\/proramillenote.it\/wp-content\/uploads\/\/Cubi_logo-300x87.webp\" alt=\"Cubes logo\" width=\"250\" height=\"72\" srcset=\"https:\/\/proramillenote.it\/wp-content\/uploads\/Cubi_logo-300x87.webp 300w, https:\/\/proramillenote.it\/wp-content\/uploads\/Cubi_logo-600x174.webp 600w, https:\/\/proramillenote.it\/wp-content\/uploads\/Cubi_logo-768x223.webp 768w, https:\/\/proramillenote.it\/wp-content\/uploads\/Cubi_logo.webp 935w\" sizes=\"(max-width: 250px) 100vw, 250px\" \/><\/p>\n<h2>D\u00e9couvrez nos cubes en papier personnalis\u00e9s certifi\u00e9s FSC<sup>\u00ae<\/sup><\/h2>\n<p>D\u00e9couvrez nos cubes en papier personnalis\u00e9s certifi\u00e9s FSC<sup>\u00ae<\/sup>, d&rsquo;un format de 90\u00d790\u00d790 mm.<br \/>\nIls sont enti\u00e8rement personnalisables pour r\u00e9pondre \u00e0 vos besoins.<br \/>\nTransformez un objet promotionnel classique en un outil unique.<br \/>\nImprimez votre logo sur les post-it et ajoutez des images vives et color\u00e9es sur les c\u00f4t\u00e9s du cube.<br \/>\nGr\u00e2ce \u00e0 l&rsquo;impression num\u00e9rique haute d\u00e9finition sur les c\u00f4t\u00e9s, le cube offre un effet visuel saisissant.<br \/>\nIl est id\u00e9al pour attirer l&rsquo;attention sur n&rsquo;importe quel bureau.<br \/>\nL&rsquo;impression num\u00e9rique ne n\u00e9cessite pas de plaques de d\u00e9marrage.<br \/>\nElle r\u00e9duit consid\u00e9rablement les co\u00fbts de production.<br \/>\nElle garantit \u00e9galement une personnalisation compl\u00e8te et de haute qualit\u00e9.<\/p>\n<h3>Cube en papier FSC<sup>\u00ae<\/sup> 9 cm avec impression num\u00e9rique des c\u00f4t\u00e9s<\/h3>\n<p>Imprimez votre logo en offset sur les post-it en papier non couch\u00e9 et enrichissez le cube avec <strong>4 images diff\u00e9rentes<\/strong> sur les c\u00f4t\u00e9s, gr\u00e2ce \u00e0 l&rsquo;impression num\u00e9rique.<br \/>\nCette solution avantageuse vous permet d&rsquo;imprimer <strong>4 sujets au prix d&rsquo;1<\/strong>, maximisant l&rsquo;impact visuel tout en r\u00e9duisant les co\u00fbts.<br \/>\nLes cubes en papier non couch\u00e9 sont un excellent choix pour la communication d&rsquo;entreprise.<br \/>\nIls peuvent \u00eatre utilis\u00e9s comme cadeaux d&rsquo;entreprise originaux, mettant en valeur toute image de campagne publicitaire imprim\u00e9e sur les c\u00f4t\u00e9s, parfaits pour transmettre un message m\u00e9morable.<br \/>\nAvec une production minimale de 200 pcs, cette solution est id\u00e9ale pour les petites entreprises souhaitant exploiter au maximum le potentiel promotionnel du cube personnalis\u00e9, sans avoir \u00e0 commander de grandes quantit\u00e9s.<\/p>\n<h3><strong><span style=\"color: #ff6600;\">Pourquoi choisir nos cubes en papier personnalis\u00e9s de 9 cm ?<\/span><\/strong><\/h3>\n<ul>\n<li><strong>\u00c9cologique et durable :<\/strong> un objet personnalis\u00e9, utile et respectueux de l&rsquo;environnement, parfait pour les bureaux, les magasins ou tout espace de travail.<\/li>\n<li><strong>Comarketing et multibrand :<\/strong> avec 4 images diff\u00e9rentes sur les c\u00f4t\u00e9s, le cube est id\u00e9al pour les strat\u00e9gies de <strong>comarketing<\/strong> et les projets <strong>multibrand<\/strong>.<\/li>\n<li><strong>Personnalisation compl\u00e8te des c\u00f4t\u00e9s :<\/strong> impression num\u00e9rique haute d\u00e9finition (jusqu&rsquo;\u00e0 4 sujets diff\u00e9rents) avec un minimum de 200 pcs.<\/li>\n<li><strong>Personnalisation des post-it :<\/strong><br \/>\n&#8211; Impression de 1 \u00e0 2 couleurs \u00e0 partir de 500 pcs.<br \/>\n&#8211; Impression de 3 \u00e0 4 couleurs \u00e0 partir de 1000 pcs.<\/li>\n<li><strong>Tr\u00e8s durable :<\/strong> garantit une <strong>longue dur\u00e9e<\/strong> du message, avec jusqu&rsquo;\u00e0 900 arrachages (9 cm !) et un <strong>co\u00fbt\/contact avantageux<\/strong> pour votre publicit\u00e9.<\/li>\n<li><strong>Logo d&rsquo;entreprise toujours visible.<\/strong><\/li>\n<\/ul>\n<h3><span style=\"color: #ff6600;\"><strong>Caract\u00e9ristiques techniques des cubes en papier non couch\u00e9 de 9 cm<\/strong><\/span><\/h3>\n<h4>Format<\/h4>\n<ul>\n<li>Cube de 90\u00d790\u00d790 mm.<\/li>\n<\/ul>\n<h4>Options de papier<\/h4>\n<ul>\n<li>Papier non couch\u00e9 FSC<sup>\u00ae<\/sup> certifi\u00e9, 80 g\/m\u00b2, couleur blanche.<\/li>\n<li>Papier non couch\u00e9 recycl\u00e9.<\/li>\n<\/ul>\n<p><strong>Personnalisation des post-it<\/strong><\/p>\n<ul>\n<li>De 1 \u00e0 2 couleurs : impression offset (y compris Pantone) \u00e0 partir de 500 cubes.<\/li>\n<li>De 3 \u00e0 4 couleurs : impression offset (y compris Pantone) \u00e0 partir de 1000 cubes.<\/li>\n<\/ul>\n<p><strong>Personnalisation des c\u00f4t\u00e9s<\/strong><\/p>\n<ul>\n<li>Impression num\u00e9rique de haute qualit\u00e9 et d\u00e9finition.<\/li>\n<li>Jusqu&rsquo;\u00e0 <strong>4 sujets diff\u00e9rents<\/strong><\/li>\n<li>Impression \u00e0 fonds perdus sans marges blanches.<\/li>\n<li>\u00c9conomique, sans besoin de plaques !<\/li>\n<li>Minimum de 200 cubes.<\/li>\n<\/ul>\n<h4>Conditionnement<\/h4>\n<ul>\n<li>Cubes livr\u00e9s en bo\u00eetes de 18 pcs.<\/li>\n<li>Emballage individuel sous film transparent r\u00e9tractable.<\/li>\n<\/ul>\n<h6>Quantit\u00e9s minimales :<br \/>\n&#8211; 200 pcs : seulement impression sur les c\u00f4t\u00e9s, 4 images diff\u00e9rentes en couleurs.<br \/>\n&#8211; 500 pcs : impression des post-it en 1 ou 2 couleurs offset, impression sur les c\u00f4t\u00e9s jusqu&rsquo;\u00e0 4 sujets diff\u00e9rents.<br \/>\n&#8211; 1000 pcs : impression des post-it en 3 ou 4 couleurs offset, impression sur les c\u00f4t\u00e9s jusqu&rsquo;\u00e0 4 sujets diff\u00e9rents.<\/h6>\n<h3><span style=\"color: #ff6600;\"><strong>Production Proramillenote : les avantages d&rsquo;acheter directement chez le fabricant<\/strong><\/span><\/h3>\n<blockquote class=\"bq\"><p><strong>Conception, impression et conditionnement<\/strong> sont enti\u00e8rement r\u00e9alis\u00e9s en Italie par Proramillenote sur le site de production d&rsquo;Arcore (MB).<\/p>\n<ul>\n<li><strong>Avantage \u00e9conomique :<\/strong> aucun interm\u00e9diaire commercial.<\/li>\n<li><strong>Avantage en termes de d\u00e9lais :<\/strong> livraison en 3 semaines apr\u00e8s approbation de la maquette.<\/li>\n<li><strong>Avantage relationnel :<\/strong> relation directe avec des sp\u00e9cialistes pour des demandes sur mesure.<\/li>\n<li><strong>Avantage en conception :<\/strong> bureau graphique interne pour des maquettes personnalis\u00e9es et des ex\u00e9cutifs d&rsquo;impression.<\/li>\n<li><strong>Compl\u00e8tement Made in Italy<\/strong><\/li>\n<li><strong>Certification FSC<sup>\u00ae<\/sup> C204005 :<\/strong> id\u00e9al pour les entreprises exigeant une cha\u00eene de tra\u00e7abilit\u00e9.<\/li>\n<\/ul>\n<\/blockquote>\n<p>D\u00e9couvrez <a title=\"tous les cubes\" href=\"\/?product_tag=cubes-en-papier-personnalises\" target=\"_blank\" rel=\"noopener\">tous les cubes en papier<\/a><\/p>\n","protected":false},"excerpt":{"rendered":"<p>Cubes en papier personnalis\u00e9s 9 cm, personnalis\u00e9 avec impression de logo sur les post-it et impression num\u00e9rique sur les c\u00f4t\u00e9s. Id\u00e9al pour les promotions et le marketing multibrand, ce cube en papier de 9 cm permet d&rsquo;afficher 4 images diff\u00e9rentes sur les c\u00f4t\u00e9s.<\/p>\n","protected":false},"featured_media":71740,"template":"","meta":[],"product_brand":[5132],"product_cat":[94,641,280,638],"product_tag":[5518,5269],"class_list":{"0":"post-75920","1":"product","2":"type-product","3":"status-publish","4":"has-post-thumbnail","6":"product_brand-produzione-proramillenote","7":"product_cat-block-notes-personalizzati","8":"product_cat-costa-piu-di-2-euro","9":"product_cat-cubi-di-carta-usomano-personalizzati","10":"product_cat-consegna-3-settimane","11":"product_tag-cubi-di-carta-post-it-e-usomano","12":"product_tag-gadget-multibrand","13":"pa_stampa-fogli-cubi-usomano-1-colore-min-500-cubi-personalizzati","14":"pa_stampa-fogli-cubi-usomano-2-colori-min-500-cubi-personalizzati","15":"pa_stampa-fogli-cubi-usomano-3-colori-min-1000-cubi-personalizzati","16":"pa_stampa-fogli-cubi-usomano-4-colori-min-1000-cubi","17":"pa_stampa-fogli-cubi-usomano-nessuna-stampa-sui-fogli-meno-di-200-cubi-solo-stampa-lati","18":"pa_stampa-lati-numero-colori-stampa-digitale","19":"pa_stampa-lati-numero-soggetti-stampa-lati-1-soggetto","20":"pa_stampa-lati-numero-soggetti-stampa-lati-2-soggetti","21":"pa_stampa-lati-numero-soggetti-stampa-lati-3-soggetti","22":"pa_stampa-lati-numero-soggetti-stampa-lati-4-soggetti","23":"pa_tipo-di-carta-materiali-carta-usomano-fsc","24":"pa_tipo-di-carta-materiali-carta-usomano-riciclata","26":"first","27":"instock","28":"purchasable","29":"product-type-variable","30":"has-default-attributes"},"yoast_head":"<!-- This site is optimized with the Yoast SEO Premium plugin v27.3 (Yoast SEO v27.3) - https:\/\/yoast.com\/product\/yoast-seo-premium-wordpress\/ -->\n<title>Cubes en papier personnalis\u00e9s 9 cm logo sur feuilles et c\u00f4t\u00e9s<\/title>\n<meta name=\"description\" content=\"Cubes en papier 8 cm personnalis\u00e9s avec impression du logo sur les feuillets et les c\u00f4t\u00e9s. D\u00e9couvrez plus de 10 formats standards pour cubes et demi-cubes.\" \/>\n<meta name=\"robots\" content=\"index, follow, max-snippet:-1, max-image-preview:large, max-video-preview:-1\" \/>\n<link rel=\"canonical\" href=\"https:\/\/proramillenote.it\/fr\/cubes-en-papier-personnalises-90x90x90mm-sku-068\/\" \/>\n<meta property=\"og:locale\" content=\"fr_FR\" \/>\n<meta property=\"og:type\" content=\"article\" \/>\n<meta property=\"og:title\" content=\"Cubes en papier personnalis\u00e9s 9 cm logo sur feuilles et c\u00f4t\u00e9s\" \/>\n<meta property=\"og:description\" content=\"Cubes en papier 8 cm personnalis\u00e9s avec impression du logo sur les feuillets et les c\u00f4t\u00e9s. D\u00e9couvrez plus de 10 formats standards pour cubes et demi-cubes.\" \/>\n<meta property=\"og:url\" content=\"https:\/\/proramillenote.it\/fr\/cubes-en-papier-personnalises-90x90x90mm-sku-068\/\" \/>\n<meta property=\"og:site_name\" content=\"Gadgets d\u2019entreprise et post-it personnalis\u00e9s\" \/>\n<meta property=\"article:modified_time\" content=\"2025-11-20T11:56:11+00:00\" \/>\n<meta property=\"og:image\" content=\"https:\/\/proramillenote.it\/wp-content\/uploads\/Cubo_Vetoquinol-post-it-personalizzato-proramillenote.webp?wsr\" \/>\n\t<meta property=\"og:image:width\" content=\"600\" \/>\n\t<meta property=\"og:image:height\" content=\"600\" \/>\n\t<meta property=\"og:image:type\" content=\"image\/webp\" \/>\n<meta name=\"twitter:card\" content=\"summary_large_image\" \/>\n<script type=\"application\/ld+json\" class=\"yoast-schema-graph\">{\"@context\":\"https:\\\/\\\/schema.org\",\"@graph\":[{\"@type\":\"WebPage\",\"@id\":\"https:\\\/\\\/proramillenote.it\\\/fr\\\/cubes-en-papier-personnalises-90x90x90mm-sku-068\\\/\",\"url\":\"https:\\\/\\\/proramillenote.it\\\/fr\\\/cubes-en-papier-personnalises-90x90x90mm-sku-068\\\/\",\"name\":\"Cubes en papier personnalis\u00e9s 9 cm logo sur feuilles et c\u00f4t\u00e9s\",\"isPartOf\":{\"@id\":\"https:\\\/\\\/proramillenote.it\\\/fr\\\/#website\"},\"primaryImageOfPage\":{\"@id\":\"https:\\\/\\\/proramillenote.it\\\/fr\\\/cubes-en-papier-personnalises-90x90x90mm-sku-068\\\/#primaryimage\"},\"image\":{\"@id\":\"https:\\\/\\\/proramillenote.it\\\/fr\\\/cubes-en-papier-personnalises-90x90x90mm-sku-068\\\/#primaryimage\"},\"thumbnailUrl\":\"https:\\\/\\\/proramillenote.it\\\/wp-content\\\/uploads\\\/Cubo_Vetoquinol-post-it-personalizzato-proramillenote.webp?wsr\",\"datePublished\":\"2025-11-11T14:11:07+00:00\",\"dateModified\":\"2025-11-20T11:56:11+00:00\",\"description\":\"Cubes en papier 8 cm personnalis\u00e9s avec impression du logo sur les feuillets et les c\u00f4t\u00e9s. D\u00e9couvrez plus de 10 formats standards pour cubes et demi-cubes.\",\"breadcrumb\":{\"@id\":\"https:\\\/\\\/proramillenote.it\\\/fr\\\/cubes-en-papier-personnalises-90x90x90mm-sku-068\\\/#breadcrumb\"},\"inLanguage\":\"fr-FR\",\"potentialAction\":[{\"@type\":\"ReadAction\",\"target\":[\"https:\\\/\\\/proramillenote.it\\\/fr\\\/cubes-en-papier-personnalises-90x90x90mm-sku-068\\\/\"]}]},{\"@type\":\"ImageObject\",\"inLanguage\":\"fr-FR\",\"@id\":\"https:\\\/\\\/proramillenote.it\\\/fr\\\/cubes-en-papier-personnalises-90x90x90mm-sku-068\\\/#primaryimage\",\"url\":\"https:\\\/\\\/proramillenote.it\\\/wp-content\\\/uploads\\\/Cubo_Vetoquinol-post-it-personalizzato-proramillenote.webp?wsr\",\"contentUrl\":\"https:\\\/\\\/proramillenote.it\\\/wp-content\\\/uploads\\\/Cubo_Vetoquinol-post-it-personalizzato-proramillenote.webp?wsr\",\"width\":600,\"height\":600,\"caption\":\"Bloc-notes autocollants cube personnalis\u00e9s. Sujet Vetoquinol. Par proramillenote\"},{\"@type\":\"BreadcrumbList\",\"@id\":\"https:\\\/\\\/proramillenote.it\\\/fr\\\/cubes-en-papier-personnalises-90x90x90mm-sku-068\\\/#breadcrumb\",\"itemListElement\":[{\"@type\":\"ListItem\",\"position\":1,\"name\":\"Proramillenote\",\"item\":\"https:\\\/\\\/proramillenote.it\\\/fr\\\/\"},{\"@type\":\"ListItem\",\"position\":2,\"name\":\"Cubes en papier personnalis\u00e9s 90\u00d790\u00d790mm\"}]},{\"@type\":\"WebSite\",\"@id\":\"https:\\\/\\\/proramillenote.it\\\/fr\\\/#website\",\"url\":\"https:\\\/\\\/proramillenote.it\\\/fr\\\/\",\"name\":\"Proramillenote gadget aziendali e post-it personalizzati\",\"description\":\"Post-it personalizzati, block notes con logo e gadget aziendali per il marketing B2B. Specialisti in gadget promozionali per medici e aziende farmaceutiche.\",\"publisher\":{\"@id\":\"https:\\\/\\\/proramillenote.it\\\/fr\\\/#organization\"},\"alternateName\":\"Proramillenote\",\"potentialAction\":[{\"@type\":\"SearchAction\",\"target\":{\"@type\":\"EntryPoint\",\"urlTemplate\":\"https:\\\/\\\/proramillenote.it\\\/fr\\\/?s={search_term_string}\"},\"query-input\":{\"@type\":\"PropertyValueSpecification\",\"valueRequired\":true,\"valueName\":\"search_term_string\"}}],\"inLanguage\":\"fr-FR\"},{\"@type\":\"Organization\",\"@id\":\"https:\\\/\\\/proramillenote.it\\\/fr\\\/#organization\",\"name\":\"Proramillenote gadgets d\u2019entreprise et post-it personnalis\u00e9s\",\"alternateName\":\"Proramillenote\",\"url\":\"https:\\\/\\\/proramillenote.it\\\/fr\\\/\",\"logo\":{\"@type\":\"ImageObject\",\"inLanguage\":\"fr-FR\",\"@id\":\"https:\\\/\\\/proramillenote.it\\\/fr\\\/#\\\/schema\\\/logo\\\/image\\\/\",\"url\":\"https:\\\/\\\/proramillenote.it\\\/wp-content\\\/uploads\\\/papercube800.png?wsr\",\"contentUrl\":\"https:\\\/\\\/proramillenote.it\\\/wp-content\\\/uploads\\\/papercube800.png?wsr\",\"width\":800,\"height\":800,\"caption\":\"Proramillenote gadgets d\u2019entreprise et post-it personnalis\u00e9s\"},\"image\":{\"@id\":\"https:\\\/\\\/proramillenote.it\\\/fr\\\/#\\\/schema\\\/logo\\\/image\\\/\"},\"description\":\"\u2022 Specialista in produzione e commercio di gadget per medici e gadget per veterinari personalizzati. \u2022 Produzione di gadget aziendali per qualsiasi settore merceologico dal 1975. \u2022 Produttore di post-it personalizzati, post-it sagomati e cubi di carta personalizzati in stampa digitale oppure offset. Produttore di block-notes con logo. \u2022 Con cartotecnica creativa progettiamo KIT di post-it su misura, Made in Italy e di design italiano, insigniti del prestigioso premio europeo PGA Promotional Gift Award. \u2022 Concorso #Ossoduro \\\"Design di brand reminder da scrivania innovativi\\\" concepito per incoraggiare la creativit\u00e0 degli studenti di scuole secondarie di design e grafica. Annuale - Ed.7\u00b0 2024-2025. \u2022 Proramillenote \u00e8 produttore accreditato EUDAMED per la fornitura di DMClasse I \u2022 Proramillenote \u00e8 certificata FSC\u00ae Chain of custody.\",\"email\":\"customercare@proramillenote.it\",\"telephone\":\"+39 039616593\",\"legalName\":\"Proramillenote Srl\",\"foundingDate\":\"1972-01-01\",\"vatID\":\"10323920966\",\"taxID\":\"10323920966\",\"numberOfEmployees\":{\"@type\":\"QuantitativeValue\",\"minValue\":\"11\",\"maxValue\":\"50\"},\"publishingPrinciples\":\"https:\\\/\\\/proramillenote.it\\\/politica-su-etica\\\/\",\"ownershipFundingInfo\":\"https:\\\/\\\/proramillenote.it\\\/politica-su-etica\\\/\",\"actionableFeedbackPolicy\":\"https:\\\/\\\/proramillenote.it\\\/politica-su-etica\\\/\",\"correctionsPolicy\":\"https:\\\/\\\/proramillenote.it\\\/politica-su-etica\\\/\",\"ethicsPolicy\":\"https:\\\/\\\/proramillenote.it\\\/politica-su-etica\\\/\",\"diversityPolicy\":\"https:\\\/\\\/proramillenote.it\\\/politica-su-etica\\\/\",\"diversityStaffingReport\":\"https:\\\/\\\/proramillenote.it\\\/politica-su-etica\\\/\"}]}<\/script>\n<meta property=\"product:brand\" content=\"Proramillenote\" \/>\n<meta property=\"og:availability\" content=\"instock\" \/>\n<meta property=\"product:availability\" content=\"instock\" \/>\n<meta property=\"product:retailer_item_id\" content=\"068\" \/>\n<meta property=\"product:condition\" content=\"new\" \/>\n<!-- \/ Yoast SEO Premium plugin. -->","yoast_head_json":{"title":"Cubes en papier personnalis\u00e9s 9 cm logo sur feuilles et c\u00f4t\u00e9s","description":"Cubes en papier 8 cm personnalis\u00e9s avec impression du logo sur les feuillets et les c\u00f4t\u00e9s. D\u00e9couvrez plus de 10 formats standards pour cubes et demi-cubes.","robots":{"index":"index","follow":"follow","max-snippet":"max-snippet:-1","max-image-preview":"max-image-preview:large","max-video-preview":"max-video-preview:-1"},"canonical":"https:\/\/proramillenote.it\/fr\/cubes-en-papier-personnalises-90x90x90mm-sku-068\/","og_locale":"fr_FR","og_type":"article","og_title":"Cubes en papier personnalis\u00e9s 9 cm logo sur feuilles et c\u00f4t\u00e9s","og_description":"Cubes en papier 8 cm personnalis\u00e9s avec impression du logo sur les feuillets et les c\u00f4t\u00e9s. D\u00e9couvrez plus de 10 formats standards pour cubes et demi-cubes.","og_url":"https:\/\/proramillenote.it\/fr\/cubes-en-papier-personnalises-90x90x90mm-sku-068\/","og_site_name":"Gadgets d\u2019entreprise et post-it personnalis\u00e9s","article_modified_time":"2025-11-20T11:56:11+00:00","og_image":[{"width":600,"height":600,"url":"https:\/\/proramillenote.it\/wp-content\/uploads\/Cubo_Vetoquinol-post-it-personalizzato-proramillenote.webp?wsr","type":"image\/webp"}],"twitter_card":"summary_large_image","schema":{"@context":"https:\/\/schema.org","@graph":[{"@type":"WebPage","@id":"https:\/\/proramillenote.it\/fr\/cubes-en-papier-personnalises-90x90x90mm-sku-068\/","url":"https:\/\/proramillenote.it\/fr\/cubes-en-papier-personnalises-90x90x90mm-sku-068\/","name":"Cubes en papier personnalis\u00e9s 9 cm logo sur feuilles et c\u00f4t\u00e9s","isPartOf":{"@id":"https:\/\/proramillenote.it\/fr\/#website"},"primaryImageOfPage":{"@id":"https:\/\/proramillenote.it\/fr\/cubes-en-papier-personnalises-90x90x90mm-sku-068\/#primaryimage"},"image":{"@id":"https:\/\/proramillenote.it\/fr\/cubes-en-papier-personnalises-90x90x90mm-sku-068\/#primaryimage"},"thumbnailUrl":"https:\/\/proramillenote.it\/wp-content\/uploads\/Cubo_Vetoquinol-post-it-personalizzato-proramillenote.webp?wsr","datePublished":"2025-11-11T14:11:07+00:00","dateModified":"2025-11-20T11:56:11+00:00","description":"Cubes en papier 8 cm personnalis\u00e9s avec impression du logo sur les feuillets et les c\u00f4t\u00e9s. D\u00e9couvrez plus de 10 formats standards pour cubes et demi-cubes.","breadcrumb":{"@id":"https:\/\/proramillenote.it\/fr\/cubes-en-papier-personnalises-90x90x90mm-sku-068\/#breadcrumb"},"inLanguage":"fr-FR","potentialAction":[{"@type":"ReadAction","target":["https:\/\/proramillenote.it\/fr\/cubes-en-papier-personnalises-90x90x90mm-sku-068\/"]}]},{"@type":"ImageObject","inLanguage":"fr-FR","@id":"https:\/\/proramillenote.it\/fr\/cubes-en-papier-personnalises-90x90x90mm-sku-068\/#primaryimage","url":"https:\/\/proramillenote.it\/wp-content\/uploads\/Cubo_Vetoquinol-post-it-personalizzato-proramillenote.webp?wsr","contentUrl":"https:\/\/proramillenote.it\/wp-content\/uploads\/Cubo_Vetoquinol-post-it-personalizzato-proramillenote.webp?wsr","width":600,"height":600,"caption":"Bloc-notes autocollants cube personnalis\u00e9s. Sujet Vetoquinol. Par proramillenote"},{"@type":"BreadcrumbList","@id":"https:\/\/proramillenote.it\/fr\/cubes-en-papier-personnalises-90x90x90mm-sku-068\/#breadcrumb","itemListElement":[{"@type":"ListItem","position":1,"name":"Proramillenote","item":"https:\/\/proramillenote.it\/fr\/"},{"@type":"ListItem","position":2,"name":"Cubes en papier personnalis\u00e9s 90\u00d790\u00d790mm"}]},{"@type":"WebSite","@id":"https:\/\/proramillenote.it\/fr\/#website","url":"https:\/\/proramillenote.it\/fr\/","name":"Proramillenote gadget aziendali e post-it personalizzati","description":"Post-it personalizzati, block notes con logo e gadget aziendali per il marketing B2B. Specialisti in gadget promozionali per medici e aziende farmaceutiche.","publisher":{"@id":"https:\/\/proramillenote.it\/fr\/#organization"},"alternateName":"Proramillenote","potentialAction":[{"@type":"SearchAction","target":{"@type":"EntryPoint","urlTemplate":"https:\/\/proramillenote.it\/fr\/?s={search_term_string}"},"query-input":{"@type":"PropertyValueSpecification","valueRequired":true,"valueName":"search_term_string"}}],"inLanguage":"fr-FR"},{"@type":"Organization","@id":"https:\/\/proramillenote.it\/fr\/#organization","name":"Proramillenote gadgets d\u2019entreprise et post-it personnalis\u00e9s","alternateName":"Proramillenote","url":"https:\/\/proramillenote.it\/fr\/","logo":{"@type":"ImageObject","inLanguage":"fr-FR","@id":"https:\/\/proramillenote.it\/fr\/#\/schema\/logo\/image\/","url":"https:\/\/proramillenote.it\/wp-content\/uploads\/papercube800.png?wsr","contentUrl":"https:\/\/proramillenote.it\/wp-content\/uploads\/papercube800.png?wsr","width":800,"height":800,"caption":"Proramillenote gadgets d\u2019entreprise et post-it personnalis\u00e9s"},"image":{"@id":"https:\/\/proramillenote.it\/fr\/#\/schema\/logo\/image\/"},"description":"\u2022 Specialista in produzione e commercio di gadget per medici e gadget per veterinari personalizzati. \u2022 Produzione di gadget aziendali per qualsiasi settore merceologico dal 1975. \u2022 Produttore di post-it personalizzati, post-it sagomati e cubi di carta personalizzati in stampa digitale oppure offset. Produttore di block-notes con logo. \u2022 Con cartotecnica creativa progettiamo KIT di post-it su misura, Made in Italy e di design italiano, insigniti del prestigioso premio europeo PGA Promotional Gift Award. \u2022 Concorso #Ossoduro \"Design di brand reminder da scrivania innovativi\" concepito per incoraggiare la creativit\u00e0 degli studenti di scuole secondarie di design e grafica. Annuale - Ed.7\u00b0 2024-2025. \u2022 Proramillenote \u00e8 produttore accreditato EUDAMED per la fornitura di DMClasse I \u2022 Proramillenote \u00e8 certificata FSC\u00ae Chain of custody.","email":"customercare@proramillenote.it","telephone":"+39 039616593","legalName":"Proramillenote Srl","foundingDate":"1972-01-01","vatID":"10323920966","taxID":"10323920966","numberOfEmployees":{"@type":"QuantitativeValue","minValue":"11","maxValue":"50"},"publishingPrinciples":"https:\/\/proramillenote.it\/politica-su-etica\/","ownershipFundingInfo":"https:\/\/proramillenote.it\/politica-su-etica\/","actionableFeedbackPolicy":"https:\/\/proramillenote.it\/politica-su-etica\/","correctionsPolicy":"https:\/\/proramillenote.it\/politica-su-etica\/","ethicsPolicy":"https:\/\/proramillenote.it\/politica-su-etica\/","diversityPolicy":"https:\/\/proramillenote.it\/politica-su-etica\/","diversityStaffingReport":"https:\/\/proramillenote.it\/politica-su-etica\/"}]},"product_brand":"Proramillenote","og_availability":"instock","product_availability":"instock","product_retailer_item_id":"068","product_condition":"new"},"_links":{"self":[{"href":"https:\/\/proramillenote.it\/fr\/wp-json\/wp\/v2\/product\/75920","targetHints":{"allow":["GET"]}}],"collection":[{"href":"https:\/\/proramillenote.it\/fr\/wp-json\/wp\/v2\/product"}],"about":[{"href":"https:\/\/proramillenote.it\/fr\/wp-json\/wp\/v2\/types\/product"}],"version-history":[{"count":0,"href":"https:\/\/proramillenote.it\/fr\/wp-json\/wp\/v2\/product\/75920\/revisions"}],"wp:featuredmedia":[{"embeddable":true,"href":"https:\/\/proramillenote.it\/fr\/wp-json\/wp\/v2\/media\/71740"}],"wp:attachment":[{"href":"https:\/\/proramillenote.it\/fr\/wp-json\/wp\/v2\/media?parent=75920"}],"wp:term":[{"taxonomy":"product_brand","embeddable":true,"href":"https:\/\/proramillenote.it\/fr\/wp-json\/wp\/v2\/product_brand?post=75920"},{"taxonomy":"product_cat","embeddable":true,"href":"https:\/\/proramillenote.it\/fr\/wp-json\/wp\/v2\/product_cat?post=75920"},{"taxonomy":"product_tag","embeddable":true,"href":"https:\/\/proramillenote.it\/fr\/wp-json\/wp\/v2\/product_tag?post=75920"}],"curies":[{"name":"wp","href":"https:\/\/api.w.org\/{rel}","templated":true}]}}