{"id":76028,"date":"2025-11-21T09:14:19","date_gmt":"2025-11-21T08:14:19","guid":{"rendered":"https:\/\/proramillenote.it\/?post_type=product&#038;p=76028"},"modified":"2025-11-20T12:56:11","modified_gmt":"2025-11-20T11:56:11","slug":"cubes-en-papier-personnalises-98x98x98mm-sku-070","status":"publish","type":"product","link":"https:\/\/proramillenote.it\/fr\/cubes-en-papier-personnalises-98x98x98mm-sku-070\/","title":{"rendered":"Cubes en papier personnalis\u00e9s 98\u00d798\u00d798 mm"},"content":{"rendered":"<h2><strong>Si vous voulez vraiment tout, le cube de 10 cm en papier FSC<sup>\u00ae<\/sup><\/strong><strong> est fait pour vous<\/strong><\/h2>\n<p><img decoding=\"async\" class=\"wp-image-75811\" title=\"Cubes logo\" src=\"https:\/\/proramillenote.it\/wp-content\/uploads\/\/Cubi_logo-300x87.webp\" alt=\"Cubes logo\" width=\"250\" height=\"72\" srcset=\"https:\/\/proramillenote.it\/wp-content\/uploads\/Cubi_logo-300x87.webp 300w, https:\/\/proramillenote.it\/wp-content\/uploads\/Cubi_logo-600x174.webp 600w, https:\/\/proramillenote.it\/wp-content\/uploads\/Cubi_logo-768x223.webp 768w, https:\/\/proramillenote.it\/wp-content\/uploads\/Cubi_logo.webp 935w\" sizes=\"(max-width: 250px) 100vw, 250px\" \/><\/p>\n<h3>Dimensions maximales pour des images en haute d\u00e9finition et une dur\u00e9e de vie exceptionnelle<\/h3>\n<p>D\u00e9couvrez le cube en papier FSC<sup>\u00ae<\/sup> de 10 cm. Cet objet surprenant capte l&rsquo;attention gr\u00e2ce \u00e0 son format de 98\u00d798\u00d798 mm.<br \/>\nLaissez-vous s\u00e9duire par sa personnalisation gr\u00e2ce \u00e0 une impression num\u00e9rique haute qualit\u00e9 sur chaque face.<br \/>\nChaque face devient une toile de 98\u00d798 mm, id\u00e9ale pour votre logo et des images percutantes.<\/p>\n<p>Ce petit bijou promotionnel, compos\u00e9 de 1 000 feuilles, offre un impact visuel fort et une durabilit\u00e9 exceptionnelle.<br \/>\nSon co\u00fbt-contact r\u00e9duit en fait un choix id\u00e9al pour booster la visibilit\u00e9 de votre marque.<\/p>\n<h3>Le storytelling de votre campagne sur les faces du cube<\/h3>\n<p>Imaginez un cube racontant quatre histoires diff\u00e9rentes, une par face.<br \/>\nGr\u00e2ce \u00e0 l&rsquo;impression num\u00e9rique, vous imprimez quatre sujets pour le prix d&rsquo;un, sans besoin de dispositifs complexes.<br \/>\nLe cube en papier non couch\u00e9 devient l&rsquo;alli\u00e9 parfait pour votre communication d&rsquo;entreprise.<br \/>\nC&rsquo;est un cadeau m\u00e9morable et un outil efficace pour des campagnes r\u00e9ussies.<\/p>\n<h3><strong>Comarketing<\/strong> et <strong>publicit\u00e9 multimarque et multiproduit en un seul cube<\/strong><\/h3>\n<p>Avec une MQO de 200 pcs, m\u00eame les petites entreprises peuvent acc\u00e9der \u00e0 cet outil marketing puissant.<br \/>\n\u00c9cologique et durable, ce cube de 10 cm s&rsquo;int\u00e8gre parfaitement \u00e0 chaque bureau, comptoir ou atelier.<br \/>\nIl est id\u00e9al pour le comarketing et les campagnes multimarque ou multiproduits.<\/p>\n<p>\u00c0 partir de 500 pcs, vous pouvez imprimer sur les feuillets en 1 ou 2 couleurs.<br \/>\nOsez les graphiques en 3 ou 4 couleurs pour les feuillets \u00e0 partir de 1 000 pcs.<\/p>\n<h3>Gadget \u00e9cologique en papier recycl\u00e9 ou certifi\u00e9 FSC<sup>\u00ae<\/sup> C204005<\/h3>\n<p>Le cube en papier non couch\u00e9 est fabriqu\u00e9 avec du papier certifi\u00e9 FSC<sup>\u00ae<\/sup> C204005 de 80 g\/m\u00b2.<br \/>\nVous pouvez \u00e9galement le demander en papier recycl\u00e9.<br \/>\nD\u00e9couvrez la <a href=\"https:\/\/proramillenote.it\/fr\/difference-entre-le-papier-recycle-et-le-papier-fsc\/\">diff\u00e9rence entre le papier FSC et le papier recycl\u00e9<\/a>.<br \/>\nChaque cube incarne qualit\u00e9 et responsabilit\u00e9 environnementale !<\/p>\n<h3>Tous les avantages du Made in Italy<\/h3>\n<p>Proramillenote apporte l&rsquo;excellence italienne du Made in Italy dans chaque d\u00e9tail.<br \/>\nLa production s&rsquo;effectue enti\u00e8rement sur le site d&rsquo;Arcore (MB).<\/p>\n<p>De la validation de la maquette \u00e0 la production et \u00e0 la livraison, le processus ne prend que trois semaines.<br \/>\nProfitez des avantages \u00e9conomiques gr\u00e2ce \u00e0 l&rsquo;absence d&rsquo;interm\u00e9diaires et au support direct de nos experts, y compris un bureau graphique interne.<\/p>\n<p>Pr\u00e9parez-vous \u00e0 transformer votre communication avec nos cubes magiques !<br \/>\nExplorez toutes les possibilit\u00e9s et laissez libre cours \u00e0 votre cr\u00e9ativit\u00e9 dans les trois dimensions du cube en papier.<\/p>\n<h3><strong><span style=\"color: #ff6600;\">Quels avantages offre notre cube de 10 cm ?<\/span><\/strong><\/h3>\n<ul>\n<li><strong>\u00c9cologique et durable :<\/strong> le cube en papier est un gadget personnalis\u00e9, utile et respectueux de l&rsquo;environnement. Fabriqu\u00e9 en papier non couch\u00e9 de 80 g\/m\u00b2 certifi\u00e9 FSC<sup>\u00ae<\/sup> C204005, il est \u00e9galement disponible en papier recycl\u00e9. Parfait pour les bureaux et les magasins, il est pratique et appr\u00e9ci\u00e9 sur n&rsquo;importe quel bureau ou comptoir d&rsquo;atelier.<\/li>\n<li><strong>comarketing et multimarque :<\/strong> avec 4 images diff\u00e9rentes sur les faces (au prix d&rsquo;une), le cube est id\u00e9al pour les strat\u00e9gies de <strong>comarketing<\/strong> et les projets <strong>multimarque<\/strong>.<\/li>\n<li><strong>Enti\u00e8rement personnalisable sur les faces :<\/strong> impression num\u00e9rique haute d\u00e9finition (jusqu&rsquo;\u00e0 4 visuels diff\u00e9rents) avec une MQO de 200 cubes.<\/li>\n<li><strong>Personnalisation sur les feuillets :<\/strong><br \/>\n&#8211; Impression en 1 ou 2 couleurs \u00e0 partir de 500 cubes<br \/>\n&#8211; Impression en 3 ou 4 couleurs \u00e0 partir de 1 000 cubes<\/li>\n<li><span style=\"color: #ff6600;\"><strong>1 000 feuilles de notes :<\/strong><\/span> si vous souhaitez une <strong>dur\u00e9e de vie maximale<\/strong> pour votre message, les 1 000 feuillets composant le cube de 10 cm sont parfaits pour un <strong>co\u00fbt-contact avantageux<\/strong> pour votre publicit\u00e9.<\/li>\n<li><strong>Logo d&rsquo;entreprise toujours visible sur chaque bureau<\/strong><\/li>\n<\/ul>\n<h3><span style=\"color: #ff6600;\"><strong>Caract\u00e9ristiques techniques des cubes en papier non couch\u00e9 de 10 cm<\/strong><\/span><\/h3>\n<h4>Format<\/h4>\n<ul>\n<li>Cube en papier non couch\u00e9 de 98 \u00d7 98 \u00d7 98 mm<br \/>\nSi vous cherchez des post-it, d\u00e9couvrez nos <a href=\"https:\/\/proramillenote.it\/fr\/post-it-personnalise\/cubes-post-it-et-demi-cubes-post-it\/\">cubes post-it<\/a>.<\/li>\n<\/ul>\n<h4>Options de papier<\/h4>\n<ul>\n<li>Papier offset certifi\u00e9 FSC<sup>\u00ae<\/sup>, 80 g\/m\u00b2, couleur blanche<\/li>\n<li>Papier offset recycl\u00e9<\/li>\n<\/ul>\n<p><strong>Personnalisation des feuillets<\/strong><\/p>\n<ul>\n<li>1 ou 2 couleurs : impression offset (y compris Pantone) \u00e0 partir de 500 cubes<\/li>\n<li>3 ou 4 couleurs : impression offset (y compris Pantone) \u00e0 partir de 1 000 cubes<\/li>\n<\/ul>\n<p><strong>Personnalisation des faces<\/strong><\/p>\n<ul>\n<li>Impression num\u00e9rique de haute qualit\u00e9 et d\u00e9finition<\/li>\n<li>Jusqu&rsquo;\u00e0 <strong>4 visuels diff\u00e9rents<\/strong><\/li>\n<li>Impression sans marges blanches (\u00e0 fonds perdus)<\/li>\n<li>\u00c9conomique, sans besoin de plaques d&rsquo;impression !<\/li>\n<li>MQO 200 cubes<\/li>\n<\/ul>\n<h4>Conditionnement<\/h4>\n<ul>\n<li>Cubes livr\u00e9s en cartons de 18 pi\u00e8ces<\/li>\n<li>Conditionnement individuel sous film transparent r\u00e9tractable<\/li>\n<\/ul>\n<h6>Quantit\u00e9s minimales :<\/h6>\n<ul>\n<li>200 pi\u00e8ces : impression uniquement sur les faces, 4 visuels diff\u00e9rents en couleur<\/li>\n<li>500 pi\u00e8ces : impression des feuillets en 1 ou 2 couleurs offset, impression sur les faces jusqu&rsquo;\u00e0 4 visuels diff\u00e9rents<\/li>\n<li>1 000 pi\u00e8ces : impression des feuillets en 3 ou 4 couleurs offset, impression sur les faces jusqu&rsquo;\u00e0 4 visuels diff\u00e9rents<\/li>\n<\/ul>\n<h3><span style=\"color: #ff6600;\"><strong>Quels sont les avantages d&rsquo;acheter directement aupr\u00e8s du fabricant ?<\/strong><\/span><\/h3>\n<blockquote class=\"bq\"><p><strong>Conception, impression et conditionnement<\/strong> sont enti\u00e8rement r\u00e9alis\u00e9s en Italie par Proramillenote, sur le site de production d&rsquo;Arcore (MB).<\/p><\/blockquote>\n<ul>\n<li><strong>\u00c9conomiquement avantageux :<\/strong> aucun interm\u00e9diaire commercial.<\/li>\n<li><strong>Avantageux en termes de d\u00e9lais :<\/strong> livraison en 3 semaines apr\u00e8s validation du bon \u00e0 tirer.<\/li>\n<li><strong>Avantageux pour les relations :<\/strong> contact direct avec des sp\u00e9cialistes pour des demandes sur mesure.<\/li>\n<li><strong>Avantageux pour la conception :<\/strong> studio graphique interne pour maquettes personnalis\u00e9es et fichiers d&rsquo;impression pr\u00eats \u00e0 l&#8217;emploi.<\/li>\n<li><strong>100 % Made in Italy<\/strong><\/li>\n<li><strong>Certification FSC<sup>\u00ae<\/sup> C204005 :<\/strong> id\u00e9ale pour les entreprises certifi\u00e9es souhaitant pr\u00e9server la cha\u00eene de tra\u00e7abilit\u00e9.<\/li>\n<\/ul>\n<p>D\u00e9couvrez <a title=\"tous les cubes\" href=\"\/?product_tag=cubes-en-papier-personnalises\" target=\"_blank\" rel=\"noopener\">tous les cubes en papier<\/a><\/p>\n","protected":false},"excerpt":{"rendered":"<p>Cubes en papier personnalis\u00e9s 9 cm, personnalis\u00e9 avec impression de logo sur les post-it et impression num\u00e9rique sur les c\u00f4t\u00e9s. Id\u00e9al pour les promotions et le marketing multibrand, ce cube en papier de 9 cm permet d&rsquo;afficher 4 images diff\u00e9rentes sur les c\u00f4t\u00e9s.<\/p>\n","protected":false},"featured_media":71731,"template":"","meta":[],"product_brand":[5138],"product_cat":[5195,5235],"product_tag":[5520,1823],"class_list":{"0":"post-76028","1":"product","2":"type-product","3":"status-publish","4":"has-post-thumbnail","6":"product_brand-fabricant-proramillenote","7":"product_cat-cout-entre-1-et-2-euros","8":"product_cat-livraison-en-4-semaines","9":"product_tag-cubes-en-papier","10":"product_tag-multibrand","11":"pa_stampa-fogli-cubi-usomano-1-couleur-minimum-500-cubes","12":"pa_stampa-fogli-cubi-usomano-2-couleurs-mqo-500-cubes","13":"pa_stampa-fogli-cubi-usomano-3-couleurs-mqo-500-cubes","14":"pa_stampa-fogli-cubi-usomano-4-couleurs-mqo-500-cubes-fr","15":"pa_stampa-fogli-cubi-usomano-pas-dimpression-sur-les-feuilles-moq-200-cubes-impression-sur-les-cotes","16":"pa_stampa-lati-numero-colori-impression-numerique-sur-les-cotes","17":"pa_stampa-lati-numero-soggetti-impression-cotes-1-sujet","18":"pa_stampa-lati-numero-soggetti-impression-cotes-2-sujets","19":"pa_stampa-lati-numero-soggetti-impression-cotes-3-sujets","20":"pa_stampa-lati-numero-soggetti-impression-cotes-4-sujets","21":"pa_tipo-di-carta-materiali-papier-fsc","22":"pa_tipo-di-carta-materiali-papier-moule-recycle","24":"first","25":"instock","26":"purchasable","27":"product-type-variable","28":"has-default-attributes"},"yoast_head":"<!-- This site is optimized with the Yoast SEO Premium plugin v27.3 (Yoast SEO v27.3) - https:\/\/yoast.com\/product\/yoast-seo-premium-wordpress\/ -->\n<title>Cubes en papier personnalis\u00e9s 10 cm logo sur feuilles et c\u00f4t\u00e9s<\/title>\n<meta name=\"description\" content=\"Cubes en papier 10 cm personnalis\u00e9s avec impression du logo sur les feuillets et les c\u00f4t\u00e9s. D\u00e9couvrez plus de 10 formats standards pour cubes et demi-cubes.\" \/>\n<meta name=\"robots\" content=\"index, follow, max-snippet:-1, max-image-preview:large, max-video-preview:-1\" \/>\n<link rel=\"canonical\" href=\"https:\/\/proramillenote.it\/fr\/cubes-en-papier-personnalises-98x98x98mm-sku-070\/\" \/>\n<meta property=\"og:locale\" content=\"fr_FR\" \/>\n<meta property=\"og:type\" content=\"article\" \/>\n<meta property=\"og:title\" content=\"Cubes en papier personnalis\u00e9s 10 cm logo sur feuilles et c\u00f4t\u00e9s\" \/>\n<meta property=\"og:description\" content=\"Cubes en papier 10 cm personnalis\u00e9s avec impression du logo sur les feuillets et les c\u00f4t\u00e9s. D\u00e9couvrez plus de 10 formats standards pour cubes et demi-cubes.\" \/>\n<meta property=\"og:url\" content=\"https:\/\/proramillenote.it\/fr\/cubes-en-papier-personnalises-98x98x98mm-sku-070\/\" \/>\n<meta property=\"og:site_name\" content=\"Gadgets d\u2019entreprise et post-it personnalis\u00e9s\" \/>\n<meta property=\"og:image\" content=\"https:\/\/proramillenote.it\/wp-content\/uploads\/Cubo_Pulse-post-it-personalizzato-proramillenote.webp?wsr\" \/>\n\t<meta property=\"og:image:width\" content=\"600\" \/>\n\t<meta property=\"og:image:height\" content=\"600\" \/>\n\t<meta property=\"og:image:type\" content=\"image\/webp\" \/>\n<meta name=\"twitter:card\" content=\"summary_large_image\" \/>\n<script type=\"application\/ld+json\" class=\"yoast-schema-graph\">{\"@context\":\"https:\\\/\\\/schema.org\",\"@graph\":[{\"@type\":\"WebPage\",\"@id\":\"https:\\\/\\\/proramillenote.it\\\/fr\\\/cubes-en-papier-personnalises-98x98x98mm-sku-070\\\/\",\"url\":\"https:\\\/\\\/proramillenote.it\\\/fr\\\/cubes-en-papier-personnalises-98x98x98mm-sku-070\\\/\",\"name\":\"Cubes en papier personnalis\u00e9s 10 cm logo sur feuilles et c\u00f4t\u00e9s\",\"isPartOf\":{\"@id\":\"https:\\\/\\\/proramillenote.it\\\/fr\\\/#website\"},\"primaryImageOfPage\":{\"@id\":\"https:\\\/\\\/proramillenote.it\\\/fr\\\/cubes-en-papier-personnalises-98x98x98mm-sku-070\\\/#primaryimage\"},\"image\":{\"@id\":\"https:\\\/\\\/proramillenote.it\\\/fr\\\/cubes-en-papier-personnalises-98x98x98mm-sku-070\\\/#primaryimage\"},\"thumbnailUrl\":\"https:\\\/\\\/proramillenote.it\\\/wp-content\\\/uploads\\\/Cubo_Pulse-post-it-personalizzato-proramillenote.webp?wsr\",\"datePublished\":\"2025-11-21T08:14:19+00:00\",\"description\":\"Cubes en papier 10 cm personnalis\u00e9s avec impression du logo sur les feuillets et les c\u00f4t\u00e9s. D\u00e9couvrez plus de 10 formats standards pour cubes et demi-cubes.\",\"breadcrumb\":{\"@id\":\"https:\\\/\\\/proramillenote.it\\\/fr\\\/cubes-en-papier-personnalises-98x98x98mm-sku-070\\\/#breadcrumb\"},\"inLanguage\":\"fr-FR\",\"potentialAction\":[{\"@type\":\"ReadAction\",\"target\":[\"https:\\\/\\\/proramillenote.it\\\/fr\\\/cubes-en-papier-personnalises-98x98x98mm-sku-070\\\/\"]}]},{\"@type\":\"ImageObject\",\"inLanguage\":\"fr-FR\",\"@id\":\"https:\\\/\\\/proramillenote.it\\\/fr\\\/cubes-en-papier-personnalises-98x98x98mm-sku-070\\\/#primaryimage\",\"url\":\"https:\\\/\\\/proramillenote.it\\\/wp-content\\\/uploads\\\/Cubo_Pulse-post-it-personalizzato-proramillenote.webp?wsr\",\"contentUrl\":\"https:\\\/\\\/proramillenote.it\\\/wp-content\\\/uploads\\\/Cubo_Pulse-post-it-personalizzato-proramillenote.webp?wsr\",\"width\":600,\"height\":600,\"caption\":\"Cube de notes autocollantes promotionnelles sujet ReuteralPet producteur Proramillenote\"},{\"@type\":\"BreadcrumbList\",\"@id\":\"https:\\\/\\\/proramillenote.it\\\/fr\\\/cubes-en-papier-personnalises-98x98x98mm-sku-070\\\/#breadcrumb\",\"itemListElement\":[{\"@type\":\"ListItem\",\"position\":1,\"name\":\"Proramillenote\",\"item\":\"https:\\\/\\\/proramillenote.it\\\/fr\\\/\"},{\"@type\":\"ListItem\",\"position\":2,\"name\":\"Cubes en papier personnalis\u00e9s 98\u00d798\u00d798 mm\"}]},{\"@type\":\"WebSite\",\"@id\":\"https:\\\/\\\/proramillenote.it\\\/fr\\\/#website\",\"url\":\"https:\\\/\\\/proramillenote.it\\\/fr\\\/\",\"name\":\"Proramillenote gadget aziendali e post-it personalizzati\",\"description\":\"Post-it personalizzati, block notes con logo e gadget aziendali per il marketing B2B. Specialisti in gadget promozionali per medici e aziende farmaceutiche.\",\"publisher\":{\"@id\":\"https:\\\/\\\/proramillenote.it\\\/fr\\\/#organization\"},\"alternateName\":\"Proramillenote\",\"potentialAction\":[{\"@type\":\"SearchAction\",\"target\":{\"@type\":\"EntryPoint\",\"urlTemplate\":\"https:\\\/\\\/proramillenote.it\\\/fr\\\/?s={search_term_string}\"},\"query-input\":{\"@type\":\"PropertyValueSpecification\",\"valueRequired\":true,\"valueName\":\"search_term_string\"}}],\"inLanguage\":\"fr-FR\"},{\"@type\":\"Organization\",\"@id\":\"https:\\\/\\\/proramillenote.it\\\/fr\\\/#organization\",\"name\":\"Proramillenote gadgets d\u2019entreprise et post-it personnalis\u00e9s\",\"alternateName\":\"Proramillenote\",\"url\":\"https:\\\/\\\/proramillenote.it\\\/fr\\\/\",\"logo\":{\"@type\":\"ImageObject\",\"inLanguage\":\"fr-FR\",\"@id\":\"https:\\\/\\\/proramillenote.it\\\/fr\\\/#\\\/schema\\\/logo\\\/image\\\/\",\"url\":\"https:\\\/\\\/proramillenote.it\\\/wp-content\\\/uploads\\\/papercube800.png?wsr\",\"contentUrl\":\"https:\\\/\\\/proramillenote.it\\\/wp-content\\\/uploads\\\/papercube800.png?wsr\",\"width\":800,\"height\":800,\"caption\":\"Proramillenote gadgets d\u2019entreprise et post-it personnalis\u00e9s\"},\"image\":{\"@id\":\"https:\\\/\\\/proramillenote.it\\\/fr\\\/#\\\/schema\\\/logo\\\/image\\\/\"},\"description\":\"\u2022 Specialista in produzione e commercio di gadget per medici e gadget per veterinari personalizzati. \u2022 Produzione di gadget aziendali per qualsiasi settore merceologico dal 1975. \u2022 Produttore di post-it personalizzati, post-it sagomati e cubi di carta personalizzati in stampa digitale oppure offset. Produttore di block-notes con logo. \u2022 Con cartotecnica creativa progettiamo KIT di post-it su misura, Made in Italy e di design italiano, insigniti del prestigioso premio europeo PGA Promotional Gift Award. \u2022 Concorso #Ossoduro \\\"Design di brand reminder da scrivania innovativi\\\" concepito per incoraggiare la creativit\u00e0 degli studenti di scuole secondarie di design e grafica. Annuale - Ed.7\u00b0 2024-2025. \u2022 Proramillenote \u00e8 produttore accreditato EUDAMED per la fornitura di DMClasse I \u2022 Proramillenote \u00e8 certificata FSC\u00ae Chain of custody.\",\"email\":\"customercare@proramillenote.it\",\"telephone\":\"+39 039616593\",\"legalName\":\"Proramillenote Srl\",\"foundingDate\":\"1972-01-01\",\"vatID\":\"10323920966\",\"taxID\":\"10323920966\",\"numberOfEmployees\":{\"@type\":\"QuantitativeValue\",\"minValue\":\"11\",\"maxValue\":\"50\"},\"publishingPrinciples\":\"https:\\\/\\\/proramillenote.it\\\/politica-su-etica\\\/\",\"ownershipFundingInfo\":\"https:\\\/\\\/proramillenote.it\\\/politica-su-etica\\\/\",\"actionableFeedbackPolicy\":\"https:\\\/\\\/proramillenote.it\\\/politica-su-etica\\\/\",\"correctionsPolicy\":\"https:\\\/\\\/proramillenote.it\\\/politica-su-etica\\\/\",\"ethicsPolicy\":\"https:\\\/\\\/proramillenote.it\\\/politica-su-etica\\\/\",\"diversityPolicy\":\"https:\\\/\\\/proramillenote.it\\\/politica-su-etica\\\/\",\"diversityStaffingReport\":\"https:\\\/\\\/proramillenote.it\\\/politica-su-etica\\\/\"}]}<\/script>\n<meta property=\"product:brand\" content=\"Fabricant Proramillenote\" \/>\n<meta property=\"og:availability\" content=\"instock\" \/>\n<meta property=\"product:availability\" content=\"instock\" \/>\n<meta property=\"product:retailer_item_id\" content=\"070\" \/>\n<meta property=\"product:condition\" content=\"new\" \/>\n<!-- \/ Yoast SEO Premium plugin. -->","yoast_head_json":{"title":"Cubes en papier personnalis\u00e9s 10 cm logo sur feuilles et c\u00f4t\u00e9s","description":"Cubes en papier 10 cm personnalis\u00e9s avec impression du logo sur les feuillets et les c\u00f4t\u00e9s. D\u00e9couvrez plus de 10 formats standards pour cubes et demi-cubes.","robots":{"index":"index","follow":"follow","max-snippet":"max-snippet:-1","max-image-preview":"max-image-preview:large","max-video-preview":"max-video-preview:-1"},"canonical":"https:\/\/proramillenote.it\/fr\/cubes-en-papier-personnalises-98x98x98mm-sku-070\/","og_locale":"fr_FR","og_type":"article","og_title":"Cubes en papier personnalis\u00e9s 10 cm logo sur feuilles et c\u00f4t\u00e9s","og_description":"Cubes en papier 10 cm personnalis\u00e9s avec impression du logo sur les feuillets et les c\u00f4t\u00e9s. D\u00e9couvrez plus de 10 formats standards pour cubes et demi-cubes.","og_url":"https:\/\/proramillenote.it\/fr\/cubes-en-papier-personnalises-98x98x98mm-sku-070\/","og_site_name":"Gadgets d\u2019entreprise et post-it personnalis\u00e9s","og_image":[{"width":600,"height":600,"url":"https:\/\/proramillenote.it\/wp-content\/uploads\/Cubo_Pulse-post-it-personalizzato-proramillenote.webp?wsr","type":"image\/webp"}],"twitter_card":"summary_large_image","schema":{"@context":"https:\/\/schema.org","@graph":[{"@type":"WebPage","@id":"https:\/\/proramillenote.it\/fr\/cubes-en-papier-personnalises-98x98x98mm-sku-070\/","url":"https:\/\/proramillenote.it\/fr\/cubes-en-papier-personnalises-98x98x98mm-sku-070\/","name":"Cubes en papier personnalis\u00e9s 10 cm logo sur feuilles et c\u00f4t\u00e9s","isPartOf":{"@id":"https:\/\/proramillenote.it\/fr\/#website"},"primaryImageOfPage":{"@id":"https:\/\/proramillenote.it\/fr\/cubes-en-papier-personnalises-98x98x98mm-sku-070\/#primaryimage"},"image":{"@id":"https:\/\/proramillenote.it\/fr\/cubes-en-papier-personnalises-98x98x98mm-sku-070\/#primaryimage"},"thumbnailUrl":"https:\/\/proramillenote.it\/wp-content\/uploads\/Cubo_Pulse-post-it-personalizzato-proramillenote.webp?wsr","datePublished":"2025-11-21T08:14:19+00:00","description":"Cubes en papier 10 cm personnalis\u00e9s avec impression du logo sur les feuillets et les c\u00f4t\u00e9s. D\u00e9couvrez plus de 10 formats standards pour cubes et demi-cubes.","breadcrumb":{"@id":"https:\/\/proramillenote.it\/fr\/cubes-en-papier-personnalises-98x98x98mm-sku-070\/#breadcrumb"},"inLanguage":"fr-FR","potentialAction":[{"@type":"ReadAction","target":["https:\/\/proramillenote.it\/fr\/cubes-en-papier-personnalises-98x98x98mm-sku-070\/"]}]},{"@type":"ImageObject","inLanguage":"fr-FR","@id":"https:\/\/proramillenote.it\/fr\/cubes-en-papier-personnalises-98x98x98mm-sku-070\/#primaryimage","url":"https:\/\/proramillenote.it\/wp-content\/uploads\/Cubo_Pulse-post-it-personalizzato-proramillenote.webp?wsr","contentUrl":"https:\/\/proramillenote.it\/wp-content\/uploads\/Cubo_Pulse-post-it-personalizzato-proramillenote.webp?wsr","width":600,"height":600,"caption":"Cube de notes autocollantes promotionnelles sujet ReuteralPet producteur Proramillenote"},{"@type":"BreadcrumbList","@id":"https:\/\/proramillenote.it\/fr\/cubes-en-papier-personnalises-98x98x98mm-sku-070\/#breadcrumb","itemListElement":[{"@type":"ListItem","position":1,"name":"Proramillenote","item":"https:\/\/proramillenote.it\/fr\/"},{"@type":"ListItem","position":2,"name":"Cubes en papier personnalis\u00e9s 98\u00d798\u00d798 mm"}]},{"@type":"WebSite","@id":"https:\/\/proramillenote.it\/fr\/#website","url":"https:\/\/proramillenote.it\/fr\/","name":"Proramillenote gadget aziendali e post-it personalizzati","description":"Post-it personalizzati, block notes con logo e gadget aziendali per il marketing B2B. Specialisti in gadget promozionali per medici e aziende farmaceutiche.","publisher":{"@id":"https:\/\/proramillenote.it\/fr\/#organization"},"alternateName":"Proramillenote","potentialAction":[{"@type":"SearchAction","target":{"@type":"EntryPoint","urlTemplate":"https:\/\/proramillenote.it\/fr\/?s={search_term_string}"},"query-input":{"@type":"PropertyValueSpecification","valueRequired":true,"valueName":"search_term_string"}}],"inLanguage":"fr-FR"},{"@type":"Organization","@id":"https:\/\/proramillenote.it\/fr\/#organization","name":"Proramillenote gadgets d\u2019entreprise et post-it personnalis\u00e9s","alternateName":"Proramillenote","url":"https:\/\/proramillenote.it\/fr\/","logo":{"@type":"ImageObject","inLanguage":"fr-FR","@id":"https:\/\/proramillenote.it\/fr\/#\/schema\/logo\/image\/","url":"https:\/\/proramillenote.it\/wp-content\/uploads\/papercube800.png?wsr","contentUrl":"https:\/\/proramillenote.it\/wp-content\/uploads\/papercube800.png?wsr","width":800,"height":800,"caption":"Proramillenote gadgets d\u2019entreprise et post-it personnalis\u00e9s"},"image":{"@id":"https:\/\/proramillenote.it\/fr\/#\/schema\/logo\/image\/"},"description":"\u2022 Specialista in produzione e commercio di gadget per medici e gadget per veterinari personalizzati. \u2022 Produzione di gadget aziendali per qualsiasi settore merceologico dal 1975. \u2022 Produttore di post-it personalizzati, post-it sagomati e cubi di carta personalizzati in stampa digitale oppure offset. Produttore di block-notes con logo. \u2022 Con cartotecnica creativa progettiamo KIT di post-it su misura, Made in Italy e di design italiano, insigniti del prestigioso premio europeo PGA Promotional Gift Award. \u2022 Concorso #Ossoduro \"Design di brand reminder da scrivania innovativi\" concepito per incoraggiare la creativit\u00e0 degli studenti di scuole secondarie di design e grafica. Annuale - Ed.7\u00b0 2024-2025. \u2022 Proramillenote \u00e8 produttore accreditato EUDAMED per la fornitura di DMClasse I \u2022 Proramillenote \u00e8 certificata FSC\u00ae Chain of custody.","email":"customercare@proramillenote.it","telephone":"+39 039616593","legalName":"Proramillenote Srl","foundingDate":"1972-01-01","vatID":"10323920966","taxID":"10323920966","numberOfEmployees":{"@type":"QuantitativeValue","minValue":"11","maxValue":"50"},"publishingPrinciples":"https:\/\/proramillenote.it\/politica-su-etica\/","ownershipFundingInfo":"https:\/\/proramillenote.it\/politica-su-etica\/","actionableFeedbackPolicy":"https:\/\/proramillenote.it\/politica-su-etica\/","correctionsPolicy":"https:\/\/proramillenote.it\/politica-su-etica\/","ethicsPolicy":"https:\/\/proramillenote.it\/politica-su-etica\/","diversityPolicy":"https:\/\/proramillenote.it\/politica-su-etica\/","diversityStaffingReport":"https:\/\/proramillenote.it\/politica-su-etica\/"}]},"product_brand":"Fabricant Proramillenote","og_availability":"instock","product_availability":"instock","product_retailer_item_id":"070","product_condition":"new"},"_links":{"self":[{"href":"https:\/\/proramillenote.it\/fr\/wp-json\/wp\/v2\/product\/76028","targetHints":{"allow":["GET"]}}],"collection":[{"href":"https:\/\/proramillenote.it\/fr\/wp-json\/wp\/v2\/product"}],"about":[{"href":"https:\/\/proramillenote.it\/fr\/wp-json\/wp\/v2\/types\/product"}],"version-history":[{"count":0,"href":"https:\/\/proramillenote.it\/fr\/wp-json\/wp\/v2\/product\/76028\/revisions"}],"wp:featuredmedia":[{"embeddable":true,"href":"https:\/\/proramillenote.it\/fr\/wp-json\/wp\/v2\/media\/71731"}],"wp:attachment":[{"href":"https:\/\/proramillenote.it\/fr\/wp-json\/wp\/v2\/media?parent=76028"}],"wp:term":[{"taxonomy":"product_brand","embeddable":true,"href":"https:\/\/proramillenote.it\/fr\/wp-json\/wp\/v2\/product_brand?post=76028"},{"taxonomy":"product_cat","embeddable":true,"href":"https:\/\/proramillenote.it\/fr\/wp-json\/wp\/v2\/product_cat?post=76028"},{"taxonomy":"product_tag","embeddable":true,"href":"https:\/\/proramillenote.it\/fr\/wp-json\/wp\/v2\/product_tag?post=76028"}],"curies":[{"name":"wp","href":"https:\/\/api.w.org\/{rel}","templated":true}]}}